{"id":14912,"date":"2025-02-18T16:40:14","date_gmt":"2025-02-18T13:40:14","guid":{"rendered":"https:\/\/ceoparts.com\/?post_type=product&#038;p=14912"},"modified":"2026-05-16T17:56:58","modified_gmt":"2026-05-16T14:56:58","slug":"still-fmx17-alt-potansiometre-1153608911","status":"publish","type":"product","link":"https:\/\/ceoparts.com\/tr\/urun\/still-fmx17-alt-potansiometre-1153608911\/","title":{"rendered":"Still Fmx17 Alt Potansiometre &#8211; 1153608911"},"content":{"rendered":"<p>Still Fmx17 Alt Potansiometre &#8211; 1153608911<\/p>\n<p>FM-X<br \/>\nMX-X<br \/>\nGX-X<br \/>\nEK-X_2131<br \/>\nFM-X NG<\/p>\n<p>VE LINDE FORKL\u0130FTLERE T\u0130P<\/p>\n<p>R14X\/R16X\/R17X\/R17XHD-03 116-03<br \/>\nR10C\/R12C\/R14C\/-11 115-11<br \/>\nR10G\/R14G\/16\/16G\/20\/20G\/-12 115-12<br \/>\nR10\/12\/14\/16\/20\/25 1120-01<\/p>","protected":false},"excerpt":{"rendered":"<p data-start=\"0\" data-end=\"300\"><br data-start=\"5\" data-end=\"8\" \/>Forklift uygulamalar\u0131nda kullan\u0131lan <strong data-start=\"44\" data-end=\"77\">Still FMX17 Alt Potansiometre<\/strong>, forklift kumanda sisteminde kontrol kollar\u0131n\u0131n alt b\u00f6l\u00fcm\u00fcnde hareket alg\u0131lama ve sinyal iletimi i\u00e7in kullan\u0131lan hassas ve g\u00fcvenilir bir sens\u00f6rd\u00fcr. Dayan\u0131kl\u0131 yap\u0131s\u0131 sayesinde uzun \u00f6m\u00fcrl\u00fc kullan\u0131m ve g\u00fcvenli \u00e7al\u0131\u015fma sa\u011flar.<\/p>\n<p data-start=\"302\" data-end=\"603\"><strong data-start=\"302\" data-end=\"317\">\u00d6zellikler:<\/strong><br data-start=\"317\" data-end=\"320\" \/><strong data-start=\"320\" data-end=\"333\">\u00dcr\u00fcn Ad\u0131:<\/strong> Still FMX17 Alt Potansiometre<br data-start=\"363\" data-end=\"366\" \/><strong data-start=\"366\" data-end=\"381\">Par\u00e7a Kodu:<\/strong> 1153608911<br data-start=\"392\" data-end=\"395\" \/><strong data-start=\"395\" data-end=\"407\">Malzeme:<\/strong> Elektronik sens\u00f6r mod\u00fcl\u00fc ve dayan\u0131kl\u0131 bile\u015fenler<br data-start=\"456\" data-end=\"459\" \/><strong data-start=\"459\" data-end=\"478\">Kullan\u0131m Alan\u0131:<\/strong> Still FMX17 forklift kontrol kollar\u0131 alt sistemleri<br data-start=\"530\" data-end=\"533\" \/><strong data-start=\"533\" data-end=\"545\">Avantaj:<\/strong> Hassas alg\u0131lama, g\u00fcvenilir performans, uzun \u00f6m\u00fcrl\u00fc yap\u0131<\/p>\n<p data-start=\"605\" data-end=\"877\">\n","protected":false},"featured_media":14914,"template":"","meta":[],"product_brand":[],"product_cat":[241,470,524],"product_tag":[],"class_list":{"0":"post-14912","1":"product","2":"type-product","3":"status-publish","4":"has-post-thumbnail","6":"product_cat-still","7":"product_cat-diger-yedek-parcalar","8":"product_cat-yedek-parca-still","10":"first","11":"instock","12":"taxable","13":"shipping-taxable","14":"purchasable","15":"product-type-simple"},"_links":{"self":[{"href":"https:\/\/ceoparts.com\/tr\/wp-json\/wp\/v2\/product\/14912","targetHints":{"allow":["GET"]}}],"collection":[{"href":"https:\/\/ceoparts.com\/tr\/wp-json\/wp\/v2\/product"}],"about":[{"href":"https:\/\/ceoparts.com\/tr\/wp-json\/wp\/v2\/types\/product"}],"wp:featuredmedia":[{"embeddable":true,"href":"https:\/\/ceoparts.com\/tr\/wp-json\/wp\/v2\/media\/14914"}],"wp:attachment":[{"href":"https:\/\/ceoparts.com\/tr\/wp-json\/wp\/v2\/media?parent=14912"}],"wp:term":[{"taxonomy":"product_brand","embeddable":true,"href":"https:\/\/ceoparts.com\/tr\/wp-json\/wp\/v2\/product_brand?post=14912"},{"taxonomy":"product_cat","embeddable":true,"href":"https:\/\/ceoparts.com\/tr\/wp-json\/wp\/v2\/product_cat?post=14912"},{"taxonomy":"product_tag","embeddable":true,"href":"https:\/\/ceoparts.com\/tr\/wp-json\/wp\/v2\/product_tag?post=14912"}],"curies":[{"name":"wp","href":"https:\/\/api.w.org\/{rel}","templated":true}]}}