{"id":14920,"date":"2025-02-18T16:51:44","date_gmt":"2025-02-18T13:51:44","guid":{"rendered":"https:\/\/ceoparts.com\/?post_type=product&#038;p=14920"},"modified":"2026-05-16T15:33:15","modified_gmt":"2026-05-16T12:33:15","slug":"linde-t-serisi-kafa-karti-3093607019","status":"publish","type":"product","link":"https:\/\/ceoparts.com\/tr\/urun\/linde-t-serisi-kafa-karti-3093607019\/","title":{"rendered":"Linde T Serisi Kafa Kart\u0131 &#8211; 3093607019"},"content":{"rendered":"<p>Linde T Serisi Kafa Kart\u0131 &#8211; 3093607019<\/p>\n<p>1110 V08-01\/V08-02<br \/>\n1111 N20VI &#8211; N20VLI<br \/>\n1170 L06\/10\/12\/16AC<br \/>\n1189 P30C\/P50C<br \/>\n1190 P30C\/P50C<br \/>\n131 T20AP\/T20SP<br \/>\n131 T30<br \/>\n131 L14\/16AS<br \/>\n131 P50<br \/>\n132 N20\/N24\/N20L\/N20LI<br \/>\n132 P30<br \/>\n133 L12\/L14-L12L\/L14L-L12LHP<br \/>\n372 L14\/16\/L14AP\/16AP<\/p>","protected":false},"excerpt":{"rendered":"<p data-start=\"0\" data-end=\"304\"><br data-start=\"5\" data-end=\"8\" \/>Forklift uygulamalar\u0131nda kullan\u0131lan <strong data-start=\"44\" data-end=\"73\">Linde T Serisi Kafa Kart\u0131<\/strong>, forklift kumanda kolu \u00fczerindeki elektronik kontrol sinyallerini okuyup kontrol \u00fcnitesine aktaran \u00f6nemli bir devre kart\u0131d\u0131r. Y\u00fcksek kaliteli bile\u015fenleri ve sa\u011flam yap\u0131s\u0131 ile forkliftin g\u00fcvenli ve verimli \u00e7al\u0131\u015fmas\u0131na katk\u0131 sa\u011flar.<\/p>\n<p data-start=\"306\" data-end=\"605\"><strong data-start=\"306\" data-end=\"321\">\u00d6zellikler:<\/strong><br data-start=\"321\" data-end=\"324\" \/><strong data-start=\"324\" data-end=\"337\">\u00dcr\u00fcn Ad\u0131:<\/strong> Linde T Serisi Kafa Kart\u0131<br data-start=\"363\" data-end=\"366\" \/><strong data-start=\"366\" data-end=\"381\">Par\u00e7a Kodu:<\/strong> 3093607019<br data-start=\"392\" data-end=\"395\" \/><strong data-start=\"395\" data-end=\"407\">Malzeme:<\/strong> Elektronik devre bile\u015fenleri ve dayan\u0131kl\u0131 PCB<br data-start=\"453\" data-end=\"456\" \/><strong data-start=\"456\" data-end=\"475\">Kullan\u0131m Alan\u0131:<\/strong> Linde T Serisi forklift kumanda kol sistemleri<br data-start=\"522\" data-end=\"525\" \/><strong data-start=\"525\" data-end=\"537\">Avantaj:<\/strong> Hassas sinyal iletimi, g\u00fcvenilir performans, uzun \u00f6m\u00fcrl\u00fc kullan\u0131m<\/p>\n<p data-start=\"607\" data-end=\"905\">\n","protected":false},"featured_media":14925,"template":"","meta":[],"product_brand":[],"product_cat":[246,470,523],"product_tag":[],"class_list":{"0":"post-14920","1":"product","2":"type-product","3":"status-publish","4":"has-post-thumbnail","6":"product_cat-linde","7":"product_cat-diger-yedek-parcalar","8":"product_cat-yedek-parca-linde","10":"first","11":"instock","12":"taxable","13":"shipping-taxable","14":"purchasable","15":"product-type-simple"},"_links":{"self":[{"href":"https:\/\/ceoparts.com\/tr\/wp-json\/wp\/v2\/product\/14920","targetHints":{"allow":["GET"]}}],"collection":[{"href":"https:\/\/ceoparts.com\/tr\/wp-json\/wp\/v2\/product"}],"about":[{"href":"https:\/\/ceoparts.com\/tr\/wp-json\/wp\/v2\/types\/product"}],"wp:featuredmedia":[{"embeddable":true,"href":"https:\/\/ceoparts.com\/tr\/wp-json\/wp\/v2\/media\/14925"}],"wp:attachment":[{"href":"https:\/\/ceoparts.com\/tr\/wp-json\/wp\/v2\/media?parent=14920"}],"wp:term":[{"taxonomy":"product_brand","embeddable":true,"href":"https:\/\/ceoparts.com\/tr\/wp-json\/wp\/v2\/product_brand?post=14920"},{"taxonomy":"product_cat","embeddable":true,"href":"https:\/\/ceoparts.com\/tr\/wp-json\/wp\/v2\/product_cat?post=14920"},{"taxonomy":"product_tag","embeddable":true,"href":"https:\/\/ceoparts.com\/tr\/wp-json\/wp\/v2\/product_tag?post=14920"}],"curies":[{"name":"wp","href":"https:\/\/api.w.org\/{rel}","templated":true}]}}