{"id":14926,"date":"2025-02-18T17:04:44","date_gmt":"2025-02-18T14:04:44","guid":{"rendered":"https:\/\/ceoparts.com\/?post_type=product&#038;p=14926"},"modified":"2026-05-16T14:33:02","modified_gmt":"2026-05-16T11:33:02","slug":"potansiyometre-linde-t16-kol-potansi-50023604702-50023604701-11733604700","status":"publish","type":"product","link":"https:\/\/ceoparts.com\/tr\/urun\/potansiyometre-linde-t16-kol-potansi-50023604702-50023604701-11733604700\/","title":{"rendered":"Potansiyometre Linde T16 Kol Potans\u0131 &#8211; 50023604702 , 50023604701 , 11733604700"},"content":{"rendered":"<p>Potansiyometre Linde T16 Kol Potans\u0131 &#8211; 50023604702 , 50023604701 , 11733604700<\/p>\n<table border=\"0\" width=\"438\" cellspacing=\"0\" cellpadding=\"0\">\n<colgroup>\n<col width=\"82\" \/>\n<col width=\"356\" \/><\/colgroup>\n<tbody>\n<tr>\n<td class=\"xl65\" width=\"82\" height=\"20\"><span style=\"font-family: Calibri;\">1151<\/span><\/td>\n<td width=\"356\"><span style=\"font-family: Calibri;\">T16\/T16P\/T20\/T20P<\/span><\/td>\n<\/tr>\n<tr>\n<td class=\"xl65\" height=\"20\"><span style=\"font-family: Calibri;\">1152<\/span><\/td>\n<td><span style=\"font-family: Calibri;\">T16\/T18\/T20\/T16L<\/span><\/td>\n<\/tr>\n<tr>\n<td class=\"xl65\" height=\"20\"><span style=\"font-family: Calibri;\">1160<\/span><\/td>\n<td><span style=\"font-family: Calibri;\">D06\/D08<\/span><\/td>\n<\/tr>\n<tr>\n<td class=\"xl65\" height=\"20\"><span style=\"font-family: Calibri;\">1169<\/span><\/td>\n<td><span style=\"font-family: Calibri;\">L10P\/L12P\/L14P<\/span><\/td>\n<\/tr>\n<tr>\n<td class=\"xl65\" height=\"20\"><span style=\"font-family: Calibri;\">1169<\/span><\/td>\n<td><span style=\"font-family: Calibri;\">L10\/L12\/L14C<\/span><\/td>\n<\/tr>\n<tr>\n<td class=\"xl65\" height=\"20\"><span style=\"font-family: Calibri;\">1172<\/span><\/td>\n<td><span style=\"font-family: Calibri;\">L10\/L12\/L12i<\/span><\/td>\n<\/tr>\n<\/tbody>\n<\/table>","protected":false},"excerpt":{"rendered":"<p data-start=\"0\" data-end=\"295\"><br data-start=\"5\" data-end=\"8\" \/>Forklift uygulamalar\u0131nda kullan\u0131lan <strong data-start=\"44\" data-end=\"69\">Linde T16 Kol Potans\u0131<\/strong>, forklift kumanda kolunun hareketlerini hassas \u015fekilde alg\u0131lay\u0131p kontrol \u00fcnitesine ileten y\u00fcksek kaliteli bir sens\u00f6rd\u00fcr. Sa\u011flam yap\u0131s\u0131 ve uzun \u00f6m\u00fcrl\u00fc performans\u0131 sayesinde g\u00fcvenli ve verimli forklift kullan\u0131m\u0131na katk\u0131 sa\u011flar.<\/p>\n<p data-start=\"297\" data-end=\"619\"><strong data-start=\"297\" data-end=\"312\">\u00d6zellikler:<\/strong><br data-start=\"312\" data-end=\"315\" \/><strong data-start=\"315\" data-end=\"328\">\u00dcr\u00fcn Ad\u0131:<\/strong> Linde T16 Kol Potans\u0131<br data-start=\"350\" data-end=\"353\" \/><strong data-start=\"353\" data-end=\"368\">Par\u00e7a Kodu:<\/strong> 50023604702, 50023604701, 11733604700<br data-start=\"406\" data-end=\"409\" \/><strong data-start=\"409\" data-end=\"421\">Malzeme:<\/strong> Dayan\u0131kl\u0131 elektronik bile\u015fenler ve sens\u00f6r mod\u00fcl\u00fc<br data-start=\"470\" data-end=\"473\" \/><strong data-start=\"473\" data-end=\"492\">Kullan\u0131m Alan\u0131:<\/strong> Linde T16 forklift kumanda kol sistemleri<br data-start=\"534\" data-end=\"537\" \/><strong data-start=\"537\" data-end=\"549\">Avantaj:<\/strong> Hassas hareket alg\u0131lama, uzun \u00f6m\u00fcrl\u00fc kullan\u0131m, g\u00fcvenilir performans<\/p>\n<p data-start=\"621\" data-end=\"914\">\n","protected":false},"featured_media":14930,"template":"","meta":[],"product_brand":[],"product_cat":[246,469,523],"product_tag":[],"class_list":{"0":"post-14926","1":"product","2":"type-product","3":"status-publish","4":"has-post-thumbnail","6":"product_cat-linde","7":"product_cat-elektrik-ve-sistem-parcalari","8":"product_cat-yedek-parca-linde","10":"first","11":"instock","12":"taxable","13":"shipping-taxable","14":"purchasable","15":"product-type-simple"},"_links":{"self":[{"href":"https:\/\/ceoparts.com\/tr\/wp-json\/wp\/v2\/product\/14926","targetHints":{"allow":["GET"]}}],"collection":[{"href":"https:\/\/ceoparts.com\/tr\/wp-json\/wp\/v2\/product"}],"about":[{"href":"https:\/\/ceoparts.com\/tr\/wp-json\/wp\/v2\/types\/product"}],"wp:featuredmedia":[{"embeddable":true,"href":"https:\/\/ceoparts.com\/tr\/wp-json\/wp\/v2\/media\/14930"}],"wp:attachment":[{"href":"https:\/\/ceoparts.com\/tr\/wp-json\/wp\/v2\/media?parent=14926"}],"wp:term":[{"taxonomy":"product_brand","embeddable":true,"href":"https:\/\/ceoparts.com\/tr\/wp-json\/wp\/v2\/product_brand?post=14926"},{"taxonomy":"product_cat","embeddable":true,"href":"https:\/\/ceoparts.com\/tr\/wp-json\/wp\/v2\/product_cat?post=14926"},{"taxonomy":"product_tag","embeddable":true,"href":"https:\/\/ceoparts.com\/tr\/wp-json\/wp\/v2\/product_tag?post=14926"}],"curies":[{"name":"wp","href":"https:\/\/api.w.org\/{rel}","templated":true}]}}