{"id":14931,"date":"2025-02-18T17:09:44","date_gmt":"2025-02-18T14:09:44","guid":{"rendered":"https:\/\/ceoparts.com\/?post_type=product&#038;p=14931"},"modified":"2026-05-16T18:38:50","modified_gmt":"2026-05-16T15:38:50","slug":"still-exu-kol-potansi-4492809","status":"publish","type":"product","link":"https:\/\/ceoparts.com\/tr\/urun\/still-exu-kol-potansi-4492809\/","title":{"rendered":"Still Exu Kol Potans\u0131 &#8211; 4492809"},"content":{"rendered":"<p>Still Exu Kol Potans\u0131 &#8211; 4492809<\/p>\n<table border=\"0\" width=\"659\" cellspacing=\"0\" cellpadding=\"0\">\n<colgroup><\/colgroup>\n<colgroup>\n<col width=\"659\" \/><\/colgroup>\n<tbody>\n<tr>\n<td width=\"659\" height=\"20\"><span style=\"font-family: tim;\">Still \/ 0203, EXU-H AC (0203) \/ EXU-H AC (0203)<\/span><\/td>\n<\/tr>\n<tr>\n<td height=\"20\"><span style=\"font-family: tim;\">Still \/ 0143, EXU AC 16\/18\/20\/22 (0150\/0151\/0152\/0143) \/ EXU AC 16\/18\/20\/22 (0150\/0151\/0152\/0143)<\/span><\/td>\n<\/tr>\n<tr>\n<td height=\"20\"><span style=\"font-family: tim;\">Still \/ 0140, EXU 16\/18\/20\/22 (0140\/0141\/0142\/0143) \/ EXU 16\/18\/20\/22 (0140\/0141\/0142\/0143)<\/span><\/td>\n<\/tr>\n<tr>\n<td height=\"20\"><span style=\"font-family: tim;\">Still \/ 0202, EXU-H (0202) \/ EXU-H (0202)<\/span><\/td>\n<\/tr>\n<tr>\n<td height=\"20\"><span style=\"font-family: tim;\">Still \/ 0147, EXU 20 LINDE US (0147) \/ EXU 20 LINDE US (0147)<\/span><\/td>\n<\/tr>\n<tr>\n<td height=\"20\"><span style=\"font-family: tim;\">Still \/ EXU-H Autolift \/ EXU-H Autolift<\/span><\/td>\n<\/tr>\n<\/tbody>\n<\/table>","protected":false},"excerpt":{"rendered":"<p data-start=\"0\" data-end=\"267\"><br data-start=\"5\" data-end=\"8\" \/>Forklift uygulamalar\u0131nda kullan\u0131lan <strong data-start=\"44\" data-end=\"69\">Still EXU Kol Potans\u0131<\/strong>, forklift kumanda kolunun hareketlerini hassas \u015fekilde alg\u0131lay\u0131p kontrol \u00fcnitesine ileten y\u00fcksek kaliteli bir sens\u00f6rd\u00fcr. Sa\u011flam ve dayan\u0131kl\u0131 yap\u0131s\u0131 sayesinde uzun s\u00fcreli ve g\u00fcvenli kullan\u0131m sa\u011flar.<\/p>\n<p data-start=\"269\" data-end=\"561\"><strong data-start=\"269\" data-end=\"284\">\u00d6zellikler:<\/strong><br data-start=\"284\" data-end=\"287\" \/><strong data-start=\"287\" data-end=\"300\">\u00dcr\u00fcn Ad\u0131:<\/strong> Still EXU Kol Potans\u0131<br data-start=\"322\" data-end=\"325\" \/><strong data-start=\"325\" data-end=\"340\">Par\u00e7a Kodu:<\/strong> 4492809<br data-start=\"348\" data-end=\"351\" \/><strong data-start=\"351\" data-end=\"363\">Malzeme:<\/strong> Dayan\u0131kl\u0131 elektronik bile\u015fenler ve sens\u00f6r mod\u00fcl\u00fc<br data-start=\"412\" data-end=\"415\" \/><strong data-start=\"415\" data-end=\"434\">Kullan\u0131m Alan\u0131:<\/strong> Still EXU forklift kumanda kol sistemleri<br data-start=\"476\" data-end=\"479\" \/><strong data-start=\"479\" data-end=\"491\">Avantaj:<\/strong> Hassas hareket alg\u0131lama, uzun \u00f6m\u00fcrl\u00fc kullan\u0131m, g\u00fcvenilir performans<\/p>\n<p data-start=\"563\" data-end=\"830\">\n","protected":false},"featured_media":14932,"template":"","meta":[],"product_brand":[],"product_cat":[241,469,524],"product_tag":[],"class_list":{"0":"post-14931","1":"product","2":"type-product","3":"status-publish","4":"has-post-thumbnail","6":"product_cat-still","7":"product_cat-elektrik-ve-sistem-parcalari","8":"product_cat-yedek-parca-still","10":"first","11":"instock","12":"taxable","13":"shipping-taxable","14":"purchasable","15":"product-type-simple"},"_links":{"self":[{"href":"https:\/\/ceoparts.com\/tr\/wp-json\/wp\/v2\/product\/14931","targetHints":{"allow":["GET"]}}],"collection":[{"href":"https:\/\/ceoparts.com\/tr\/wp-json\/wp\/v2\/product"}],"about":[{"href":"https:\/\/ceoparts.com\/tr\/wp-json\/wp\/v2\/types\/product"}],"wp:featuredmedia":[{"embeddable":true,"href":"https:\/\/ceoparts.com\/tr\/wp-json\/wp\/v2\/media\/14932"}],"wp:attachment":[{"href":"https:\/\/ceoparts.com\/tr\/wp-json\/wp\/v2\/media?parent=14931"}],"wp:term":[{"taxonomy":"product_brand","embeddable":true,"href":"https:\/\/ceoparts.com\/tr\/wp-json\/wp\/v2\/product_brand?post=14931"},{"taxonomy":"product_cat","embeddable":true,"href":"https:\/\/ceoparts.com\/tr\/wp-json\/wp\/v2\/product_cat?post=14931"},{"taxonomy":"product_tag","embeddable":true,"href":"https:\/\/ceoparts.com\/tr\/wp-json\/wp\/v2\/product_tag?post=14931"}],"curies":[{"name":"wp","href":"https:\/\/api.w.org\/{rel}","templated":true}]}}