{"id":14939,"date":"2025-02-18T17:22:53","date_gmt":"2025-02-18T14:22:53","guid":{"rendered":"https:\/\/ceoparts.com\/?post_type=product&#038;p=14939"},"modified":"2026-05-16T12:10:35","modified_gmt":"2026-05-16T09:10:35","slug":"bt-lwe-eski-model-kol-kablosu-7573837-14596728-7510381","status":"publish","type":"product","link":"https:\/\/ceoparts.com\/tr\/urun\/bt-lwe-eski-model-kol-kablosu-7573837-14596728-7510381\/","title":{"rendered":"BT LWE 160 Kol Kablosu &#8211; 7573837, 14596728 , 7510381"},"content":{"rendered":"<p>BT LWE 160 Kol Kablosu &#8211; 7573837, 14596728 , 7510381<\/p>","protected":false},"excerpt":{"rendered":"<p data-start=\"0\" data-end=\"283\"><br data-start=\"5\" data-end=\"8\" \/>Forklift uygulamalar\u0131nda kullan\u0131lan <strong data-start=\"44\" data-end=\"70\">BT LWE 160 Kol Kablosu<\/strong>, forklift kumanda kolu ile kontrol \u00fcnitesi aras\u0131ndaki veri iletimini sa\u011flayan esnek ve dayan\u0131kl\u0131 bir kablodur. Y\u00fcksek kaliteli malzemesi sayesinde uzun \u00f6m\u00fcrl\u00fcd\u00fcr ve forklift kullan\u0131m\u0131nda g\u00fcvenilir kontrol sa\u011flar.<\/p>\n<p data-start=\"285\" data-end=\"586\"><strong data-start=\"285\" data-end=\"300\">\u00d6zellikler:<\/strong><br data-start=\"300\" data-end=\"303\" \/><strong data-start=\"303\" data-end=\"316\">\u00dcr\u00fcn Ad\u0131:<\/strong> BT LWE 160 Kol Kablosu<br data-start=\"339\" data-end=\"342\" \/><strong data-start=\"342\" data-end=\"357\">Par\u00e7a Kodu:<\/strong> 7573837, 14596728, 7510381<br data-start=\"384\" data-end=\"387\" \/><strong data-start=\"387\" data-end=\"399\">Malzeme:<\/strong> Dayan\u0131kl\u0131 iletken kablo ve koruyucu d\u0131\u015f kaplama<br data-start=\"447\" data-end=\"450\" \/><strong data-start=\"450\" data-end=\"469\">Kullan\u0131m Alan\u0131:<\/strong> BT LWE 160 forklift kumanda kol sistemleri<br data-start=\"512\" data-end=\"515\" \/><strong data-start=\"515\" data-end=\"527\">Avantaj:<\/strong> Esnek yap\u0131, g\u00fcvenilir veri iletimi, uzun \u00f6m\u00fcrl\u00fc kullan\u0131m<\/p>\n<p data-start=\"588\" data-end=\"853\">\n","protected":false},"featured_media":14941,"template":"","meta":[],"product_brand":[],"product_cat":[251,469,518],"product_tag":[],"class_list":{"0":"post-14939","1":"product","2":"type-product","3":"status-publish","4":"has-post-thumbnail","6":"product_cat-bt","7":"product_cat-elektrik-ve-sistem-parcalari","8":"product_cat-yedek-parca-bt","10":"first","11":"instock","12":"taxable","13":"shipping-taxable","14":"purchasable","15":"product-type-simple"},"_links":{"self":[{"href":"https:\/\/ceoparts.com\/tr\/wp-json\/wp\/v2\/product\/14939","targetHints":{"allow":["GET"]}}],"collection":[{"href":"https:\/\/ceoparts.com\/tr\/wp-json\/wp\/v2\/product"}],"about":[{"href":"https:\/\/ceoparts.com\/tr\/wp-json\/wp\/v2\/types\/product"}],"wp:featuredmedia":[{"embeddable":true,"href":"https:\/\/ceoparts.com\/tr\/wp-json\/wp\/v2\/media\/14941"}],"wp:attachment":[{"href":"https:\/\/ceoparts.com\/tr\/wp-json\/wp\/v2\/media?parent=14939"}],"wp:term":[{"taxonomy":"product_brand","embeddable":true,"href":"https:\/\/ceoparts.com\/tr\/wp-json\/wp\/v2\/product_brand?post=14939"},{"taxonomy":"product_cat","embeddable":true,"href":"https:\/\/ceoparts.com\/tr\/wp-json\/wp\/v2\/product_cat?post=14939"},{"taxonomy":"product_tag","embeddable":true,"href":"https:\/\/ceoparts.com\/tr\/wp-json\/wp\/v2\/product_tag?post=14939"}],"curies":[{"name":"wp","href":"https:\/\/api.w.org\/{rel}","templated":true}]}}