{"id":14947,"date":"2025-02-18T17:27:54","date_gmt":"2025-02-18T14:27:54","guid":{"rendered":"https:\/\/ceoparts.com\/?post_type=product&#038;p=14947"},"modified":"2026-05-16T13:14:36","modified_gmt":"2026-05-16T10:14:36","slug":"jungheinrich-eje116-kol-potansi-51045971","status":"publish","type":"product","link":"https:\/\/ceoparts.com\/tr\/urun\/jungheinrich-eje116-kol-potansi-51045971\/","title":{"rendered":"Jungheinrich Eje116 Kol Potans\u0131 &#8211; 51045971"},"content":{"rendered":"<p>Jungheinrich Eje116 Kol Potans\u0131 &#8211; 51045971<\/p>","protected":false},"excerpt":{"rendered":"<p data-start=\"0\" data-end=\"305\"><br data-start=\"5\" data-end=\"8\" \/>Forklift uygulamalar\u0131nda kullan\u0131lan <strong data-start=\"44\" data-end=\"79\">Jungheinrich EJE116 Kol Potans\u0131<\/strong>, forklift kumanda kolunun hareketlerini hassas \u015fekilde alg\u0131lay\u0131p kontrol \u00fcnitesine aktaran y\u00fcksek kaliteli bir sens\u00f6rd\u00fcr. Dayan\u0131kl\u0131 yap\u0131s\u0131 ve g\u00fcvenilir performans\u0131 ile forkliftin kontroll\u00fc ve g\u00fcvenli \u00e7al\u0131\u015fmas\u0131na katk\u0131 sa\u011flar.<\/p>\n<p data-start=\"307\" data-end=\"616\"><strong data-start=\"307\" data-end=\"322\">\u00d6zellikler:<\/strong><br data-start=\"322\" data-end=\"325\" \/><strong data-start=\"325\" data-end=\"338\">\u00dcr\u00fcn Ad\u0131:<\/strong> Jungheinrich EJE116 Kol Potans\u0131<br data-start=\"370\" data-end=\"373\" \/><strong data-start=\"373\" data-end=\"388\">Par\u00e7a Kodu:<\/strong> 51045971<br data-start=\"397\" data-end=\"400\" \/><strong data-start=\"400\" data-end=\"412\">Malzeme:<\/strong> Dayan\u0131kl\u0131 elektronik bile\u015fenler ve sens\u00f6r mod\u00fcl\u00fc<br data-start=\"461\" data-end=\"464\" \/><strong data-start=\"464\" data-end=\"483\">Kullan\u0131m Alan\u0131:<\/strong> Jungheinrich EJE116 forklift kumanda kol sistemleri<br data-start=\"535\" data-end=\"538\" \/><strong data-start=\"538\" data-end=\"550\">Avantaj:<\/strong> Hassas hareket alg\u0131lama, uzun \u00f6m\u00fcrl\u00fc yap\u0131, g\u00fcvenilir performans<\/p>\n<p data-start=\"618\" data-end=\"927\">\n","protected":false},"featured_media":14948,"template":"","meta":[],"product_brand":[],"product_cat":[236,469,522],"product_tag":[],"class_list":{"0":"post-14947","1":"product","2":"type-product","3":"status-publish","4":"has-post-thumbnail","6":"product_cat-jungheinrich","7":"product_cat-elektrik-ve-sistem-parcalari","8":"product_cat-yedek-parca-jungheinrich","10":"first","11":"instock","12":"taxable","13":"shipping-taxable","14":"purchasable","15":"product-type-simple"},"_links":{"self":[{"href":"https:\/\/ceoparts.com\/tr\/wp-json\/wp\/v2\/product\/14947","targetHints":{"allow":["GET"]}}],"collection":[{"href":"https:\/\/ceoparts.com\/tr\/wp-json\/wp\/v2\/product"}],"about":[{"href":"https:\/\/ceoparts.com\/tr\/wp-json\/wp\/v2\/types\/product"}],"wp:featuredmedia":[{"embeddable":true,"href":"https:\/\/ceoparts.com\/tr\/wp-json\/wp\/v2\/media\/14948"}],"wp:attachment":[{"href":"https:\/\/ceoparts.com\/tr\/wp-json\/wp\/v2\/media?parent=14947"}],"wp:term":[{"taxonomy":"product_brand","embeddable":true,"href":"https:\/\/ceoparts.com\/tr\/wp-json\/wp\/v2\/product_brand?post=14947"},{"taxonomy":"product_cat","embeddable":true,"href":"https:\/\/ceoparts.com\/tr\/wp-json\/wp\/v2\/product_cat?post=14947"},{"taxonomy":"product_tag","embeddable":true,"href":"https:\/\/ceoparts.com\/tr\/wp-json\/wp\/v2\/product_tag?post=14947"}],"curies":[{"name":"wp","href":"https:\/\/api.w.org\/{rel}","templated":true}]}}