{"id":14951,"date":"2025-02-18T17:32:53","date_gmt":"2025-02-18T14:32:53","guid":{"rendered":"https:\/\/ceoparts.com\/?post_type=product&#038;p=14951"},"modified":"2026-05-16T16:12:49","modified_gmt":"2026-05-16T13:12:49","slug":"siroco-kalorifer-12-80v-1500w","status":"publish","type":"product","link":"https:\/\/ceoparts.com\/tr\/urun\/siroco-kalorifer-12-80v-1500w\/","title":{"rendered":"Kalorifer SIROCO 12\/80V 1500W"},"content":{"rendered":"<p>Kalorifer SIROCO 12\/80V 1500W<\/p>","protected":false},"excerpt":{"rendered":"<p data-start=\"99\" data-end=\"412\"><br data-start=\"104\" data-end=\"107\" \/>Forklift ve i\u015f makinesi kabinlerinde kullan\u0131lan <strong data-start=\"155\" data-end=\"188\">Kalorifer Siroco 12\/80V 1500W<\/strong>, operat\u00f6r kabininde ideal \u0131s\u0131tma sa\u011flamak amac\u0131yla tasarlanm\u0131\u015f g\u00fc\u00e7l\u00fc ve verimli bir \u0131s\u0131t\u0131c\u0131d\u0131r. 12V ile 80V aras\u0131nda \u00e7al\u0131\u015fma \u00f6zelli\u011fi ve 1500W \u0131s\u0131tma kapasitesi sayesinde so\u011fuk \u00e7al\u0131\u015fma ortamlar\u0131nda konfor ve g\u00fcvenlik sunar.<\/p>\n<p data-start=\"414\" data-end=\"700\"><strong data-start=\"414\" data-end=\"429\">\u00d6zellikler:<\/strong><br data-start=\"429\" data-end=\"432\" \/><strong data-start=\"432\" data-end=\"445\">\u00dcr\u00fcn Ad\u0131:<\/strong> Kalorifer Siroco 12\/80V 1500W<br data-start=\"475\" data-end=\"478\" \/><strong data-start=\"478\" data-end=\"493\">Par\u00e7a Kodu:<\/strong> &#8211;<br data-start=\"495\" data-end=\"498\" \/><strong data-start=\"498\" data-end=\"510\">Malzeme:<\/strong> Y\u00fcksek kaliteli metal ve \u0131s\u0131ya dayan\u0131kl\u0131 plastik<br data-start=\"559\" data-end=\"562\" \/><strong data-start=\"562\" data-end=\"581\">Kullan\u0131m Alan\u0131:<\/strong> Forklift ve i\u015f makinesi operat\u00f6r kabinleri<br data-start=\"624\" data-end=\"627\" \/><strong data-start=\"627\" data-end=\"639\">Avantaj:<\/strong> Geni\u015f voltaj aral\u0131\u011f\u0131, g\u00fc\u00e7l\u00fc \u0131s\u0131tma, kompakt ve sa\u011flam yap\u0131<\/p>\n<p data-start=\"702\" data-end=\"1026\">\n","protected":false},"featured_media":14953,"template":"","meta":[],"product_brand":[],"product_cat":[470],"product_tag":[],"class_list":{"0":"post-14951","1":"product","2":"type-product","3":"status-publish","4":"has-post-thumbnail","6":"product_cat-diger-yedek-parcalar","8":"first","9":"instock","10":"taxable","11":"shipping-taxable","12":"purchasable","13":"product-type-simple"},"_links":{"self":[{"href":"https:\/\/ceoparts.com\/tr\/wp-json\/wp\/v2\/product\/14951","targetHints":{"allow":["GET"]}}],"collection":[{"href":"https:\/\/ceoparts.com\/tr\/wp-json\/wp\/v2\/product"}],"about":[{"href":"https:\/\/ceoparts.com\/tr\/wp-json\/wp\/v2\/types\/product"}],"wp:featuredmedia":[{"embeddable":true,"href":"https:\/\/ceoparts.com\/tr\/wp-json\/wp\/v2\/media\/14953"}],"wp:attachment":[{"href":"https:\/\/ceoparts.com\/tr\/wp-json\/wp\/v2\/media?parent=14951"}],"wp:term":[{"taxonomy":"product_brand","embeddable":true,"href":"https:\/\/ceoparts.com\/tr\/wp-json\/wp\/v2\/product_brand?post=14951"},{"taxonomy":"product_cat","embeddable":true,"href":"https:\/\/ceoparts.com\/tr\/wp-json\/wp\/v2\/product_cat?post=14951"},{"taxonomy":"product_tag","embeddable":true,"href":"https:\/\/ceoparts.com\/tr\/wp-json\/wp\/v2\/product_tag?post=14951"}],"curies":[{"name":"wp","href":"https:\/\/api.w.org\/{rel}","templated":true}]}}