{"id":14958,"date":"2025-02-18T17:39:17","date_gmt":"2025-02-18T14:39:17","guid":{"rendered":"https:\/\/ceoparts.com\/?post_type=product&#038;p=14958"},"modified":"2026-05-16T15:27:21","modified_gmt":"2026-05-16T12:27:21","slug":"toyota-pedal-potansi-575102660071","status":"publish","type":"product","link":"https:\/\/ceoparts.com\/tr\/urun\/toyota-pedal-potansi-575102660071\/","title":{"rendered":"Toyota Pedal Potans\u0131 &#8211; 575102660071"},"content":{"rendered":"<p>Toyota Pedal Potans\u0131 &#8211; 575102660071<\/p>","protected":false},"excerpt":{"rendered":"<p data-start=\"0\" data-end=\"283\"><br data-start=\"5\" data-end=\"8\" \/>Forklift uygulamalar\u0131nda kullan\u0131lan <strong data-start=\"44\" data-end=\"68\">Toyota Pedal Potans\u0131<\/strong>, forkliftin h\u0131z ve hareket kontrol\u00fcn\u00fc sa\u011flayan hassas ve dayan\u0131kl\u0131 bir sens\u00f6r sistemidir. Pedal hareketlerini alg\u0131layarak kontrol \u00fcnitesine ileten bu \u00fcr\u00fcn, forkliftin g\u00fcvenli ve verimli \u00e7al\u0131\u015fmas\u0131na katk\u0131da bulunur.<\/p>\n<p data-start=\"285\" data-end=\"577\"><strong data-start=\"285\" data-end=\"300\">\u00d6zellikler:<\/strong><br data-start=\"300\" data-end=\"303\" \/><strong data-start=\"303\" data-end=\"316\">\u00dcr\u00fcn Ad\u0131:<\/strong> Toyota Pedal Potans\u0131<br data-start=\"337\" data-end=\"340\" \/><strong data-start=\"340\" data-end=\"355\">Par\u00e7a Kodu:<\/strong> 575102660071<br data-start=\"368\" data-end=\"371\" \/><strong data-start=\"371\" data-end=\"383\">Malzeme:<\/strong> Dayan\u0131kl\u0131 elektronik bile\u015fenler ve plastik g\u00f6vde<br data-start=\"432\" data-end=\"435\" \/><strong data-start=\"435\" data-end=\"454\">Kullan\u0131m Alan\u0131:<\/strong> Toyota forklift h\u0131z ve pedal kontrol sistemleri<br data-start=\"502\" data-end=\"505\" \/><strong data-start=\"505\" data-end=\"517\">Avantaj:<\/strong> Hassas h\u0131z kontrol\u00fc, dayan\u0131kl\u0131 yap\u0131, g\u00fcvenilir performans<\/p>\n<p data-start=\"579\" data-end=\"864\">\n","protected":false},"featured_media":14959,"template":"","meta":[],"product_brand":[],"product_cat":[470,521,530],"product_tag":[],"class_list":{"0":"post-14958","1":"product","2":"type-product","3":"status-publish","4":"has-post-thumbnail","6":"product_cat-diger-yedek-parcalar","7":"product_cat-toyota","8":"product_cat-yedek-parca-toyota","10":"first","11":"instock","12":"taxable","13":"shipping-taxable","14":"purchasable","15":"product-type-simple"},"_links":{"self":[{"href":"https:\/\/ceoparts.com\/tr\/wp-json\/wp\/v2\/product\/14958","targetHints":{"allow":["GET"]}}],"collection":[{"href":"https:\/\/ceoparts.com\/tr\/wp-json\/wp\/v2\/product"}],"about":[{"href":"https:\/\/ceoparts.com\/tr\/wp-json\/wp\/v2\/types\/product"}],"wp:featuredmedia":[{"embeddable":true,"href":"https:\/\/ceoparts.com\/tr\/wp-json\/wp\/v2\/media\/14959"}],"wp:attachment":[{"href":"https:\/\/ceoparts.com\/tr\/wp-json\/wp\/v2\/media?parent=14958"}],"wp:term":[{"taxonomy":"product_brand","embeddable":true,"href":"https:\/\/ceoparts.com\/tr\/wp-json\/wp\/v2\/product_brand?post=14958"},{"taxonomy":"product_cat","embeddable":true,"href":"https:\/\/ceoparts.com\/tr\/wp-json\/wp\/v2\/product_cat?post=14958"},{"taxonomy":"product_tag","embeddable":true,"href":"https:\/\/ceoparts.com\/tr\/wp-json\/wp\/v2\/product_tag?post=14958"}],"curies":[{"name":"wp","href":"https:\/\/api.w.org\/{rel}","templated":true}]}}