{"id":14963,"date":"2025-02-18T17:47:06","date_gmt":"2025-02-18T14:47:06","guid":{"rendered":"https:\/\/ceoparts.com\/?post_type=product&#038;p=14963"},"modified":"2026-05-16T20:15:29","modified_gmt":"2026-05-16T17:15:29","slug":"bt-rre160-finger-lever-kumanda-tusu-224558","status":"publish","type":"product","link":"https:\/\/ceoparts.com\/tr\/urun\/bt-rre160-finger-lever-kumanda-tusu-224558\/","title":{"rendered":"BT RRE160 Finger Lever (Kumanda Tu\u015fu) &#8211; 224558"},"content":{"rendered":"<p>BT RRE160 Finger Lever (Kumanda Tu\u015fu) &#8211; 224558<\/p>","protected":false},"excerpt":{"rendered":"<p data-start=\"0\" data-end=\"281\"><br data-start=\"5\" data-end=\"8\" \/>Forklift uygulamalar\u0131nda kullan\u0131lan <strong data-start=\"44\" data-end=\"85\">BT RRE160 Finger Lever (Kumanda Tu\u015fu)<\/strong>, operat\u00f6r\u00fcn forklift fonksiyonlar\u0131n\u0131 h\u0131zl\u0131 ve hassas \u015fekilde kontrol etmesini sa\u011flayan ergonomik bir kontrol eleman\u0131d\u0131r. Dayan\u0131kl\u0131 ve kaliteli yap\u0131s\u0131 sayesinde uzun s\u00fcreli kullan\u0131m i\u00e7in idealdir.<\/p>\n<p data-start=\"283\" data-end=\"560\"><strong data-start=\"283\" data-end=\"298\">\u00d6zellikler:<\/strong><br data-start=\"298\" data-end=\"301\" \/><strong data-start=\"301\" data-end=\"314\">\u00dcr\u00fcn Ad\u0131:<\/strong> BT RRE160 Finger Lever (Kumanda Tu\u015fu)<br data-start=\"352\" data-end=\"355\" \/><strong data-start=\"355\" data-end=\"370\">Par\u00e7a Kodu:<\/strong> 224558<br data-start=\"377\" data-end=\"380\" \/><strong data-start=\"380\" data-end=\"392\">Malzeme:<\/strong> Dayan\u0131kl\u0131 plastik ve elektronik bile\u015fen<br data-start=\"432\" data-end=\"435\" \/><strong data-start=\"435\" data-end=\"454\">Kullan\u0131m Alan\u0131:<\/strong> BT RRE160 forklift kumanda sistemleri<br data-start=\"492\" data-end=\"495\" \/><strong data-start=\"495\" data-end=\"507\">Avantaj:<\/strong> Ergonomik kullan\u0131m, hassas kontrol, dayan\u0131kl\u0131 yap\u0131<\/p>\n<p data-start=\"562\" data-end=\"833\">\n","protected":false},"featured_media":14969,"template":"","meta":[],"product_brand":[],"product_cat":[251,470,518],"product_tag":[],"class_list":{"0":"post-14963","1":"product","2":"type-product","3":"status-publish","4":"has-post-thumbnail","6":"product_cat-bt","7":"product_cat-diger-yedek-parcalar","8":"product_cat-yedek-parca-bt","10":"first","11":"instock","12":"taxable","13":"shipping-taxable","14":"purchasable","15":"product-type-simple"},"_links":{"self":[{"href":"https:\/\/ceoparts.com\/tr\/wp-json\/wp\/v2\/product\/14963","targetHints":{"allow":["GET"]}}],"collection":[{"href":"https:\/\/ceoparts.com\/tr\/wp-json\/wp\/v2\/product"}],"about":[{"href":"https:\/\/ceoparts.com\/tr\/wp-json\/wp\/v2\/types\/product"}],"wp:featuredmedia":[{"embeddable":true,"href":"https:\/\/ceoparts.com\/tr\/wp-json\/wp\/v2\/media\/14969"}],"wp:attachment":[{"href":"https:\/\/ceoparts.com\/tr\/wp-json\/wp\/v2\/media?parent=14963"}],"wp:term":[{"taxonomy":"product_brand","embeddable":true,"href":"https:\/\/ceoparts.com\/tr\/wp-json\/wp\/v2\/product_brand?post=14963"},{"taxonomy":"product_cat","embeddable":true,"href":"https:\/\/ceoparts.com\/tr\/wp-json\/wp\/v2\/product_cat?post=14963"},{"taxonomy":"product_tag","embeddable":true,"href":"https:\/\/ceoparts.com\/tr\/wp-json\/wp\/v2\/product_tag?post=14963"}],"curies":[{"name":"wp","href":"https:\/\/api.w.org\/{rel}","templated":true}]}}