{"id":14970,"date":"2025-02-18T17:55:07","date_gmt":"2025-02-18T14:55:07","guid":{"rendered":"https:\/\/ceoparts.com\/?post_type=product&#038;p=14970"},"modified":"2026-05-16T18:58:29","modified_gmt":"2026-05-16T15:58:29","slug":"jungheinrich-kol-potansi-50314420","status":"publish","type":"product","link":"https:\/\/ceoparts.com\/tr\/urun\/jungheinrich-kol-potansi-50314420\/","title":{"rendered":"Jungheinrich Kol Potans\u0131 &#8211; 50314420"},"content":{"rendered":"<p>Jungheinrich Kol Potans\u0131 &#8211; 50314420<\/p>\n<p>ERC 12-16\u00a04.01 &#8211; 3.04<br \/>\nERC-Z 12-16\u00a04.01 &#8211; 3.04<br \/>\nWP12\/14\/16 S (MIC)\u00a04.01 &#8211; 4.08<br \/>\nWP12\/14\/16 IS (MIC)\u00a04.01 &#8211; 4.08<br \/>\nWP12\/14\/16 S (STB)\u00a04.01 &#8211; 12.01<br \/>\nWP12\/14\/16 S (BOSS)\u00a04.01 &#8211; 12.01<br \/>\nWP12\/14\/16 IS (BOSS)\u00a04.01 &#8211; 12.01<br \/>\nERE 220\u00a010.03 &#8211; 9.05<br \/>\nWN 20 S\u00a010.03 &#8211; 9.05<br \/>\nERD 220\u00a010.03 &#8211; 2.11<br \/>\nERC 212\/214\/216\u00a04.04 &#8211; 4.11<br \/>\nERC Z12\/Z14\/Z16\u00a04.04 &#8211; 7.11<br \/>\nWN 24 sC\u00a010.05 &#8211; 4.08<br \/>\nERE 224\u00a010.05 &#8211; 9.07<br \/>\nERE 120\u00a09.05 &#8211; 10.07<br \/>\nWN20S\u00a09.05 &#8211; 10.07<br \/>\nECE 118\u00a012.06 &#8211; 3.10<br \/>\nERE 120\u00a08.07 &#8211; 5.08<br \/>\nWN20S\u00a08.07 &#8211; 4.08<br \/>\nERE 120 (Qingpu)\u00a09.06 &#8211; 12.08<br \/>\nERE 120\u00a06.08 &#8211; 11.08<br \/>\nEJD K18\u00a06.08 &#8211;<br \/>\nERD K18\u00a010.09 &#8211; 2.10<br \/>\nECE 118\u00a04.10 &#8211; 2.13<\/p>","protected":false},"excerpt":{"rendered":"<p data-start=\"0\" data-end=\"295\"><br data-start=\"5\" data-end=\"8\" \/>Forklift uygulamalar\u0131nda kullan\u0131lan <strong data-start=\"44\" data-end=\"72\">Jungheinrich Kol Potans\u0131<\/strong>, forkliftin kumanda kolu hareketlerini hassas \u015fekilde alg\u0131layan ve kontrol sistemine aktaran y\u00fcksek kaliteli bir sens\u00f6rd\u00fcr. Dayan\u0131kl\u0131 yap\u0131s\u0131 sayesinde uzun \u00f6m\u00fcrl\u00fcd\u00fcr ve forklift kullan\u0131m\u0131nda hassasiyet ile g\u00fcvenlik sa\u011flar.<\/p>\n<p data-start=\"297\" data-end=\"590\"><strong data-start=\"297\" data-end=\"312\">\u00d6zellikler:<\/strong><br data-start=\"312\" data-end=\"315\" \/><strong data-start=\"315\" data-end=\"328\">\u00dcr\u00fcn Ad\u0131:<\/strong> Jungheinrich Kol Potans\u0131<br data-start=\"353\" data-end=\"356\" \/><strong data-start=\"356\" data-end=\"371\">Par\u00e7a Kodu:<\/strong> 50314420<br data-start=\"380\" data-end=\"383\" \/><strong data-start=\"383\" data-end=\"395\">Malzeme:<\/strong> Dayan\u0131kl\u0131 elektronik bile\u015fenler ve sens\u00f6r mod\u00fcl\u00fc<br data-start=\"444\" data-end=\"447\" \/><strong data-start=\"447\" data-end=\"466\">Kullan\u0131m Alan\u0131:<\/strong> Jungheinrich forklift kumanda kol sistemleri<br data-start=\"511\" data-end=\"514\" \/><strong data-start=\"514\" data-end=\"526\">Avantaj:<\/strong> Hassas hareket alg\u0131lama, dayan\u0131kl\u0131 yap\u0131, g\u00fcvenilir performans<\/p>\n<p data-start=\"592\" data-end=\"889\">\n","protected":false},"featured_media":14972,"template":"","meta":[],"product_brand":[],"product_cat":[236,469,522],"product_tag":[],"class_list":{"0":"post-14970","1":"product","2":"type-product","3":"status-publish","4":"has-post-thumbnail","6":"product_cat-jungheinrich","7":"product_cat-elektrik-ve-sistem-parcalari","8":"product_cat-yedek-parca-jungheinrich","10":"first","11":"instock","12":"taxable","13":"shipping-taxable","14":"purchasable","15":"product-type-simple"},"_links":{"self":[{"href":"https:\/\/ceoparts.com\/tr\/wp-json\/wp\/v2\/product\/14970","targetHints":{"allow":["GET"]}}],"collection":[{"href":"https:\/\/ceoparts.com\/tr\/wp-json\/wp\/v2\/product"}],"about":[{"href":"https:\/\/ceoparts.com\/tr\/wp-json\/wp\/v2\/types\/product"}],"wp:featuredmedia":[{"embeddable":true,"href":"https:\/\/ceoparts.com\/tr\/wp-json\/wp\/v2\/media\/14972"}],"wp:attachment":[{"href":"https:\/\/ceoparts.com\/tr\/wp-json\/wp\/v2\/media?parent=14970"}],"wp:term":[{"taxonomy":"product_brand","embeddable":true,"href":"https:\/\/ceoparts.com\/tr\/wp-json\/wp\/v2\/product_brand?post=14970"},{"taxonomy":"product_cat","embeddable":true,"href":"https:\/\/ceoparts.com\/tr\/wp-json\/wp\/v2\/product_cat?post=14970"},{"taxonomy":"product_tag","embeddable":true,"href":"https:\/\/ceoparts.com\/tr\/wp-json\/wp\/v2\/product_tag?post=14970"}],"curies":[{"name":"wp","href":"https:\/\/api.w.org\/{rel}","templated":true}]}}