{"id":14974,"date":"2025-02-18T18:00:50","date_gmt":"2025-02-18T15:00:50","guid":{"rendered":"https:\/\/ceoparts.com\/?post_type=product&#038;p=14974"},"modified":"2026-05-16T20:15:34","modified_gmt":"2026-05-16T17:15:34","slug":"bt-lwe-yeni-model-kol-kablosu-7579666","status":"publish","type":"product","link":"https:\/\/ceoparts.com\/tr\/urun\/bt-lwe-yeni-model-kol-kablosu-7579666\/","title":{"rendered":"BT Cesap Toyota Kol Kablosu &#8211; 7579666"},"content":{"rendered":"<p>BT Cesap Toyota Kol Kablosu &#8211; 7579666<\/p>\n<p><b><span style=\"font-size: small;\">BT &#8211; CESAB &#8211; TOYOTA<\/span><\/b><\/p>\n<div><b><span style=\"font-size: small;\">SWE200D<\/span><\/b><\/div>","protected":false},"excerpt":{"rendered":"<p data-start=\"0\" data-end=\"266\"><br data-start=\"5\" data-end=\"8\" \/>Forklift uygulamalar\u0131nda kullan\u0131lan <strong data-start=\"44\" data-end=\"75\">BT Cesap Toyota Kol Kablosu<\/strong>, forkliftlerin kumanda kolu ba\u011flant\u0131s\u0131n\u0131 sa\u011flayan esnek ve dayan\u0131kl\u0131 bir kablodur. Kaliteli yap\u0131s\u0131 sayesinde uzun \u00f6m\u00fcrl\u00fcd\u00fcr ve forkliftin kontrol sistemlerinde g\u00fcvenilir veri iletimi sa\u011flar.<\/p>\n<p data-start=\"268\" data-end=\"555\"><strong data-start=\"268\" data-end=\"283\">\u00d6zellikler:<\/strong><br data-start=\"283\" data-end=\"286\" \/><strong data-start=\"286\" data-end=\"299\">\u00dcr\u00fcn Ad\u0131:<\/strong> BT Cesap Toyota Kol Kablosu<br data-start=\"327\" data-end=\"330\" \/><strong data-start=\"330\" data-end=\"345\">Par\u00e7a Kodu:<\/strong> 7579666<br data-start=\"353\" data-end=\"356\" \/><strong data-start=\"356\" data-end=\"368\">Malzeme:<\/strong> Dayan\u0131kl\u0131 iletken kablo ve koruyucu d\u0131\u015f kaplama<br data-start=\"416\" data-end=\"419\" \/><strong data-start=\"419\" data-end=\"438\">Kullan\u0131m Alan\u0131:<\/strong> BT, Cesap ve Toyota forklift kumanda kol sistemleri<br data-start=\"490\" data-end=\"493\" \/><strong data-start=\"493\" data-end=\"505\">Avantaj:<\/strong> Esnek yap\u0131, g\u00fcvenilir sinyal iletimi, uzun \u00f6m\u00fcr<\/p>\n<p data-start=\"557\" data-end=\"831\">\n","protected":false},"featured_media":14976,"template":"","meta":[],"product_brand":[],"product_cat":[530,251,469,518,521],"product_tag":[],"class_list":{"0":"post-14974","1":"product","2":"type-product","3":"status-publish","4":"has-post-thumbnail","6":"product_cat-yedek-parca-toyota","7":"product_cat-bt","8":"product_cat-elektrik-ve-sistem-parcalari","9":"product_cat-yedek-parca-bt","10":"product_cat-toyota","12":"first","13":"instock","14":"taxable","15":"shipping-taxable","16":"purchasable","17":"product-type-simple"},"_links":{"self":[{"href":"https:\/\/ceoparts.com\/tr\/wp-json\/wp\/v2\/product\/14974","targetHints":{"allow":["GET"]}}],"collection":[{"href":"https:\/\/ceoparts.com\/tr\/wp-json\/wp\/v2\/product"}],"about":[{"href":"https:\/\/ceoparts.com\/tr\/wp-json\/wp\/v2\/types\/product"}],"wp:featuredmedia":[{"embeddable":true,"href":"https:\/\/ceoparts.com\/tr\/wp-json\/wp\/v2\/media\/14976"}],"wp:attachment":[{"href":"https:\/\/ceoparts.com\/tr\/wp-json\/wp\/v2\/media?parent=14974"}],"wp:term":[{"taxonomy":"product_brand","embeddable":true,"href":"https:\/\/ceoparts.com\/tr\/wp-json\/wp\/v2\/product_brand?post=14974"},{"taxonomy":"product_cat","embeddable":true,"href":"https:\/\/ceoparts.com\/tr\/wp-json\/wp\/v2\/product_cat?post=14974"},{"taxonomy":"product_tag","embeddable":true,"href":"https:\/\/ceoparts.com\/tr\/wp-json\/wp\/v2\/product_tag?post=14974"}],"curies":[{"name":"wp","href":"https:\/\/api.w.org\/{rel}","templated":true}]}}