{"id":14982,"date":"2025-02-18T18:05:54","date_gmt":"2025-02-18T15:05:54","guid":{"rendered":"https:\/\/ceoparts.com\/?post_type=product&#038;p=14982"},"modified":"2026-05-03T01:41:13","modified_gmt":"2026-05-02T22:41:13","slug":"toyota-forklift-aydinlatma-karti-23069t8a5071","status":"publish","type":"product","link":"https:\/\/ceoparts.com\/tr\/urun\/toyota-forklift-aydinlatma-karti-23069t8a5071\/","title":{"rendered":"Toyota Forklift Ayd\u0131nlatma Kart\u0131 &#8211; 23069T8A5071"},"content":{"rendered":"<p>Toyota Forklift Ayd\u0131nlatma Kart\u0131 &#8211; 23069T8A5071<\/p>","protected":false},"excerpt":{"rendered":"<p data-start=\"0\" data-end=\"269\"><br data-start=\"5\" data-end=\"8\" \/>Forklift uygulamalar\u0131nda kullan\u0131lan <strong data-start=\"44\" data-end=\"80\">Toyota Forklift Ayd\u0131nlatma Kart\u0131<\/strong>, forkliftin ayd\u0131nlatma sistemini kontrol eden y\u00fcksek kaliteli elektronik kartt\u0131r. Dayan\u0131kl\u0131 yap\u0131s\u0131 ve hassas tasar\u0131m\u0131 sayesinde forkliftin g\u00fcvenli ve verimli ayd\u0131nlatma performans\u0131 sa\u011flar.<\/p>\n<p data-start=\"271\" data-end=\"566\"><strong data-start=\"271\" data-end=\"286\">\u00d6zellikler:<\/strong><br data-start=\"286\" data-end=\"289\" \/><strong data-start=\"289\" data-end=\"302\">\u00dcr\u00fcn Ad\u0131:<\/strong> Toyota Forklift Ayd\u0131nlatma Kart\u0131<br data-start=\"335\" data-end=\"338\" \/><strong data-start=\"338\" data-end=\"353\">Par\u00e7a Kodu:<\/strong> 23069T8A5071<br data-start=\"366\" data-end=\"369\" \/><strong data-start=\"369\" data-end=\"381\">Malzeme:<\/strong> Dayan\u0131kl\u0131 elektronik bile\u015fenler ve bask\u0131l\u0131 devre kart\u0131<br data-start=\"436\" data-end=\"439\" \/><strong data-start=\"439\" data-end=\"458\">Kullan\u0131m Alan\u0131:<\/strong> Toyota forklift ayd\u0131nlatma sistemleri<br data-start=\"496\" data-end=\"499\" \/><strong data-start=\"499\" data-end=\"511\">Avantaj:<\/strong> Hassas kontrol, dayan\u0131kl\u0131 yap\u0131, g\u00fcvenilir performans<\/p>\n<p data-start=\"568\" data-end=\"817\">\n","protected":false},"featured_media":14983,"template":"","meta":[],"product_brand":[],"product_cat":[431,470,521,530],"product_tag":[],"class_list":{"0":"post-14982","1":"product","2":"type-product","3":"status-publish","4":"has-post-thumbnail","6":"product_cat-ekranlar-ve-kartlar","7":"product_cat-diger-yedek-parcalar","8":"product_cat-toyota","9":"product_cat-yedek-parca-toyota","11":"first","12":"instock","13":"taxable","14":"shipping-taxable","15":"purchasable","16":"product-type-simple"},"_links":{"self":[{"href":"https:\/\/ceoparts.com\/tr\/wp-json\/wp\/v2\/product\/14982","targetHints":{"allow":["GET"]}}],"collection":[{"href":"https:\/\/ceoparts.com\/tr\/wp-json\/wp\/v2\/product"}],"about":[{"href":"https:\/\/ceoparts.com\/tr\/wp-json\/wp\/v2\/types\/product"}],"wp:featuredmedia":[{"embeddable":true,"href":"https:\/\/ceoparts.com\/tr\/wp-json\/wp\/v2\/media\/14983"}],"wp:attachment":[{"href":"https:\/\/ceoparts.com\/tr\/wp-json\/wp\/v2\/media?parent=14982"}],"wp:term":[{"taxonomy":"product_brand","embeddable":true,"href":"https:\/\/ceoparts.com\/tr\/wp-json\/wp\/v2\/product_brand?post=14982"},{"taxonomy":"product_cat","embeddable":true,"href":"https:\/\/ceoparts.com\/tr\/wp-json\/wp\/v2\/product_cat?post=14982"},{"taxonomy":"product_tag","embeddable":true,"href":"https:\/\/ceoparts.com\/tr\/wp-json\/wp\/v2\/product_tag?post=14982"}],"curies":[{"name":"wp","href":"https:\/\/api.w.org\/{rel}","templated":true}]}}