{"id":14986,"date":"2025-02-18T18:26:04","date_gmt":"2025-02-18T15:26:04","guid":{"rendered":"https:\/\/ceoparts.com\/?post_type=product&#038;p=14986"},"modified":"2026-05-16T19:58:31","modified_gmt":"2026-05-16T16:58:31","slug":"toyota-1-6t-direksiyon-potansi-35098749","status":"publish","type":"product","link":"https:\/\/ceoparts.com\/tr\/urun\/toyota-1-6t-direksiyon-potansi-35098749\/","title":{"rendered":"Toyota 1.6T Direksiyon Potans\u0131 &#8211; 35098749"},"content":{"rendered":"<p>Toyota 1.6T Direksiyon Potans\u0131 &#8211; 35098749<\/p>","protected":false},"excerpt":{"rendered":"<p data-start=\"0\" data-end=\"317\"><br data-start=\"5\" data-end=\"8\" \/>Forklift uygulamalar\u0131nda kullan\u0131lan <strong data-start=\"44\" data-end=\"78\">Toyota 1.6T Direksiyon Potans\u0131<\/strong>, Toyota 1.6 ton kapasiteli forkliftlerin direksiyon sisteminde g\u00fc\u00e7 iletimi sa\u011flayan dayan\u0131kl\u0131 ve y\u00fcksek kaliteli bir par\u00e7ad\u0131r. Uzun \u00f6m\u00fcrl\u00fc yap\u0131s\u0131 ve sa\u011flam tasar\u0131m\u0131 sayesinde forkliftin manevra kabiliyetini art\u0131r\u0131r ve g\u00fcvenli s\u00fcr\u00fc\u015f sunar.<\/p>\n<p data-start=\"319\" data-end=\"585\"><strong data-start=\"319\" data-end=\"334\">\u00d6zellikler:<\/strong><br data-start=\"334\" data-end=\"337\" \/><strong data-start=\"337\" data-end=\"350\">\u00dcr\u00fcn Ad\u0131:<\/strong> Toyota 1.6T Direksiyon Potans\u0131<br data-start=\"381\" data-end=\"384\" \/><strong data-start=\"384\" data-end=\"399\">Par\u00e7a Kodu:<\/strong> 35098749<br data-start=\"408\" data-end=\"411\" \/><strong data-start=\"411\" data-end=\"423\">Malzeme:<\/strong> Y\u00fcksek dayan\u0131ml\u0131 metal ala\u015f\u0131m\u0131<br data-start=\"454\" data-end=\"457\" \/><strong data-start=\"457\" data-end=\"476\">Kullan\u0131m Alan\u0131:<\/strong> Toyota 1.6 ton forklift direksiyon sistemleri<br data-start=\"522\" data-end=\"525\" \/><strong data-start=\"525\" data-end=\"537\">Avantaj:<\/strong> G\u00fc\u00e7l\u00fc yap\u0131, y\u00fcksek dayan\u0131kl\u0131l\u0131k, kolay montaj<\/p>\n<p data-start=\"587\" data-end=\"877\">\n","protected":false},"featured_media":14988,"template":"","meta":[],"product_brand":[],"product_cat":[469,521,530],"product_tag":[],"class_list":{"0":"post-14986","1":"product","2":"type-product","3":"status-publish","4":"has-post-thumbnail","6":"product_cat-elektrik-ve-sistem-parcalari","7":"product_cat-toyota","8":"product_cat-yedek-parca-toyota","10":"first","11":"instock","12":"taxable","13":"shipping-taxable","14":"purchasable","15":"product-type-simple"},"_links":{"self":[{"href":"https:\/\/ceoparts.com\/tr\/wp-json\/wp\/v2\/product\/14986","targetHints":{"allow":["GET"]}}],"collection":[{"href":"https:\/\/ceoparts.com\/tr\/wp-json\/wp\/v2\/product"}],"about":[{"href":"https:\/\/ceoparts.com\/tr\/wp-json\/wp\/v2\/types\/product"}],"wp:featuredmedia":[{"embeddable":true,"href":"https:\/\/ceoparts.com\/tr\/wp-json\/wp\/v2\/media\/14988"}],"wp:attachment":[{"href":"https:\/\/ceoparts.com\/tr\/wp-json\/wp\/v2\/media?parent=14986"}],"wp:term":[{"taxonomy":"product_brand","embeddable":true,"href":"https:\/\/ceoparts.com\/tr\/wp-json\/wp\/v2\/product_brand?post=14986"},{"taxonomy":"product_cat","embeddable":true,"href":"https:\/\/ceoparts.com\/tr\/wp-json\/wp\/v2\/product_cat?post=14986"},{"taxonomy":"product_tag","embeddable":true,"href":"https:\/\/ceoparts.com\/tr\/wp-json\/wp\/v2\/product_tag?post=14986"}],"curies":[{"name":"wp","href":"https:\/\/api.w.org\/{rel}","templated":true}]}}