{"id":14990,"date":"2025-02-18T18:32:05","date_gmt":"2025-02-18T15:32:05","guid":{"rendered":"https:\/\/ceoparts.com\/?post_type=product&#038;p=14990"},"modified":"2026-05-16T21:02:34","modified_gmt":"2026-05-16T18:02:34","slug":"linde-elektronik-kart-unitesi-3093605040-3093605005","status":"publish","type":"product","link":"https:\/\/ceoparts.com\/tr\/urun\/linde-elektronik-kart-unitesi-3093605040-3093605005\/","title":{"rendered":"Linde Elektronik Kart \u00dcnitesi &#8211; 3093605040 , 3093605005"},"content":{"rendered":"<p>Linde Elektronik Kart \u00dcnitesi &#8211; 3093605040 , 3093605005<\/p>\n<table border=\"0\" width=\"226\" cellspacing=\"0\" cellpadding=\"0\">\n<colgroup>\n<col width=\"64\" \/>\n<col width=\"162\" \/><\/colgroup>\n<tbody>\n<tr>\n<td width=\"64\" height=\"19\">1152<\/td>\n<td width=\"162\">T16\/T18\/T20\/T16L<\/td>\n<\/tr>\n<tr>\n<td height=\"19\">1160<\/td>\n<td>D06\/D08<\/td>\n<\/tr>\n<tr>\n<td height=\"19\">1169<\/td>\n<td>L10\/L12\/L14C<\/td>\n<\/tr>\n<tr>\n<td height=\"19\">1172<\/td>\n<td>L10\/L12\/L12i<\/td>\n<\/tr>\n<\/tbody>\n<\/table>","protected":false},"excerpt":{"rendered":"<p data-start=\"0\" data-end=\"296\"><br data-start=\"5\" data-end=\"8\" \/>Forklift uygulamalar\u0131nda kullan\u0131lan <strong data-start=\"44\" data-end=\"77\">Linde Elektronik Kart \u00dcnitesi<\/strong>, forkliftin elektronik kontrol sistemlerinde kritik rol oynayan y\u00fcksek kaliteli bir devre kart\u0131 \u00fcnitesidir. Dayan\u0131kl\u0131 yap\u0131s\u0131 ve hassas tasar\u0131m\u0131 sayesinde forkliftin performans\u0131n\u0131 art\u0131r\u0131r ve uzun \u00f6m\u00fcrl\u00fc kullan\u0131m sa\u011flar.<\/p>\n<p data-start=\"298\" data-end=\"607\"><strong data-start=\"298\" data-end=\"313\">\u00d6zellikler:<\/strong><br data-start=\"313\" data-end=\"316\" \/><strong data-start=\"316\" data-end=\"329\">\u00dcr\u00fcn Ad\u0131:<\/strong> Linde Elektronik Kart \u00dcnitesi<br data-start=\"359\" data-end=\"362\" \/><strong data-start=\"362\" data-end=\"377\">Par\u00e7a Kodu:<\/strong> 3093605040, 3093605005<br data-start=\"400\" data-end=\"403\" \/><strong data-start=\"403\" data-end=\"415\">Malzeme:<\/strong> Dayan\u0131kl\u0131 elektronik bile\u015fenler ve bask\u0131l\u0131 devre kart\u0131<br data-start=\"470\" data-end=\"473\" \/><strong data-start=\"473\" data-end=\"492\">Kullan\u0131m Alan\u0131:<\/strong> Linde forklift elektronik kontrol sistemleri<br data-start=\"537\" data-end=\"540\" \/><strong data-start=\"540\" data-end=\"552\">Avantaj:<\/strong> Hassas kontrol, dayan\u0131kl\u0131 yap\u0131, g\u00fcvenilir performans<\/p>\n<p data-start=\"609\" data-end=\"904\">\n","protected":false},"featured_media":14992,"template":"","meta":[],"product_brand":[],"product_cat":[246,431,470,523],"product_tag":[],"class_list":{"0":"post-14990","1":"product","2":"type-product","3":"status-publish","4":"has-post-thumbnail","6":"product_cat-linde","7":"product_cat-ekranlar-ve-kartlar","8":"product_cat-diger-yedek-parcalar","9":"product_cat-yedek-parca-linde","11":"first","12":"instock","13":"taxable","14":"shipping-taxable","15":"purchasable","16":"product-type-simple"},"_links":{"self":[{"href":"https:\/\/ceoparts.com\/tr\/wp-json\/wp\/v2\/product\/14990","targetHints":{"allow":["GET"]}}],"collection":[{"href":"https:\/\/ceoparts.com\/tr\/wp-json\/wp\/v2\/product"}],"about":[{"href":"https:\/\/ceoparts.com\/tr\/wp-json\/wp\/v2\/types\/product"}],"wp:featuredmedia":[{"embeddable":true,"href":"https:\/\/ceoparts.com\/tr\/wp-json\/wp\/v2\/media\/14992"}],"wp:attachment":[{"href":"https:\/\/ceoparts.com\/tr\/wp-json\/wp\/v2\/media?parent=14990"}],"wp:term":[{"taxonomy":"product_brand","embeddable":true,"href":"https:\/\/ceoparts.com\/tr\/wp-json\/wp\/v2\/product_brand?post=14990"},{"taxonomy":"product_cat","embeddable":true,"href":"https:\/\/ceoparts.com\/tr\/wp-json\/wp\/v2\/product_cat?post=14990"},{"taxonomy":"product_tag","embeddable":true,"href":"https:\/\/ceoparts.com\/tr\/wp-json\/wp\/v2\/product_tag?post=14990"}],"curies":[{"name":"wp","href":"https:\/\/api.w.org\/{rel}","templated":true}]}}