{"id":14995,"date":"2025-02-18T18:38:11","date_gmt":"2025-02-18T15:38:11","guid":{"rendered":"https:\/\/ceoparts.com\/?post_type=product&#038;p=14995"},"modified":"2026-05-16T21:02:50","modified_gmt":"2026-05-16T18:02:50","slug":"tcm-dingil-potansi-11718643-643611718643","status":"publish","type":"product","link":"https:\/\/ceoparts.com\/tr\/urun\/tcm-dingil-potansi-11718643-643611718643\/","title":{"rendered":"Tcm Dingil Potans\u0131 -11718643 ,  643611718643"},"content":{"rendered":"<p>Tcm Dingil Potans\u0131 -11718643 ,  643611718643<\/p>","protected":false},"excerpt":{"rendered":"<p data-start=\"0\" data-end=\"245\"><br data-start=\"5\" data-end=\"8\" \/>Forklift uygulamalar\u0131nda kullan\u0131lan <strong data-start=\"44\" data-end=\"66\">TCM Dingil Potans\u0131<\/strong>, forkliftin dingil sistemine g\u00fc\u00e7 ve denge sa\u011flayan sa\u011flam ve dayan\u0131kl\u0131 bir par\u00e7ad\u0131r. Y\u00fcksek kaliteli malzemeden \u00fcretilmi\u015f olup forkliftin performans\u0131n\u0131 art\u0131r\u0131r ve uzun \u00f6m\u00fcrl\u00fcd\u00fcr.<\/p>\n<p data-start=\"247\" data-end=\"490\"><strong data-start=\"247\" data-end=\"262\">\u00d6zellikler:<\/strong><br data-start=\"262\" data-end=\"265\" \/><strong data-start=\"265\" data-end=\"278\">\u00dcr\u00fcn Ad\u0131:<\/strong> TCM Dingil Potans\u0131<br data-start=\"297\" data-end=\"300\" \/><strong data-start=\"300\" data-end=\"315\">Par\u00e7a Kodu:<\/strong> 11718643, 643611718643<br data-start=\"338\" data-end=\"341\" \/><strong data-start=\"341\" data-end=\"353\">Malzeme:<\/strong> Dayan\u0131kl\u0131 metal ala\u015f\u0131m\u0131<br data-start=\"377\" data-end=\"380\" \/><strong data-start=\"380\" data-end=\"399\">Kullan\u0131m Alan\u0131:<\/strong> TCM forklift dingil sistemleri<br data-start=\"430\" data-end=\"433\" \/><strong data-start=\"433\" data-end=\"445\">Avantaj:<\/strong> G\u00fc\u00e7l\u00fc yap\u0131, y\u00fcksek dayan\u0131kl\u0131l\u0131k, uzun \u00f6m\u00fcr<\/p>\n<p data-start=\"492\" data-end=\"745\">\n","protected":false},"featured_media":14997,"template":"","meta":[],"product_brand":[],"product_cat":[469],"product_tag":[],"class_list":{"0":"post-14995","1":"product","2":"type-product","3":"status-publish","4":"has-post-thumbnail","6":"product_cat-elektrik-ve-sistem-parcalari","8":"first","9":"instock","10":"taxable","11":"shipping-taxable","12":"purchasable","13":"product-type-simple"},"_links":{"self":[{"href":"https:\/\/ceoparts.com\/tr\/wp-json\/wp\/v2\/product\/14995","targetHints":{"allow":["GET"]}}],"collection":[{"href":"https:\/\/ceoparts.com\/tr\/wp-json\/wp\/v2\/product"}],"about":[{"href":"https:\/\/ceoparts.com\/tr\/wp-json\/wp\/v2\/types\/product"}],"wp:featuredmedia":[{"embeddable":true,"href":"https:\/\/ceoparts.com\/tr\/wp-json\/wp\/v2\/media\/14997"}],"wp:attachment":[{"href":"https:\/\/ceoparts.com\/tr\/wp-json\/wp\/v2\/media?parent=14995"}],"wp:term":[{"taxonomy":"product_brand","embeddable":true,"href":"https:\/\/ceoparts.com\/tr\/wp-json\/wp\/v2\/product_brand?post=14995"},{"taxonomy":"product_cat","embeddable":true,"href":"https:\/\/ceoparts.com\/tr\/wp-json\/wp\/v2\/product_cat?post=14995"},{"taxonomy":"product_tag","embeddable":true,"href":"https:\/\/ceoparts.com\/tr\/wp-json\/wp\/v2\/product_tag?post=14995"}],"curies":[{"name":"wp","href":"https:\/\/api.w.org\/{rel}","templated":true}]}}