{"id":15000,"date":"2025-02-18T18:42:26","date_gmt":"2025-02-18T15:42:26","guid":{"rendered":"https:\/\/ceoparts.com\/?post_type=product&#038;p=15000"},"modified":"2026-05-16T22:04:07","modified_gmt":"2026-05-16T19:04:07","slug":"linde-encoder-3095400903-1920354","status":"publish","type":"product","link":"https:\/\/ceoparts.com\/tr\/urun\/linde-encoder-3095400903-1920354\/","title":{"rendered":"Linde Encoder &#8211; 3095400903 ,1920354"},"content":{"rendered":"<p>Linde Encoder &#8211; 3095400903 ,1920354<\/p>\n<p>1173\u00a0L14\/L16\/L20<br \/>\n1173\u00a0L14\/L16\/L20<\/p>","protected":false},"excerpt":{"rendered":"<p data-start=\"0\" data-end=\"292\"><br data-start=\"5\" data-end=\"8\" \/>Forklift uygulamalar\u0131nda kullan\u0131lan <strong data-start=\"44\" data-end=\"61\">Linde Encoder<\/strong>, forklift hareket ve pozisyon kontrol sistemlerinde hassas \u00f6l\u00e7\u00fcm sa\u011flayan y\u00fcksek kaliteli bir sens\u00f6rd\u00fcr. Dayan\u0131kl\u0131 yap\u0131s\u0131 sayesinde zorlu \u00e7al\u0131\u015fma ko\u015fullar\u0131nda g\u00fcvenilir performans sunar ve forkliftin verimli \u00e7al\u0131\u015fmas\u0131n\u0131 destekler.<\/p>\n<p data-start=\"294\" data-end=\"574\"><strong data-start=\"294\" data-end=\"309\">\u00d6zellikler:<\/strong><br data-start=\"309\" data-end=\"312\" \/><strong data-start=\"312\" data-end=\"325\">\u00dcr\u00fcn Ad\u0131:<\/strong> Linde Encoder<br data-start=\"339\" data-end=\"342\" \/><strong data-start=\"342\" data-end=\"357\">Par\u00e7a Kodu:<\/strong> 3095400903, 1920354<br data-start=\"377\" data-end=\"380\" \/><strong data-start=\"380\" data-end=\"392\">Malzeme:<\/strong> Dayan\u0131kl\u0131 elektronik ve metal malzeme<br data-start=\"430\" data-end=\"433\" \/><strong data-start=\"433\" data-end=\"452\">Kullan\u0131m Alan\u0131:<\/strong> Linde forklift hareket ve pozisyon kontrol sistemleri<br data-start=\"506\" data-end=\"509\" \/><strong data-start=\"509\" data-end=\"521\">Avantaj:<\/strong> Hassas \u00f6l\u00e7\u00fcm, dayan\u0131kl\u0131 yap\u0131, g\u00fcvenilir performans<\/p>\n<p data-start=\"576\" data-end=\"873\">\n","protected":false},"featured_media":15002,"template":"","meta":[],"product_brand":[],"product_cat":[246,470,523],"product_tag":[],"class_list":{"0":"post-15000","1":"product","2":"type-product","3":"status-publish","4":"has-post-thumbnail","6":"product_cat-linde","7":"product_cat-diger-yedek-parcalar","8":"product_cat-yedek-parca-linde","10":"first","11":"instock","12":"taxable","13":"shipping-taxable","14":"purchasable","15":"product-type-simple"},"_links":{"self":[{"href":"https:\/\/ceoparts.com\/tr\/wp-json\/wp\/v2\/product\/15000","targetHints":{"allow":["GET"]}}],"collection":[{"href":"https:\/\/ceoparts.com\/tr\/wp-json\/wp\/v2\/product"}],"about":[{"href":"https:\/\/ceoparts.com\/tr\/wp-json\/wp\/v2\/types\/product"}],"wp:featuredmedia":[{"embeddable":true,"href":"https:\/\/ceoparts.com\/tr\/wp-json\/wp\/v2\/media\/15002"}],"wp:attachment":[{"href":"https:\/\/ceoparts.com\/tr\/wp-json\/wp\/v2\/media?parent=15000"}],"wp:term":[{"taxonomy":"product_brand","embeddable":true,"href":"https:\/\/ceoparts.com\/tr\/wp-json\/wp\/v2\/product_brand?post=15000"},{"taxonomy":"product_cat","embeddable":true,"href":"https:\/\/ceoparts.com\/tr\/wp-json\/wp\/v2\/product_cat?post=15000"},{"taxonomy":"product_tag","embeddable":true,"href":"https:\/\/ceoparts.com\/tr\/wp-json\/wp\/v2\/product_tag?post=15000"}],"curies":[{"name":"wp","href":"https:\/\/api.w.org\/{rel}","templated":true}]}}