{"id":15010,"date":"2025-02-18T19:01:46","date_gmt":"2025-02-18T16:01:46","guid":{"rendered":"https:\/\/ceoparts.com\/?post_type=product&#038;p=15010"},"modified":"2026-05-16T22:18:32","modified_gmt":"2026-05-16T19:18:32","slug":"jungheinrich-kol-dayama-baglanti-parcasi-50434609-12036539","status":"publish","type":"product","link":"https:\/\/ceoparts.com\/tr\/urun\/jungheinrich-kol-dayama-baglanti-parcasi-50434609-12036539\/","title":{"rendered":"Jungheinrich Kol Dayama Ba\u011flant\u0131 Par\u00e7as\u0131 &#8211; 50434609 , 12036539"},"content":{"rendered":"<p>Jungheinrich Kol Dayama Ba\u011flant\u0131 Par\u00e7as\u0131 &#8211; 50434609 , 12036539<\/p>","protected":false},"excerpt":{"rendered":"<p data-start=\"0\" data-end=\"282\"><br data-start=\"5\" data-end=\"8\" \/>Forklift uygulamalar\u0131nda kullan\u0131lan <strong data-start=\"44\" data-end=\"88\">Jungheinrich Kol Dayama Ba\u011flant\u0131 Par\u00e7as\u0131<\/strong>, operat\u00f6r kol dayama b\u00f6l\u00fcm\u00fcn\u00fc forklift yap\u0131s\u0131na sa\u011flam ve g\u00fcvenli \u015fekilde ba\u011flayan dayan\u0131kl\u0131 bir par\u00e7ad\u0131r. Y\u00fcksek kaliteli malzemeden \u00fcretilmi\u015f olup uzun \u00f6m\u00fcrl\u00fcd\u00fcr ve ergonomik kullan\u0131m sa\u011flar.<\/p>\n<p data-start=\"284\" data-end=\"560\"><strong data-start=\"284\" data-end=\"299\">\u00d6zellikler:<\/strong><br data-start=\"299\" data-end=\"302\" \/><strong data-start=\"302\" data-end=\"315\">\u00dcr\u00fcn Ad\u0131:<\/strong> Jungheinrich Kol Dayama Ba\u011flant\u0131 Par\u00e7as\u0131<br data-start=\"356\" data-end=\"359\" \/><strong data-start=\"359\" data-end=\"374\">Par\u00e7a Kodu:<\/strong> 50434609, 12036539<br data-start=\"393\" data-end=\"396\" \/><strong data-start=\"396\" data-end=\"408\">Malzeme:<\/strong> Dayan\u0131kl\u0131 metal ala\u015f\u0131m\u0131<br data-start=\"432\" data-end=\"435\" \/><strong data-start=\"435\" data-end=\"454\">Kullan\u0131m Alan\u0131:<\/strong> Jungheinrich forklift kol dayama sistemleri<br data-start=\"498\" data-end=\"501\" \/><strong data-start=\"501\" data-end=\"513\">Avantaj:<\/strong> Sa\u011flam ba\u011flant\u0131, uzun \u00f6m\u00fcr, ergonomik destek<\/p>\n<p data-start=\"562\" data-end=\"814\">\n","protected":false},"featured_media":15013,"template":"","meta":[],"product_brand":[],"product_cat":[236,470,522],"product_tag":[],"class_list":{"0":"post-15010","1":"product","2":"type-product","3":"status-publish","4":"has-post-thumbnail","6":"product_cat-jungheinrich","7":"product_cat-diger-yedek-parcalar","8":"product_cat-yedek-parca-jungheinrich","10":"first","11":"instock","12":"taxable","13":"shipping-taxable","14":"purchasable","15":"product-type-simple"},"_links":{"self":[{"href":"https:\/\/ceoparts.com\/tr\/wp-json\/wp\/v2\/product\/15010","targetHints":{"allow":["GET"]}}],"collection":[{"href":"https:\/\/ceoparts.com\/tr\/wp-json\/wp\/v2\/product"}],"about":[{"href":"https:\/\/ceoparts.com\/tr\/wp-json\/wp\/v2\/types\/product"}],"wp:featuredmedia":[{"embeddable":true,"href":"https:\/\/ceoparts.com\/tr\/wp-json\/wp\/v2\/media\/15013"}],"wp:attachment":[{"href":"https:\/\/ceoparts.com\/tr\/wp-json\/wp\/v2\/media?parent=15010"}],"wp:term":[{"taxonomy":"product_brand","embeddable":true,"href":"https:\/\/ceoparts.com\/tr\/wp-json\/wp\/v2\/product_brand?post=15010"},{"taxonomy":"product_cat","embeddable":true,"href":"https:\/\/ceoparts.com\/tr\/wp-json\/wp\/v2\/product_cat?post=15010"},{"taxonomy":"product_tag","embeddable":true,"href":"https:\/\/ceoparts.com\/tr\/wp-json\/wp\/v2\/product_tag?post=15010"}],"curies":[{"name":"wp","href":"https:\/\/api.w.org\/{rel}","templated":true}]}}