{"id":15016,"date":"2025-02-18T19:11:32","date_gmt":"2025-02-18T16:11:32","guid":{"rendered":"https:\/\/ceoparts.com\/?post_type=product&#038;p=15016"},"modified":"2026-05-16T22:38:07","modified_gmt":"2026-05-16T19:38:07","slug":"still-tekerlek-reduktor-12553856-532326","status":"publish","type":"product","link":"https:\/\/ceoparts.com\/tr\/urun\/still-tekerlek-reduktor-12553856-532326\/","title":{"rendered":"Still Tekerlek Red\u00fckt\u00f6r\u00fc &#8211; 12553856 , 532326"},"content":{"rendered":"<p>Still Tekerlek Red\u00fckt\u00f6r\u00fc &#8211; 12553856 , 532326<\/p>\n<p><\/p>","protected":false},"excerpt":{"rendered":"<article class=\"text-token-text-primary w-full\" dir=\"auto\" data-testid=\"conversation-turn-62\" data-scroll-anchor=\"true\">\n<div class=\"text-base my-auto mx-auto py-5 [--thread-content-margin:--spacing(4)] @[37rem]:[--thread-content-margin:--spacing(6)] @[72rem]:[--thread-content-margin:--spacing(16)] px-(--thread-content-margin)\">\n<div class=\"[--thread-content-max-width:32rem] @[34rem]:[--thread-content-max-width:40rem] @[64rem]:[--thread-content-max-width:48rem] mx-auto flex max-w-(--thread-content-max-width) flex-1 text-base gap-4 md:gap-5 lg:gap-6 group\/turn-messages focus-visible:outline-hidden\" tabindex=\"-1\">\n<div class=\"group\/conversation-turn relative flex w-full min-w-0 flex-col agent-turn\">\n<div class=\"relative flex-col gap-1 md:gap-3\">\n<div class=\"flex max-w-full flex-col grow\">\n<div class=\"min-h-8 text-message relative flex w-full flex-col items-end gap-2 text-start break-words whitespace-normal [.text-message+&amp;]:mt-5\" dir=\"auto\" data-message-author-role=\"assistant\" data-message-id=\"0b713b69-28d4-49d0-991d-f4f40be43932\" data-message-model-slug=\"gpt-4-1-mini\">\n<div class=\"flex w-full flex-col gap-1 empty:hidden first:pt-[3px]\">\n<div class=\"markdown prose dark:prose-invert w-full break-words light\">\n<p data-start=\"0\" data-end=\"289\"><br data-start=\"5\" data-end=\"8\" \/><span dir=\"auto\" style=\"vertical-align: inherit;\"><span dir=\"auto\" style=\"vertical-align: inherit;\">Forklift uygulamalar\u0131nda kullan\u0131lan Still Tekerlek Red\u00fckt\u00f6r\u00fc &#8211; 12553856 , 532326, forkliftin tekerlek hareketini g\u00fc\u00e7lendiren ve tork iletimini sa\u011flayan dayan\u0131kl\u0131 ve y\u00fcksek performansl\u0131 bir red\u00fckt\u00f6rd\u00fcr. Y\u00fcksek kaliteli malzemeden \u00fcretilmi\u015f olup uzun \u00f6m\u00fcrl\u00fcd\u00fcr ve zorlu \u00e7al\u0131\u015fma ko\u015fullar\u0131na uygundur.<\/span><\/span><\/p>\n<p data-start=\"291\" data-end=\"549\"><strong data-start=\"291\" data-end=\"306\"><span dir=\"auto\" style=\"vertical-align: inherit;\"><span dir=\"auto\" style=\"vertical-align: inherit;\">\u00d6zellikler:<\/span><\/span><\/strong><br data-start=\"306\" data-end=\"309\" \/><strong data-start=\"309\" data-end=\"322\"><span dir=\"auto\" style=\"vertical-align: inherit;\"><span dir=\"auto\" style=\"vertical-align: inherit;\">\u00dcr\u00fcn Ad\u0131:<\/span><\/span><\/strong><span dir=\"auto\" style=\"vertical-align: inherit;\"><span dir=\"auto\" style=\"vertical-align: inherit;\"> Still Tekerlek Red\u00fckt\u00f6r\u00fc<\/span><\/span><br data-start=\"347\" data-end=\"350\" \/><strong data-start=\"350\" data-end=\"365\"><span dir=\"auto\" style=\"vertical-align: inherit;\"><span dir=\"auto\" style=\"vertical-align: inherit;\">Par\u00e7a Kodu:<\/span><\/span><\/strong><span dir=\"auto\" style=\"vertical-align: inherit;\"><span dir=\"auto\" style=\"vertical-align: inherit;\"> 12553856, 532326<\/span><\/span><br data-start=\"382\" data-end=\"385\" \/><strong data-start=\"385\" data-end=\"397\"><span dir=\"auto\" style=\"vertical-align: inherit;\"><span dir=\"auto\" style=\"vertical-align: inherit;\">Malzeme:<\/span><\/span><\/strong><span dir=\"auto\" style=\"vertical-align: inherit;\"><span dir=\"auto\" style=\"vertical-align: inherit;\"> Y\u00fcksek dayan\u0131ml\u0131 metal ala\u015f\u0131m\u0131<\/span><\/span><br data-start=\"428\" data-end=\"431\" \/><strong data-start=\"431\" data-end=\"450\"><span dir=\"auto\" style=\"vertical-align: inherit;\"><span dir=\"auto\" style=\"vertical-align: inherit;\">Kullan\u0131m Alan\u0131:<\/span><\/span><\/strong><span dir=\"auto\" style=\"vertical-align: inherit;\"><span dir=\"auto\" style=\"vertical-align: inherit;\"> Still forklift tekerlek sistemleri<\/span><\/span><br data-start=\"485\" data-end=\"488\" \/><strong data-start=\"488\" data-end=\"500\"><span dir=\"auto\" style=\"vertical-align: inherit;\"><span dir=\"auto\" style=\"vertical-align: inherit;\">Avantaj:<\/span><\/span><\/strong><span dir=\"auto\" style=\"vertical-align: inherit;\"><span dir=\"auto\" style=\"vertical-align: inherit;\"> G\u00fc\u00e7l\u00fc tork aktar\u0131m\u0131, dayan\u0131kl\u0131 yap\u0131, uzun \u00f6m\u00fcr<\/span><\/span><\/p>\n<\/div>\n<\/div>\n<\/div>\n<\/div>\n<\/div>\n<\/div>\n<\/div>\n<\/div>\n<\/article>\n","protected":false},"featured_media":15020,"template":"","meta":[],"product_brand":[],"product_cat":[470,241,246,523,524],"product_tag":[512,513,514],"class_list":{"0":"post-15016","1":"product","2":"type-product","3":"status-publish","4":"has-post-thumbnail","6":"product_cat-diger-yedek-parcalar","7":"product_cat-still","8":"product_cat-linde","9":"product_cat-yedek-parca-linde","10":"product_cat-yedek-parca-still","11":"product_tag-still-tekerlek-reduktoru","12":"product_tag-513","13":"product_tag-514","15":"first","16":"instock","17":"taxable","18":"shipping-taxable","19":"purchasable","20":"product-type-simple"},"_links":{"self":[{"href":"https:\/\/ceoparts.com\/tr\/wp-json\/wp\/v2\/product\/15016","targetHints":{"allow":["GET"]}}],"collection":[{"href":"https:\/\/ceoparts.com\/tr\/wp-json\/wp\/v2\/product"}],"about":[{"href":"https:\/\/ceoparts.com\/tr\/wp-json\/wp\/v2\/types\/product"}],"wp:featuredmedia":[{"embeddable":true,"href":"https:\/\/ceoparts.com\/tr\/wp-json\/wp\/v2\/media\/15020"}],"wp:attachment":[{"href":"https:\/\/ceoparts.com\/tr\/wp-json\/wp\/v2\/media?parent=15016"}],"wp:term":[{"taxonomy":"product_brand","embeddable":true,"href":"https:\/\/ceoparts.com\/tr\/wp-json\/wp\/v2\/product_brand?post=15016"},{"taxonomy":"product_cat","embeddable":true,"href":"https:\/\/ceoparts.com\/tr\/wp-json\/wp\/v2\/product_cat?post=15016"},{"taxonomy":"product_tag","embeddable":true,"href":"https:\/\/ceoparts.com\/tr\/wp-json\/wp\/v2\/product_tag?post=15016"}],"curies":[{"name":"wp","href":"https:\/\/api.w.org\/{rel}","templated":true}]}}