{"id":15021,"date":"2025-02-18T19:14:45","date_gmt":"2025-02-18T16:14:45","guid":{"rendered":"https:\/\/ceoparts.com\/?post_type=product&#038;p=15021"},"modified":"2026-05-17T00:00:14","modified_gmt":"2026-05-16T21:00:14","slug":"linde-yuruyus-reduktoru-0039811001","status":"publish","type":"product","link":"https:\/\/ceoparts.com\/tr\/urun\/linde-yuruyus-reduktoru-0039811001\/","title":{"rendered":"Linde Y\u00fcr\u00fcy\u00fc\u015f Red\u00fckt\u00f6r\u00fc &#8211; 0039811001"},"content":{"rendered":"<p>Linde Y\u00fcr\u00fcy\u00fc\u015f Red\u00fckt\u00f6r\u00fc &#8211; 0039811001<\/p>","protected":false},"excerpt":{"rendered":"<p data-start=\"0\" data-end=\"286\"><br data-start=\"5\" data-end=\"8\" \/>Forklift uygulamalar\u0131nda kullan\u0131lan <strong data-start=\"44\" data-end=\"71\">Linde Y\u00fcr\u00fcy\u00fc\u015f Red\u00fckt\u00f6r\u00fc<\/strong>, forkliftin y\u00fcr\u00fcy\u00fc\u015f mekanizmas\u0131nda g\u00fc\u00e7 aktar\u0131m\u0131n\u0131 sa\u011flayan dayan\u0131kl\u0131 ve y\u00fcksek performansl\u0131 bir red\u00fckt\u00f6rd\u00fcr. Y\u00fcksek kaliteli malzemelerden \u00fcretilmi\u015f olup, forkliftin hareket verimlili\u011fini art\u0131r\u0131r ve uzun \u00f6m\u00fcrl\u00fcd\u00fcr.<\/p>\n<p data-start=\"288\" data-end=\"538\"><strong data-start=\"288\" data-end=\"303\">\u00d6zellikler:<\/strong><br data-start=\"303\" data-end=\"306\" \/><strong data-start=\"306\" data-end=\"319\">\u00dcr\u00fcn Ad\u0131:<\/strong> Linde Y\u00fcr\u00fcy\u00fc\u015f Red\u00fckt\u00f6r\u00fc<br data-start=\"343\" data-end=\"346\" \/><strong data-start=\"346\" data-end=\"361\">Par\u00e7a Kodu:<\/strong> 0039811001<br data-start=\"372\" data-end=\"375\" \/><strong data-start=\"375\" data-end=\"387\">Malzeme:<\/strong> Y\u00fcksek dayan\u0131ml\u0131 metal ala\u015f\u0131m\u0131<br data-start=\"418\" data-end=\"421\" \/><strong data-start=\"421\" data-end=\"440\">Kullan\u0131m Alan\u0131:<\/strong> Linde forklift y\u00fcr\u00fcy\u00fc\u015f sistemleri<br data-start=\"474\" data-end=\"477\" \/><strong data-start=\"477\" data-end=\"489\">Avantaj:<\/strong> G\u00fc\u00e7l\u00fc tork aktar\u0131m\u0131, dayan\u0131kl\u0131 yap\u0131, uzun \u00f6m\u00fcr<\/p>\n<p data-start=\"540\" data-end=\"830\">\n","protected":false},"featured_media":17088,"template":"","meta":[],"product_brand":[],"product_cat":[246,470,523],"product_tag":[],"class_list":{"0":"post-15021","1":"product","2":"type-product","3":"status-publish","4":"has-post-thumbnail","6":"product_cat-linde","7":"product_cat-diger-yedek-parcalar","8":"product_cat-yedek-parca-linde","10":"first","11":"instock","12":"taxable","13":"shipping-taxable","14":"purchasable","15":"product-type-simple"},"_links":{"self":[{"href":"https:\/\/ceoparts.com\/tr\/wp-json\/wp\/v2\/product\/15021","targetHints":{"allow":["GET"]}}],"collection":[{"href":"https:\/\/ceoparts.com\/tr\/wp-json\/wp\/v2\/product"}],"about":[{"href":"https:\/\/ceoparts.com\/tr\/wp-json\/wp\/v2\/types\/product"}],"wp:featuredmedia":[{"embeddable":true,"href":"https:\/\/ceoparts.com\/tr\/wp-json\/wp\/v2\/media\/17088"}],"wp:attachment":[{"href":"https:\/\/ceoparts.com\/tr\/wp-json\/wp\/v2\/media?parent=15021"}],"wp:term":[{"taxonomy":"product_brand","embeddable":true,"href":"https:\/\/ceoparts.com\/tr\/wp-json\/wp\/v2\/product_brand?post=15021"},{"taxonomy":"product_cat","embeddable":true,"href":"https:\/\/ceoparts.com\/tr\/wp-json\/wp\/v2\/product_cat?post=15021"},{"taxonomy":"product_tag","embeddable":true,"href":"https:\/\/ceoparts.com\/tr\/wp-json\/wp\/v2\/product_tag?post=15021"}],"curies":[{"name":"wp","href":"https:\/\/api.w.org\/{rel}","templated":true}]}}