{"id":15028,"date":"2025-02-18T19:17:29","date_gmt":"2025-02-18T16:17:29","guid":{"rendered":"https:\/\/ceoparts.com\/?post_type=product&#038;p=15028"},"modified":"2026-05-16T22:37:49","modified_gmt":"2026-05-16T19:37:49","slug":"bt-master-cyl-clutch-cyl-0064576ce","status":"publish","type":"product","link":"https:\/\/ceoparts.com\/tr\/urun\/bt-master-cyl-clutch-cyl-0064576ce\/","title":{"rendered":"BT Master Cyl. Clutch Cyl. &#8211; 0064576CE"},"content":{"rendered":"<p>BT Master Cyl. Clutch Cyl. &#8211; 0064576CE<\/p>\n","protected":false},"excerpt":{"rendered":"<p data-start=\"0\" data-end=\"297\"><br data-start=\"5\" data-end=\"8\" \/>Forklift uygulamalar\u0131nda kullan\u0131lan <strong data-start=\"44\" data-end=\"74\">BT Master Cyl. Clutch Cyl.<\/strong>, debriyaj sisteminin ana silindiri olarak g\u00f6rev yapan y\u00fcksek kaliteli ve dayan\u0131kl\u0131 bir par\u00e7ad\u0131r. Debriyaj\u0131n do\u011fru ve g\u00fcvenli \u015fekilde \u00e7al\u0131\u015fmas\u0131n\u0131 sa\u011flar, b\u00f6ylece forkliftin performans\u0131n\u0131 art\u0131r\u0131r ve mekanik a\u015f\u0131nmay\u0131 azalt\u0131r.<\/p>\n<p data-start=\"299\" data-end=\"550\"><strong data-start=\"299\" data-end=\"314\">\u00d6zellikler:<\/strong><br data-start=\"314\" data-end=\"317\" \/><strong data-start=\"317\" data-end=\"330\">\u00dcr\u00fcn Ad\u0131:<\/strong> BT Master Cyl. Clutch Cyl.<br data-start=\"357\" data-end=\"360\" \/><strong data-start=\"360\" data-end=\"375\">Par\u00e7a Kodu:<\/strong> 0064576CE<br data-start=\"385\" data-end=\"388\" \/><strong data-start=\"388\" data-end=\"400\">Malzeme:<\/strong> Dayan\u0131kl\u0131 metal ala\u015f\u0131m\u0131<br data-start=\"424\" data-end=\"427\" \/><strong data-start=\"427\" data-end=\"446\">Kullan\u0131m Alan\u0131:<\/strong> Forklift debriyaj sistemleri<br data-start=\"475\" data-end=\"478\" \/><strong data-start=\"478\" data-end=\"490\">Avantaj:<\/strong> G\u00fcvenli debriyaj kontrol\u00fc, y\u00fcksek dayan\u0131kl\u0131l\u0131k, uzun \u00f6m\u00fcr<\/p>\n<p data-start=\"552\" data-end=\"822\">\n","protected":false},"featured_media":15030,"template":"","meta":[],"product_brand":[],"product_cat":[523,246,251,470,518],"product_tag":[],"class_list":{"0":"post-15028","1":"product","2":"type-product","3":"status-publish","4":"has-post-thumbnail","6":"product_cat-yedek-parca-linde","7":"product_cat-linde","8":"product_cat-bt","9":"product_cat-diger-yedek-parcalar","10":"product_cat-yedek-parca-bt","12":"first","13":"instock","14":"taxable","15":"shipping-taxable","16":"purchasable","17":"product-type-simple"},"_links":{"self":[{"href":"https:\/\/ceoparts.com\/tr\/wp-json\/wp\/v2\/product\/15028","targetHints":{"allow":["GET"]}}],"collection":[{"href":"https:\/\/ceoparts.com\/tr\/wp-json\/wp\/v2\/product"}],"about":[{"href":"https:\/\/ceoparts.com\/tr\/wp-json\/wp\/v2\/types\/product"}],"wp:featuredmedia":[{"embeddable":true,"href":"https:\/\/ceoparts.com\/tr\/wp-json\/wp\/v2\/media\/15030"}],"wp:attachment":[{"href":"https:\/\/ceoparts.com\/tr\/wp-json\/wp\/v2\/media?parent=15028"}],"wp:term":[{"taxonomy":"product_brand","embeddable":true,"href":"https:\/\/ceoparts.com\/tr\/wp-json\/wp\/v2\/product_brand?post=15028"},{"taxonomy":"product_cat","embeddable":true,"href":"https:\/\/ceoparts.com\/tr\/wp-json\/wp\/v2\/product_cat?post=15028"},{"taxonomy":"product_tag","embeddable":true,"href":"https:\/\/ceoparts.com\/tr\/wp-json\/wp\/v2\/product_tag?post=15028"}],"curies":[{"name":"wp","href":"https:\/\/api.w.org\/{rel}","templated":true}]}}