{"id":15040,"date":"2025-02-18T19:30:18","date_gmt":"2025-02-18T16:30:18","guid":{"rendered":"https:\/\/ceoparts.com\/?post_type=product&#038;p=15040"},"modified":"2026-05-16T21:02:51","modified_gmt":"2026-05-16T18:02:51","slug":"yaglama-spreyi","status":"publish","type":"product","link":"https:\/\/ceoparts.com\/tr\/urun\/yaglama-spreyi\/","title":{"rendered":"Ya\u011flama Spreyi"},"content":{"rendered":"<p>Ya\u011flama Spreyi<\/p>","protected":false},"excerpt":{"rendered":"<p data-start=\"0\" data-end=\"310\"><br data-start=\"5\" data-end=\"8\" \/>Forklift ve i\u015f makinelerinde kullan\u0131lan <strong data-start=\"48\" data-end=\"66\">Ya\u011flama Spreyi<\/strong>, hareketli par\u00e7alar\u0131n s\u00fcrt\u00fcnmesini azaltmak, paslanmay\u0131 \u00f6nlemek ve mekanik aksamlar\u0131n daha uzun \u00f6m\u00fcrl\u00fc \u00e7al\u0131\u015fmas\u0131n\u0131 sa\u011flamak i\u00e7in geli\u015ftirilmi\u015f y\u00fcksek kaliteli bir bak\u0131m \u00fcr\u00fcn\u00fcd\u00fcr. Kolay uygulanabilir sprey formu sayesinde pratik kullan\u0131m sunar.<\/p>\n<p data-start=\"312\" data-end=\"571\"><strong data-start=\"312\" data-end=\"327\">\u00d6zellikler:<\/strong><br data-start=\"327\" data-end=\"330\" \/><strong data-start=\"330\" data-end=\"343\">\u00dcr\u00fcn Ad\u0131:<\/strong> Ya\u011flama Spreyi<br data-start=\"358\" data-end=\"361\" \/><strong data-start=\"361\" data-end=\"376\">Par\u00e7a Kodu:<\/strong> &#8211;<br data-start=\"378\" data-end=\"381\" \/><strong data-start=\"381\" data-end=\"393\">Malzeme:<\/strong> \u00d6zel form\u00fcl ya\u011f bazl\u0131 kar\u0131\u015f\u0131m<br data-start=\"423\" data-end=\"426\" \/><strong data-start=\"426\" data-end=\"445\">Kullan\u0131m Alan\u0131:<\/strong> Forklift ve i\u015f makinesi hareketli par\u00e7alar\u0131n\u0131n bak\u0131m\u0131<br data-start=\"499\" data-end=\"502\" \/><strong data-start=\"502\" data-end=\"514\">Avantaj:<\/strong> S\u00fcrt\u00fcnmeyi azalt\u0131r, paslanmay\u0131 \u00f6nler, uzun \u00f6m\u00fcr sa\u011flar<\/p>\n<p data-start=\"573\" data-end=\"833\">\n","protected":false},"featured_media":15042,"template":"","meta":[],"product_brand":[],"product_cat":[470],"product_tag":[],"class_list":{"0":"post-15040","1":"product","2":"type-product","3":"status-publish","4":"has-post-thumbnail","6":"product_cat-diger-yedek-parcalar","8":"first","9":"instock","10":"taxable","11":"shipping-taxable","12":"purchasable","13":"product-type-simple"},"_links":{"self":[{"href":"https:\/\/ceoparts.com\/tr\/wp-json\/wp\/v2\/product\/15040","targetHints":{"allow":["GET"]}}],"collection":[{"href":"https:\/\/ceoparts.com\/tr\/wp-json\/wp\/v2\/product"}],"about":[{"href":"https:\/\/ceoparts.com\/tr\/wp-json\/wp\/v2\/types\/product"}],"wp:featuredmedia":[{"embeddable":true,"href":"https:\/\/ceoparts.com\/tr\/wp-json\/wp\/v2\/media\/15042"}],"wp:attachment":[{"href":"https:\/\/ceoparts.com\/tr\/wp-json\/wp\/v2\/media?parent=15040"}],"wp:term":[{"taxonomy":"product_brand","embeddable":true,"href":"https:\/\/ceoparts.com\/tr\/wp-json\/wp\/v2\/product_brand?post=15040"},{"taxonomy":"product_cat","embeddable":true,"href":"https:\/\/ceoparts.com\/tr\/wp-json\/wp\/v2\/product_cat?post=15040"},{"taxonomy":"product_tag","embeddable":true,"href":"https:\/\/ceoparts.com\/tr\/wp-json\/wp\/v2\/product_tag?post=15040"}],"curies":[{"name":"wp","href":"https:\/\/api.w.org\/{rel}","templated":true}]}}