{"id":15043,"date":"2025-02-18T19:35:33","date_gmt":"2025-02-18T16:35:33","guid":{"rendered":"https:\/\/ceoparts.com\/?post_type=product&#038;p=15043"},"modified":"2026-05-16T19:25:01","modified_gmt":"2026-05-16T16:25:01","slug":"kabin-kapi-kilidi-sol-04386521","status":"publish","type":"product","link":"https:\/\/ceoparts.com\/tr\/urun\/kabin-kapi-kilidi-sol-04386521\/","title":{"rendered":"Kabin Kap\u0131 Kilidi Sol &#8211; 04386521"},"content":{"rendered":"<p>Kabin Kap\u0131 Kilidi Sol &#8211; 04386521<\/p>\n<p>E198810030039,<br \/>\nE281.505.210.017,<br \/>\nE281505210017,<br \/>\n131441LH,<br \/>\n04386521<br \/>\n45217500,<br \/>\nV45217500,<br \/>\nDL.501.001,<br \/>\n63DL501001<\/p>","protected":false},"excerpt":{"rendered":"<p data-start=\"0\" data-end=\"282\"><br data-start=\"5\" data-end=\"8\" \/>Forklift uygulamalar\u0131nda kullan\u0131lan <strong data-start=\"44\" data-end=\"69\">Kabin Kap\u0131 Kilidi Sol<\/strong>, forklift kabin kap\u0131s\u0131n\u0131n g\u00fcvenli \u015fekilde kapanmas\u0131n\u0131 ve a\u00e7\u0131lmas\u0131n\u0131 sa\u011flayan dayan\u0131kl\u0131 bir kilit mekanizmas\u0131d\u0131r. Y\u00fcksek kaliteli malzemeden \u00fcretilmi\u015f olup uzun \u00f6m\u00fcrl\u00fcd\u00fcr ve zorlu \u00e7al\u0131\u015fma ko\u015fullar\u0131na dayan\u0131kl\u0131d\u0131r.<\/p>\n<p data-start=\"284\" data-end=\"518\"><strong data-start=\"284\" data-end=\"299\">\u00d6zellikler:<\/strong><br data-start=\"299\" data-end=\"302\" \/><strong data-start=\"302\" data-end=\"315\">\u00dcr\u00fcn Ad\u0131:<\/strong> Kabin Kap\u0131 Kilidi Sol<br data-start=\"337\" data-end=\"340\" \/><strong data-start=\"340\" data-end=\"355\">Par\u00e7a Kodu:<\/strong> 04386521<br data-start=\"364\" data-end=\"367\" \/><strong data-start=\"367\" data-end=\"379\">Malzeme:<\/strong> Dayan\u0131kl\u0131 metal ala\u015f\u0131m\u0131<br data-start=\"403\" data-end=\"406\" \/><strong data-start=\"406\" data-end=\"425\">Kullan\u0131m Alan\u0131:<\/strong> Forklift kabin kap\u0131 sistemleri<br data-start=\"456\" data-end=\"459\" \/><strong data-start=\"459\" data-end=\"471\">Avantaj:<\/strong> G\u00fcvenli kilitleme, uzun \u00f6m\u00fcr, dayan\u0131kl\u0131 yap\u0131<\/p>\n<p data-start=\"520\" data-end=\"781\">\n","protected":false},"featured_media":15045,"template":"","meta":[],"product_brand":[],"product_cat":[470],"product_tag":[],"class_list":{"0":"post-15043","1":"product","2":"type-product","3":"status-publish","4":"has-post-thumbnail","6":"product_cat-diger-yedek-parcalar","8":"first","9":"instock","10":"taxable","11":"shipping-taxable","12":"purchasable","13":"product-type-simple"},"_links":{"self":[{"href":"https:\/\/ceoparts.com\/tr\/wp-json\/wp\/v2\/product\/15043","targetHints":{"allow":["GET"]}}],"collection":[{"href":"https:\/\/ceoparts.com\/tr\/wp-json\/wp\/v2\/product"}],"about":[{"href":"https:\/\/ceoparts.com\/tr\/wp-json\/wp\/v2\/types\/product"}],"wp:featuredmedia":[{"embeddable":true,"href":"https:\/\/ceoparts.com\/tr\/wp-json\/wp\/v2\/media\/15045"}],"wp:attachment":[{"href":"https:\/\/ceoparts.com\/tr\/wp-json\/wp\/v2\/media?parent=15043"}],"wp:term":[{"taxonomy":"product_brand","embeddable":true,"href":"https:\/\/ceoparts.com\/tr\/wp-json\/wp\/v2\/product_brand?post=15043"},{"taxonomy":"product_cat","embeddable":true,"href":"https:\/\/ceoparts.com\/tr\/wp-json\/wp\/v2\/product_cat?post=15043"},{"taxonomy":"product_tag","embeddable":true,"href":"https:\/\/ceoparts.com\/tr\/wp-json\/wp\/v2\/product_tag?post=15043"}],"curies":[{"name":"wp","href":"https:\/\/api.w.org\/{rel}","templated":true}]}}