{"id":15060,"date":"2025-02-18T19:57:35","date_gmt":"2025-02-18T16:57:35","guid":{"rendered":"https:\/\/ceoparts.com\/?post_type=product&#038;p=15060"},"modified":"2026-05-16T15:09:15","modified_gmt":"2026-05-16T12:09:15","slug":"jungheinrich-ere120-kol-pedi-sag-51437760","status":"publish","type":"product","link":"https:\/\/ceoparts.com\/tr\/urun\/jungheinrich-ere120-kol-pedi-sag-51437760\/","title":{"rendered":"Jungheinrich ERE120 Kol Pedi Sa\u011f &#8211; 51437760"},"content":{"rendered":"<p>Jungheinrich ERE120 Kol Pedi Sa\u011f &#8211; 51437760<\/p>","protected":false},"excerpt":{"rendered":"<p data-start=\"0\" data-end=\"292\"><br data-start=\"5\" data-end=\"8\" \/>Forklift uygulamalar\u0131nda kullan\u0131lan <strong data-start=\"44\" data-end=\"80\">Jungheinrich ERE120 Kol Pedi Sa\u011f<\/strong>, operat\u00f6r\u00fcn kol deste\u011fi i\u00e7in tasarlanm\u0131\u015f ergonomik ve dayan\u0131kl\u0131 bir par\u00e7ad\u0131r. Y\u00fcksek kaliteli malzemeden \u00fcretilmi\u015f olup konforu art\u0131r\u0131r ve uzun \u00f6m\u00fcrl\u00fcd\u00fcr. Sa\u011f kol pedi olarak forklift kullan\u0131m\u0131nda destek sa\u011flar.<\/p>\n<p data-start=\"294\" data-end=\"578\"><strong data-start=\"294\" data-end=\"309\">\u00d6zellikler:<\/strong><br data-start=\"309\" data-end=\"312\" \/><strong data-start=\"312\" data-end=\"325\">\u00dcr\u00fcn Ad\u0131:<\/strong> Jungheinrich ERE120 Kol Pedi Sa\u011f<br data-start=\"358\" data-end=\"361\" \/><strong data-start=\"361\" data-end=\"376\">Par\u00e7a Kodu:<\/strong> 51437760<br data-start=\"385\" data-end=\"388\" \/><strong data-start=\"388\" data-end=\"400\">Malzeme:<\/strong> Dayan\u0131kl\u0131 plastik ve s\u00fcnger<br data-start=\"428\" data-end=\"431\" \/><strong data-start=\"431\" data-end=\"450\">Kullan\u0131m Alan\u0131:<\/strong> Jungheinrich ERE120 forklift operat\u00f6r kol destek sistemleri<br data-start=\"510\" data-end=\"513\" \/><strong data-start=\"513\" data-end=\"525\">Avantaj:<\/strong> Ergonomik tasar\u0131m, konfor art\u0131r\u0131c\u0131, dayan\u0131kl\u0131 yap\u0131<\/p>\n<p data-start=\"580\" data-end=\"874\">\n","protected":false},"featured_media":15062,"template":"","meta":[],"product_brand":[],"product_cat":[236,470,522],"product_tag":[],"class_list":{"0":"post-15060","1":"product","2":"type-product","3":"status-publish","4":"has-post-thumbnail","6":"product_cat-jungheinrich","7":"product_cat-diger-yedek-parcalar","8":"product_cat-yedek-parca-jungheinrich","10":"first","11":"instock","12":"taxable","13":"shipping-taxable","14":"purchasable","15":"product-type-simple"},"_links":{"self":[{"href":"https:\/\/ceoparts.com\/tr\/wp-json\/wp\/v2\/product\/15060","targetHints":{"allow":["GET"]}}],"collection":[{"href":"https:\/\/ceoparts.com\/tr\/wp-json\/wp\/v2\/product"}],"about":[{"href":"https:\/\/ceoparts.com\/tr\/wp-json\/wp\/v2\/types\/product"}],"wp:featuredmedia":[{"embeddable":true,"href":"https:\/\/ceoparts.com\/tr\/wp-json\/wp\/v2\/media\/15062"}],"wp:attachment":[{"href":"https:\/\/ceoparts.com\/tr\/wp-json\/wp\/v2\/media?parent=15060"}],"wp:term":[{"taxonomy":"product_brand","embeddable":true,"href":"https:\/\/ceoparts.com\/tr\/wp-json\/wp\/v2\/product_brand?post=15060"},{"taxonomy":"product_cat","embeddable":true,"href":"https:\/\/ceoparts.com\/tr\/wp-json\/wp\/v2\/product_cat?post=15060"},{"taxonomy":"product_tag","embeddable":true,"href":"https:\/\/ceoparts.com\/tr\/wp-json\/wp\/v2\/product_tag?post=15060"}],"curies":[{"name":"wp","href":"https:\/\/api.w.org\/{rel}","templated":true}]}}