{"id":15110,"date":"2025-02-19T14:08:43","date_gmt":"2025-02-19T11:08:43","guid":{"rendered":"https:\/\/ceoparts.com\/?post_type=product&#038;p=15110"},"modified":"2026-05-16T18:34:54","modified_gmt":"2026-05-16T15:34:54","slug":"jungheinrich-direksiyon-topuzu-51134300","status":"publish","type":"product","link":"https:\/\/ceoparts.com\/tr\/urun\/jungheinrich-direksiyon-topuzu-51134300\/","title":{"rendered":"Jungheinrich Direksiyon Topuzu &#8211; 51134300"},"content":{"rendered":"<p>Jungheinrich Direksiyon Topuzu &#8211; 51134300<\/p>\n<p><\/p>\n<table dir=\"ltr\" style=\"height: 1536px;\" border=\"0\" width=\"328\" cellspacing=\"0\" cellpadding=\"2\">\n<tbody>\n<tr>\n<td width=\"58%\" height=\"19\">\n<p align=\"left\"><span style=\"font-family: Calibri; font-size: medium;\">EKS 308 \u0130\/\u0130\/\u0130<\/span><\/p>\n<\/td>\n<td width=\"42%\" height=\"19\">\n<p align=\"left\"><span style=\"font-family: Calibri; font-size: medium;\">1.06 &#8211; 12.09<\/span><\/p>\n<\/td>\n<\/tr>\n<tr>\n<td width=\"58%\" height=\"19\">\n<p align=\"left\"><span style=\"font-family: Calibri; font-size: medium;\">EKS 314 \u0130\/\u0130\/\u0130<\/span><\/p>\n<\/td>\n<td width=\"42%\" height=\"19\">\n<p align=\"left\"><span style=\"font-family: Calibri; font-size: medium;\">4.05 &#8211; 3.10<\/span><\/p>\n<\/td>\n<\/tr>\n<tr>\n<td width=\"58%\" height=\"19\">\n<p align=\"left\"><span style=\"font-family: Calibri; font-size: medium;\">ESC214\/216Z<\/span><\/p>\n<\/td>\n<td width=\"42%\" height=\"19\">\n<p align=\"left\"><span style=\"font-family: Calibri; font-size: medium;\">8.09 &#8211;<\/span><\/p>\n<\/td>\n<\/tr>\n<tr>\n<td width=\"58%\" height=\"19\">\n<p align=\"left\"><span style=\"font-family: Calibri; font-size: medium;\">ESD220<\/span><\/p>\n<\/td>\n<td width=\"42%\" height=\"19\">\n<p align=\"left\"><span style=\"font-family: Calibri; font-size: medium;\">10.10 &#8211;<\/span><\/p>\n<\/td>\n<\/tr>\n<tr>\n<td width=\"58%\" height=\"19\">\n<p align=\"left\"><span style=\"font-family: Calibri; font-size: medium;\">EKD 220<\/span><\/p>\n<\/td>\n<td width=\"42%\" height=\"19\">\n<p align=\"left\"><span style=\"font-family: Calibri; font-size: medium;\">1.05 &#8211; 1.10<\/span><\/p>\n<\/td>\n<\/tr>\n<tr>\n<td width=\"58%\" height=\"19\">\n<p align=\"left\"><span style=\"font-family: Calibri; font-size: medium;\">DGD 220\/320<\/span><\/p>\n<\/td>\n<td width=\"42%\" height=\"19\">\n<p align=\"left\"><span style=\"font-family: Calibri; font-size: medium;\">2.10 &#8211;<\/span><\/p>\n<\/td>\n<\/tr>\n<tr>\n<td width=\"58%\" height=\"19\">\n<p align=\"left\"><span style=\"font-family: Calibri; font-size: medium;\">ESE420\/430<\/span><\/p>\n<\/td>\n<td width=\"42%\" height=\"19\">\n<p align=\"left\"><span style=\"font-family: Calibri; font-size: medium;\">5.05 &#8211; 7.09<\/span><\/p>\n<\/td>\n<\/tr>\n<tr>\n<td width=\"58%\" height=\"19\">\n<p align=\"left\"><span style=\"font-family: Calibri; font-size: medium;\">ESE420\/430<\/span><\/p>\n<\/td>\n<td width=\"42%\" height=\"19\">\n<p align=\"left\"><span style=\"font-family: Calibri; font-size: medium;\">7.09 &#8211;<\/span><\/p>\n<\/td>\n<\/tr>\n<tr>\n<td width=\"58%\" height=\"19\">\n<p align=\"left\"><span style=\"font-family: Calibri; font-size: medium;\">T\u00fcrk\u00e7e: 533<\/span><\/p>\n<\/td>\n<td width=\"42%\" height=\"19\">\n<p align=\"left\"><span style=\"font-family: Calibri; font-size: medium;\">3.10 &#8211;<\/span><\/p>\n<\/td>\n<\/tr>\n<tr>\n<td width=\"58%\" height=\"19\">\n<p align=\"left\"><span style=\"font-family: Calibri; font-size: medium;\">ETM\/V 214\/216<\/span><\/p>\n<\/td>\n<td width=\"42%\" height=\"19\">\n<p align=\"left\"><span style=\"font-family: Calibri; font-size: medium;\">12.03 &#8211;<\/span><\/p>\n<\/td>\n<\/tr>\n<tr>\n<td width=\"58%\" height=\"19\">\n<p align=\"left\"><span style=\"font-family: Calibri; font-size: medium;\">ETM\/V 214\/216 (ABD)<\/span><\/p>\n<\/td>\n<td width=\"42%\" height=\"19\">\n<p align=\"left\"><span style=\"font-family: Calibri; font-size: medium;\">1.11 &#8211;<\/span><\/p>\n<\/td>\n<\/tr>\n<tr>\n<td width=\"58%\" height=\"19\">\n<p align=\"left\"><span style=\"font-family: Calibri; font-size: medium;\">ETM\/V320\/325<\/span><\/p>\n<\/td>\n<td width=\"42%\" height=\"19\">\n<p align=\"left\"><span style=\"font-family: Calibri; font-size: medium;\">12.04 &#8211;<\/span><\/p>\n<\/td>\n<\/tr>\n<tr>\n<td width=\"58%\" height=\"19\">\n<p align=\"left\"><span style=\"font-family: Calibri; font-size: medium;\">ETM\/V 320\/325 (ABD)<\/span><\/p>\n<\/td>\n<td width=\"42%\" height=\"19\">\n<p align=\"left\"><span style=\"font-family: Calibri; font-size: medium;\">1.11 &#8211;<\/span><\/p>\n<\/td>\n<\/tr>\n<tr>\n<td width=\"58%\" height=\"19\">\n<p align=\"left\"><span style=\"font-family: Calibri; font-size: medium;\">ETR314\/320<\/span><\/p>\n<\/td>\n<td width=\"42%\" height=\"19\">\n<p align=\"left\"><span style=\"font-family: Calibri; font-size: medium;\">6.06 &#8211; 11.09<\/span><\/p>\n<\/td>\n<\/tr>\n<tr>\n<td width=\"58%\" height=\"19\">\n<p align=\"left\"><span style=\"font-family: Calibri; font-size: medium;\">ETV 110\/112<\/span><\/p>\n<\/td>\n<td width=\"42%\" height=\"19\">\n<p align=\"left\"><span style=\"font-family: Calibri; font-size: medium;\">11.05 &#8211;<\/span><\/p>\n<\/td>\n<\/tr>\n<tr>\n<td width=\"58%\" height=\"19\">\n<p align=\"left\"><span style=\"font-family: Calibri; font-size: medium;\">ETV 114\/116<\/span><\/p>\n<\/td>\n<td width=\"42%\" height=\"19\">\n<p align=\"left\"><span style=\"font-family: Calibri; font-size: medium;\">11.05 &#8211;<\/span><\/p>\n<\/td>\n<\/tr>\n<tr>\n<td width=\"58%\" height=\"19\">\n<p align=\"left\"><span style=\"font-family: Calibri; font-size: medium;\">ETV 114\/116 (ABD)<\/span><\/p>\n<\/td>\n<td width=\"42%\" height=\"19\">\n<p align=\"left\"><span style=\"font-family: Calibri; font-size: medium;\">1.11 &#8211;<\/span><\/p>\n<\/td>\n<\/tr>\n<tr>\n<td width=\"58%\" height=\"19\">\n<p align=\"left\"><span style=\"font-family: Calibri; font-size: medium;\">ETV C16<\/span><\/p>\n<\/td>\n<td width=\"42%\" height=\"19\">\n<p align=\"left\"><span style=\"font-family: Calibri; font-size: medium;\">6.08 &#8211;<\/span><\/p>\n<\/td>\n<\/tr>\n<tr>\n<td width=\"58%\" height=\"19\">\n<p align=\"left\"><span style=\"font-family: Calibri; font-size: medium;\">ETV C 16 (ABD)<\/span><\/p>\n<\/td>\n<td width=\"42%\" height=\"19\">\n<p align=\"left\"><span style=\"font-family: Calibri; font-size: medium;\">1.11 &#8211;<\/span><\/p>\n<\/td>\n<\/tr>\n<tr>\n<td width=\"58%\" height=\"19\">\n<p align=\"left\"><span style=\"font-family: Calibri; font-size: medium;\">ETV C20<\/span><\/p>\n<\/td>\n<td width=\"42%\" height=\"19\">\n<p align=\"left\"><span style=\"font-family: Calibri; font-size: medium;\">6.08 &#8211;<\/span><\/p>\n<\/td>\n<\/tr>\n<tr>\n<td width=\"58%\" height=\"19\">\n<p align=\"left\"><span style=\"font-family: Calibri; font-size: medium;\">ETV C 20 (ABD)<\/span><\/p>\n<\/td>\n<td width=\"42%\" height=\"19\">\n<p align=\"left\"><span style=\"font-family: Calibri; font-size: medium;\">1.11 &#8211;<\/span><\/p>\n<\/td>\n<\/tr>\n<tr>\n<td width=\"58%\" height=\"19\">\n<p align=\"left\"><span style=\"font-family: Calibri; font-size: medium;\">ETV110-112 (ABD)<\/span><\/p>\n<\/td>\n<td width=\"42%\" height=\"19\">\n<p align=\"left\"><span style=\"font-family: Calibri; font-size: medium;\">1.11 &#8211;<\/span><\/p>\n<\/td>\n<\/tr>\n<tr>\n<td width=\"58%\" height=\"19\">\n<p align=\"left\"><span style=\"font-family: Calibri; font-size: medium;\">ETVQ20\/25<\/span><\/p>\n<\/td>\n<td width=\"42%\" height=\"19\">\n<p align=\"left\"><span style=\"font-family: Calibri; font-size: medium;\">9.10 &#8211;<\/span><\/p>\n<\/td>\n<\/tr>\n<tr>\n<td width=\"58%\" height=\"19\">\n<p align=\"left\"><span style=\"font-family: Calibri; font-size: medium;\">ETVQ 20\/25 (ABD)<\/span><\/p>\n<\/td>\n<td width=\"42%\" height=\"19\">\n<p align=\"left\"><span style=\"font-family: Calibri; font-size: medium;\">1.11 &#8211;<\/span><\/p>\n<\/td>\n<\/tr>\n<\/tbody>\n<\/table>\n<p><\/p>","protected":false},"excerpt":{"rendered":"<p data-start=\"0\" data-end=\"283\"><br data-start=\"5\" data-end=\"8\" \/>Forklift uygulamalar\u0131nda kullan\u0131lan <strong data-start=\"44\" data-end=\"78\">Jungheinrich Direksiyon Topuzu<\/strong>, operat\u00f6r\u00fcn direksiyon hakimiyetini art\u0131rmak i\u00e7in tasarlanm\u0131\u015f ergonomik ve dayan\u0131kl\u0131 bir kontrol topuzudur. Y\u00fcksek kaliteli malzemeden \u00fcretilmi\u015f olup uzun \u00f6m\u00fcrl\u00fcd\u00fcr ve forklift kullan\u0131m konforunu art\u0131r\u0131r.<\/p>\n<p data-start=\"285\" data-end=\"543\"><strong data-start=\"285\" data-end=\"300\">\u00d6zellikler:<\/strong><br data-start=\"300\" data-end=\"303\" \/><strong data-start=\"303\" data-end=\"316\">\u00dcr\u00fcn Ad\u0131:<\/strong> Jungheinrich Direksiyon Topuzu<br data-start=\"347\" data-end=\"350\" \/><strong data-start=\"350\" data-end=\"365\">Par\u00e7a Kodu:<\/strong> 51134300<br data-start=\"374\" data-end=\"377\" \/><strong data-start=\"377\" data-end=\"389\">Malzeme:<\/strong> Dayan\u0131kl\u0131 plastik ve metal<br data-start=\"416\" data-end=\"419\" \/><strong data-start=\"419\" data-end=\"438\">Kullan\u0131m Alan\u0131:<\/strong> Jungheinrich forklift direksiyon sistemleri<br data-start=\"482\" data-end=\"485\" \/><strong data-start=\"485\" data-end=\"497\">Avantaj:<\/strong> Ergonomik tasar\u0131m, kolay kontrol, uzun \u00f6m\u00fcr<\/p>\n<p data-start=\"545\" data-end=\"798\">\n","protected":false},"featured_media":15112,"template":"","meta":[],"product_brand":[],"product_cat":[236,450,470,522],"product_tag":[],"class_list":{"0":"post-15110","1":"product","2":"type-product","3":"status-publish","4":"has-post-thumbnail","6":"product_cat-jungheinrich","7":"product_cat-direksiyon-sistemleri","8":"product_cat-diger-yedek-parcalar","9":"product_cat-yedek-parca-jungheinrich","11":"first","12":"instock","13":"taxable","14":"shipping-taxable","15":"purchasable","16":"product-type-simple"},"_links":{"self":[{"href":"https:\/\/ceoparts.com\/tr\/wp-json\/wp\/v2\/product\/15110","targetHints":{"allow":["GET"]}}],"collection":[{"href":"https:\/\/ceoparts.com\/tr\/wp-json\/wp\/v2\/product"}],"about":[{"href":"https:\/\/ceoparts.com\/tr\/wp-json\/wp\/v2\/types\/product"}],"wp:featuredmedia":[{"embeddable":true,"href":"https:\/\/ceoparts.com\/tr\/wp-json\/wp\/v2\/media\/15112"}],"wp:attachment":[{"href":"https:\/\/ceoparts.com\/tr\/wp-json\/wp\/v2\/media?parent=15110"}],"wp:term":[{"taxonomy":"product_brand","embeddable":true,"href":"https:\/\/ceoparts.com\/tr\/wp-json\/wp\/v2\/product_brand?post=15110"},{"taxonomy":"product_cat","embeddable":true,"href":"https:\/\/ceoparts.com\/tr\/wp-json\/wp\/v2\/product_cat?post=15110"},{"taxonomy":"product_tag","embeddable":true,"href":"https:\/\/ceoparts.com\/tr\/wp-json\/wp\/v2\/product_tag?post=15110"}],"curies":[{"name":"wp","href":"https:\/\/api.w.org\/{rel}","templated":true}]}}