{"id":15114,"date":"2025-02-19T14:20:27","date_gmt":"2025-02-19T11:20:27","guid":{"rendered":"https:\/\/ceoparts.com\/?post_type=product&#038;p=15114"},"modified":"2026-05-16T18:02:29","modified_gmt":"2026-05-16T15:02:29","slug":"still-fmx-direksiyon-topuzu-163524","status":"publish","type":"product","link":"https:\/\/ceoparts.com\/tr\/urun\/still-fmx-direksiyon-topuzu-163524\/","title":{"rendered":"Still FMX Direksiyon Topuzu &#8211; 163524"},"content":{"rendered":"<p>Still FMX Direksiyon Topuzu &#8211; 163524<\/p>\n<p>RX20-14,<br \/>\nRX20-15,<br \/>\nRX20-16,<br \/>\nRX20-18,<br \/>\nRX20-20,<br \/>\nRX70-20\/600,<br \/>\nRX70-25,<br \/>\nRX70-30,<br \/>\nRX70-30H,<br \/>\nRX70-35,<br \/>\nRX70-35H<\/p>","protected":false},"excerpt":{"rendered":"<p data-start=\"0\" data-end=\"280\"><br data-start=\"5\" data-end=\"8\" \/>Forklift uygulamalar\u0131nda kullan\u0131lan <strong data-start=\"44\" data-end=\"75\">Still FMX Direksiyon Topuzu<\/strong>, operat\u00f6r\u00fcn direksiyon hakimiyetini art\u0131rmak i\u00e7in tasarlanm\u0131\u015f ergonomik ve dayan\u0131kl\u0131 bir kontrol topuzudur. Y\u00fcksek kaliteli malzemeden \u00fcretilmi\u015f olup uzun \u00f6m\u00fcrl\u00fcd\u00fcr ve forklift kullan\u0131m konforunu art\u0131r\u0131r.<\/p>\n<p data-start=\"282\" data-end=\"532\"><strong data-start=\"282\" data-end=\"297\">\u00d6zellikler:<\/strong><br data-start=\"297\" data-end=\"300\" \/><strong data-start=\"300\" data-end=\"313\">\u00dcr\u00fcn Ad\u0131:<\/strong> Still FMX Direksiyon Topuzu<br data-start=\"341\" data-end=\"344\" \/><strong data-start=\"344\" data-end=\"359\">Par\u00e7a Kodu:<\/strong> 163524<br data-start=\"366\" data-end=\"369\" \/><strong data-start=\"369\" data-end=\"381\">Malzeme:<\/strong> Dayan\u0131kl\u0131 plastik ve metal<br data-start=\"408\" data-end=\"411\" \/><strong data-start=\"411\" data-end=\"430\">Kullan\u0131m Alan\u0131:<\/strong> Still FMX forklift direksiyon sistemleri<br data-start=\"471\" data-end=\"474\" \/><strong data-start=\"474\" data-end=\"486\">Avantaj:<\/strong> Ergonomik tasar\u0131m, kolay kontrol, uzun \u00f6m\u00fcr<\/p>\n<p data-start=\"534\" data-end=\"784\">\n","protected":false},"featured_media":20927,"template":"","meta":[],"product_brand":[],"product_cat":[241,450,470,524],"product_tag":[],"class_list":{"0":"post-15114","1":"product","2":"type-product","3":"status-publish","4":"has-post-thumbnail","6":"product_cat-still","7":"product_cat-direksiyon-sistemleri","8":"product_cat-diger-yedek-parcalar","9":"product_cat-yedek-parca-still","11":"first","12":"instock","13":"taxable","14":"shipping-taxable","15":"purchasable","16":"product-type-simple"},"_links":{"self":[{"href":"https:\/\/ceoparts.com\/tr\/wp-json\/wp\/v2\/product\/15114","targetHints":{"allow":["GET"]}}],"collection":[{"href":"https:\/\/ceoparts.com\/tr\/wp-json\/wp\/v2\/product"}],"about":[{"href":"https:\/\/ceoparts.com\/tr\/wp-json\/wp\/v2\/types\/product"}],"wp:featuredmedia":[{"embeddable":true,"href":"https:\/\/ceoparts.com\/tr\/wp-json\/wp\/v2\/media\/20927"}],"wp:attachment":[{"href":"https:\/\/ceoparts.com\/tr\/wp-json\/wp\/v2\/media?parent=15114"}],"wp:term":[{"taxonomy":"product_brand","embeddable":true,"href":"https:\/\/ceoparts.com\/tr\/wp-json\/wp\/v2\/product_brand?post=15114"},{"taxonomy":"product_cat","embeddable":true,"href":"https:\/\/ceoparts.com\/tr\/wp-json\/wp\/v2\/product_cat?post=15114"},{"taxonomy":"product_tag","embeddable":true,"href":"https:\/\/ceoparts.com\/tr\/wp-json\/wp\/v2\/product_tag?post=15114"}],"curies":[{"name":"wp","href":"https:\/\/api.w.org\/{rel}","templated":true}]}}