{"id":15119,"date":"2025-02-19T14:32:39","date_gmt":"2025-02-19T11:32:39","guid":{"rendered":"https:\/\/ceoparts.com\/?post_type=product&#038;p=15119"},"modified":"2026-05-16T15:00:47","modified_gmt":"2026-05-16T12:00:47","slug":"jungheinrich-eje116-kol-alti-baglanti-aparati-51650276","status":"publish","type":"product","link":"https:\/\/ceoparts.com\/tr\/urun\/jungheinrich-eje116-kol-alti-baglanti-aparati-51650276\/","title":{"rendered":"Jungheinrich Eje116 Kol Alt\u0131 Ba\u011flant\u0131 Aparat\u0131 &#8211; 51650276"},"content":{"rendered":"<p>Jungheinrich Eje116 Kol Alt\u0131 Ba\u011flant\u0131 Aparat\u0131 &#8211; 51650276<\/p>","protected":false},"excerpt":{"rendered":"<p data-start=\"0\" data-end=\"306\"><br data-start=\"5\" data-end=\"8\" \/>Forklift uygulamalar\u0131nda kullan\u0131lan <strong data-start=\"44\" data-end=\"93\">Jungheinrich Eje116 Kol Alt\u0131 Ba\u011flant\u0131 Aparat\u0131<\/strong>, forkliftin kol alt\u0131 mekanizmalar\u0131nda sa\u011flam ba\u011flant\u0131 ve destek sa\u011flayan dayan\u0131kl\u0131 bir aparatt\u0131r. Y\u00fcksek kaliteli malzemeden \u00fcretilmi\u015f olup, forkliftin mekanik performans\u0131n\u0131 art\u0131r\u0131r ve uzun \u00f6m\u00fcrl\u00fc kullan\u0131m sunar.<\/p>\n<p data-start=\"308\" data-end=\"589\"><strong data-start=\"308\" data-end=\"323\">\u00d6zellikler:<\/strong><br data-start=\"323\" data-end=\"326\" \/><strong data-start=\"326\" data-end=\"339\">\u00dcr\u00fcn Ad\u0131:<\/strong> Jungheinrich Eje116 Kol Alt\u0131 Ba\u011flant\u0131 Aparat\u0131<br data-start=\"385\" data-end=\"388\" \/><strong data-start=\"388\" data-end=\"403\">Par\u00e7a Kodu:<\/strong> 51650276<br data-start=\"412\" data-end=\"415\" \/><strong data-start=\"415\" data-end=\"427\">Malzeme:<\/strong> Dayan\u0131kl\u0131 metal ala\u015f\u0131m\u0131<br data-start=\"451\" data-end=\"454\" \/><strong data-start=\"454\" data-end=\"473\">Kullan\u0131m Alan\u0131:<\/strong> Jungheinrich forklift kol alt\u0131 ba\u011flant\u0131 sistemleri<br data-start=\"524\" data-end=\"527\" \/><strong data-start=\"527\" data-end=\"539\">Avantaj:<\/strong> Sa\u011flam ba\u011flant\u0131, y\u00fcksek dayan\u0131kl\u0131l\u0131k, uzun \u00f6m\u00fcr<\/p>\n<p data-start=\"591\" data-end=\"893\">\n","protected":false},"featured_media":15122,"template":"","meta":[],"product_brand":[],"product_cat":[470,522,236],"product_tag":[],"class_list":{"0":"post-15119","1":"product","2":"type-product","3":"status-publish","4":"has-post-thumbnail","6":"product_cat-diger-yedek-parcalar","7":"product_cat-yedek-parca-jungheinrich","8":"product_cat-jungheinrich","10":"first","11":"instock","12":"taxable","13":"shipping-taxable","14":"purchasable","15":"product-type-simple"},"_links":{"self":[{"href":"https:\/\/ceoparts.com\/tr\/wp-json\/wp\/v2\/product\/15119","targetHints":{"allow":["GET"]}}],"collection":[{"href":"https:\/\/ceoparts.com\/tr\/wp-json\/wp\/v2\/product"}],"about":[{"href":"https:\/\/ceoparts.com\/tr\/wp-json\/wp\/v2\/types\/product"}],"wp:featuredmedia":[{"embeddable":true,"href":"https:\/\/ceoparts.com\/tr\/wp-json\/wp\/v2\/media\/15122"}],"wp:attachment":[{"href":"https:\/\/ceoparts.com\/tr\/wp-json\/wp\/v2\/media?parent=15119"}],"wp:term":[{"taxonomy":"product_brand","embeddable":true,"href":"https:\/\/ceoparts.com\/tr\/wp-json\/wp\/v2\/product_brand?post=15119"},{"taxonomy":"product_cat","embeddable":true,"href":"https:\/\/ceoparts.com\/tr\/wp-json\/wp\/v2\/product_cat?post=15119"},{"taxonomy":"product_tag","embeddable":true,"href":"https:\/\/ceoparts.com\/tr\/wp-json\/wp\/v2\/product_tag?post=15119"}],"curies":[{"name":"wp","href":"https:\/\/api.w.org\/{rel}","templated":true}]}}