{"id":15126,"date":"2025-02-19T14:48:48","date_gmt":"2025-02-19T11:48:48","guid":{"rendered":"https:\/\/ceoparts.com\/?post_type=product&#038;p=15126"},"modified":"2026-05-16T15:07:59","modified_gmt":"2026-05-16T12:07:59","slug":"bt-lwe-swe-direksiyon-kumanda-kolu-240950765813476191477550593","status":"publish","type":"product","link":"https:\/\/ceoparts.com\/tr\/urun\/bt-lwe-swe-direksiyon-kumanda-kolu-240950765813476191477550593\/","title":{"rendered":"BT LWE\/SWE Direksiyon Kumanda Kolu &#8211; 240950,7658134,7619147,7550593"},"content":{"rendered":"<p>BT LWE\/SWE Direksiyon Kumanda Kolu &#8211; 240950,7658134,7619147,7550593<\/p>","protected":false},"excerpt":{"rendered":"<p data-start=\"0\" data-end=\"336\"><br data-start=\"5\" data-end=\"8\" \/>Forklift uygulamalar\u0131nda kullan\u0131lan <strong data-start=\"44\" data-end=\"82\">BT LWE\/SWE Direksiyon Kumanda Kolu<\/strong>, forkliftin y\u00f6nlendirilmesini sa\u011flayan ergonomik ve dayan\u0131kl\u0131 bir kontrol koludur. Y\u00fcksek kaliteli malzemeden \u00fcretilmi\u015f olup, operat\u00f6r\u00fcn konforunu art\u0131r\u0131rken hassas ve g\u00fcvenilir kontrol imkan\u0131 sunar. \u00c7oklu par\u00e7a kodlar\u0131 ile \u00e7e\u015fitli modellerde uyumludur.<\/p>\n<p data-start=\"338\" data-end=\"638\"><strong data-start=\"338\" data-end=\"353\">\u00d6zellikler:<\/strong><br data-start=\"353\" data-end=\"356\" \/><strong data-start=\"356\" data-end=\"369\">\u00dcr\u00fcn Ad\u0131:<\/strong> BT LWE\/SWE Direksiyon Kumanda Kolu<br data-start=\"404\" data-end=\"407\" \/><strong data-start=\"407\" data-end=\"425\">Par\u00e7a Kodlar\u0131:<\/strong> 240950, 7658134, 7619147, 7550593<br data-start=\"459\" data-end=\"462\" \/><strong data-start=\"462\" data-end=\"474\">Malzeme:<\/strong> Dayan\u0131kl\u0131 plastik ve metal ala\u015f\u0131m<br data-start=\"508\" data-end=\"511\" \/><strong data-start=\"511\" data-end=\"530\">Kullan\u0131m Alan\u0131:<\/strong> Toyota LWE\/SWE forklift direksiyon sistemleri<br data-start=\"576\" data-end=\"579\" \/><strong data-start=\"579\" data-end=\"591\">Avantaj:<\/strong> Ergonomik tasar\u0131m, hassas kontrol, uzun \u00f6m\u00fcr<\/p>\n<p data-start=\"640\" data-end=\"966\">\n","protected":false},"featured_media":15130,"template":"","meta":[],"product_brand":[],"product_cat":[251,470,518,521,530],"product_tag":[],"class_list":{"0":"post-15126","1":"product","2":"type-product","3":"status-publish","4":"has-post-thumbnail","6":"product_cat-bt","7":"product_cat-diger-yedek-parcalar","8":"product_cat-yedek-parca-bt","9":"product_cat-toyota","10":"product_cat-yedek-parca-toyota","12":"first","13":"instock","14":"taxable","15":"shipping-taxable","16":"purchasable","17":"product-type-simple"},"_links":{"self":[{"href":"https:\/\/ceoparts.com\/tr\/wp-json\/wp\/v2\/product\/15126","targetHints":{"allow":["GET"]}}],"collection":[{"href":"https:\/\/ceoparts.com\/tr\/wp-json\/wp\/v2\/product"}],"about":[{"href":"https:\/\/ceoparts.com\/tr\/wp-json\/wp\/v2\/types\/product"}],"wp:featuredmedia":[{"embeddable":true,"href":"https:\/\/ceoparts.com\/tr\/wp-json\/wp\/v2\/media\/15130"}],"wp:attachment":[{"href":"https:\/\/ceoparts.com\/tr\/wp-json\/wp\/v2\/media?parent=15126"}],"wp:term":[{"taxonomy":"product_brand","embeddable":true,"href":"https:\/\/ceoparts.com\/tr\/wp-json\/wp\/v2\/product_brand?post=15126"},{"taxonomy":"product_cat","embeddable":true,"href":"https:\/\/ceoparts.com\/tr\/wp-json\/wp\/v2\/product_cat?post=15126"},{"taxonomy":"product_tag","embeddable":true,"href":"https:\/\/ceoparts.com\/tr\/wp-json\/wp\/v2\/product_tag?post=15126"}],"curies":[{"name":"wp","href":"https:\/\/api.w.org\/{rel}","templated":true}]}}