{"id":15133,"date":"2025-02-19T14:56:50","date_gmt":"2025-02-19T11:56:50","guid":{"rendered":"https:\/\/ceoparts.com\/?post_type=product&#038;p=15133"},"modified":"2026-05-16T16:24:08","modified_gmt":"2026-05-16T13:24:08","slug":"bt-toyota-lwe-swe-direksiyon-kolu-konsol-destegi-7619145-236916-7564532","status":"publish","type":"product","link":"https:\/\/ceoparts.com\/tr\/urun\/bt-toyota-lwe-swe-direksiyon-kolu-konsol-destegi-7619145-236916-7564532\/","title":{"rendered":"BT Toyota LWE\/SWE Direksiyon Kolu Konsol Deste\u011fi &#8211; 7619145, 236916 , 7564532"},"content":{"rendered":"<p>BT Toyota LWE\/SWE Direksiyon Kolu Konsol Deste\u011fi &#8211; 7619145, 236916 , 7564532<\/p>\n<p>SWE 080L<br \/>\nSWE 100<br \/>\nSWE 120<br \/>\nSWE 120L SWE<br \/>\n120S<br \/>\nSWE 140<br \/>\nSWE 140L<br \/>\nSWE 200D<br \/>\nLWE 140<br \/>\nLWE 160<br \/>\nLWE 180<br \/>\nLWE 200<br \/>\nLWE 250<\/p>","protected":false},"excerpt":{"rendered":"<p data-start=\"0\" data-end=\"357\"><br data-start=\"5\" data-end=\"8\" \/>Forklift uygulamalar\u0131nda kullan\u0131lan <strong data-start=\"44\" data-end=\"96\">BT Toyota LWE\/SWE Direksiyon Kolu Konsol Deste\u011fi<\/strong>, direksiyon kolunun g\u00fcvenli ve sa\u011flam \u015fekilde sabitlenmesini sa\u011flayan dayan\u0131kl\u0131 bir destek par\u00e7as\u0131d\u0131r. Forkliftin kullan\u0131m konforunu art\u0131r\u0131r ve direksiyon kolunun titre\u015fim ve hareketlerini minimize eder. Y\u00fcksek kaliteli malzemeden \u00fcretilmi\u015ftir, uzun \u00f6m\u00fcrl\u00fcd\u00fcr.<\/p>\n<p data-start=\"359\" data-end=\"656\"><strong data-start=\"359\" data-end=\"374\">\u00d6zellikler:<\/strong><br data-start=\"374\" data-end=\"377\" \/><strong data-start=\"377\" data-end=\"390\">\u00dcr\u00fcn Ad\u0131:<\/strong> BT Toyota LWE\/SWE Direksiyon Kolu Konsol Deste\u011fi<br data-start=\"439\" data-end=\"442\" \/><strong data-start=\"442\" data-end=\"457\">Par\u00e7a Kodu:<\/strong> Belirtilmemi\u015f<br data-start=\"471\" data-end=\"474\" \/><strong data-start=\"474\" data-end=\"486\">Malzeme:<\/strong> Dayan\u0131kl\u0131 metal ala\u015f\u0131m\u0131<br data-start=\"510\" data-end=\"513\" \/><strong data-start=\"513\" data-end=\"532\">Kullan\u0131m Alan\u0131:<\/strong> Toyota LWE\/SWE model forkliftler direksiyon kolu sistemleri<br data-start=\"592\" data-end=\"595\" \/><strong data-start=\"595\" data-end=\"607\">Avantaj:<\/strong> G\u00fcvenli sabitleme, titre\u015fim azaltma, uzun \u00f6m\u00fcr<\/p>\n<p data-start=\"658\" data-end=\"980\">\n","protected":false},"featured_media":15135,"template":"","meta":[],"product_brand":[],"product_cat":[530,251,470,518,521],"product_tag":[],"class_list":{"0":"post-15133","1":"product","2":"type-product","3":"status-publish","4":"has-post-thumbnail","6":"product_cat-yedek-parca-toyota","7":"product_cat-bt","8":"product_cat-diger-yedek-parcalar","9":"product_cat-yedek-parca-bt","10":"product_cat-toyota","12":"first","13":"instock","14":"taxable","15":"shipping-taxable","16":"purchasable","17":"product-type-simple"},"_links":{"self":[{"href":"https:\/\/ceoparts.com\/tr\/wp-json\/wp\/v2\/product\/15133","targetHints":{"allow":["GET"]}}],"collection":[{"href":"https:\/\/ceoparts.com\/tr\/wp-json\/wp\/v2\/product"}],"about":[{"href":"https:\/\/ceoparts.com\/tr\/wp-json\/wp\/v2\/types\/product"}],"wp:featuredmedia":[{"embeddable":true,"href":"https:\/\/ceoparts.com\/tr\/wp-json\/wp\/v2\/media\/15135"}],"wp:attachment":[{"href":"https:\/\/ceoparts.com\/tr\/wp-json\/wp\/v2\/media?parent=15133"}],"wp:term":[{"taxonomy":"product_brand","embeddable":true,"href":"https:\/\/ceoparts.com\/tr\/wp-json\/wp\/v2\/product_brand?post=15133"},{"taxonomy":"product_cat","embeddable":true,"href":"https:\/\/ceoparts.com\/tr\/wp-json\/wp\/v2\/product_cat?post=15133"},{"taxonomy":"product_tag","embeddable":true,"href":"https:\/\/ceoparts.com\/tr\/wp-json\/wp\/v2\/product_tag?post=15133"}],"curies":[{"name":"wp","href":"https:\/\/api.w.org\/{rel}","templated":true}]}}