{"id":15143,"date":"2025-02-19T15:06:46","date_gmt":"2025-02-19T12:06:46","guid":{"rendered":"https:\/\/ceoparts.com\/?post_type=product&#038;p=15143"},"modified":"2026-05-16T18:22:57","modified_gmt":"2026-05-16T15:22:57","slug":"still-potansiyometre-8408841","status":"publish","type":"product","link":"https:\/\/ceoparts.com\/tr\/urun\/still-potansiyometre-8408841\/","title":{"rendered":"Still Potansiyometre &#8211; 8408841"},"content":{"rendered":"<p>Still Potansiyometre &#8211; 8408841<\/p>\n<p>Still 408841, 8408841<\/p>\n<p>Linde 7916497904<\/p>\n<p>FM-X 12<\/p>\n<p>EK 11<\/p>\n<p>EK 12<\/p>","protected":false},"excerpt":{"rendered":"<p data-start=\"0\" data-end=\"303\"><br data-start=\"5\" data-end=\"8\" \/>Forklift uygulamalar\u0131nda kullan\u0131lan <strong data-start=\"44\" data-end=\"68\">Still Potansiyometre<\/strong>, forkliftin \u00e7e\u015fitli elektriksel kontrollerinde hassas ayar ve kontrol sa\u011flamak i\u00e7in tasarlanm\u0131\u015f dayan\u0131kl\u0131 ve g\u00fcvenilir bir bile\u015fendir. Y\u00fcksek kaliteli malzemeden \u00fcretilmi\u015f olup uzun \u00f6m\u00fcrl\u00fcd\u00fcr ve zorlu \u00e7al\u0131\u015fma ko\u015fullar\u0131na dayan\u0131kl\u0131d\u0131r.<\/p>\n<p data-start=\"305\" data-end=\"556\"><strong data-start=\"305\" data-end=\"320\">\u00d6zellikler:<\/strong><br data-start=\"320\" data-end=\"323\" \/><strong data-start=\"323\" data-end=\"336\">\u00dcr\u00fcn Ad\u0131:<\/strong> Still Potansiyometre<br data-start=\"357\" data-end=\"360\" \/><strong data-start=\"360\" data-end=\"375\">Par\u00e7a Kodu:<\/strong> 8408841<br data-start=\"383\" data-end=\"386\" \/><strong data-start=\"386\" data-end=\"398\">Malzeme:<\/strong> Dayan\u0131kl\u0131 elektronik komponentler<br data-start=\"432\" data-end=\"435\" \/><strong data-start=\"435\" data-end=\"454\">Kullan\u0131m Alan\u0131:<\/strong> Forklift elektrik kontrol sistemleri<br data-start=\"491\" data-end=\"494\" \/><strong data-start=\"494\" data-end=\"506\">Avantaj:<\/strong> Hassas kontrol, uzun \u00f6m\u00fcr, g\u00fcvenilir performans<\/p>\n<p data-start=\"558\" data-end=\"854\">\n","protected":false},"featured_media":15145,"template":"","meta":[],"product_brand":[],"product_cat":[241,246,470,523,524],"product_tag":[],"class_list":{"0":"post-15143","1":"product","2":"type-product","3":"status-publish","4":"has-post-thumbnail","6":"product_cat-still","7":"product_cat-linde","8":"product_cat-diger-yedek-parcalar","9":"product_cat-yedek-parca-linde","10":"product_cat-yedek-parca-still","12":"first","13":"instock","14":"taxable","15":"shipping-taxable","16":"purchasable","17":"product-type-simple"},"_links":{"self":[{"href":"https:\/\/ceoparts.com\/tr\/wp-json\/wp\/v2\/product\/15143","targetHints":{"allow":["GET"]}}],"collection":[{"href":"https:\/\/ceoparts.com\/tr\/wp-json\/wp\/v2\/product"}],"about":[{"href":"https:\/\/ceoparts.com\/tr\/wp-json\/wp\/v2\/types\/product"}],"wp:featuredmedia":[{"embeddable":true,"href":"https:\/\/ceoparts.com\/tr\/wp-json\/wp\/v2\/media\/15145"}],"wp:attachment":[{"href":"https:\/\/ceoparts.com\/tr\/wp-json\/wp\/v2\/media?parent=15143"}],"wp:term":[{"taxonomy":"product_brand","embeddable":true,"href":"https:\/\/ceoparts.com\/tr\/wp-json\/wp\/v2\/product_brand?post=15143"},{"taxonomy":"product_cat","embeddable":true,"href":"https:\/\/ceoparts.com\/tr\/wp-json\/wp\/v2\/product_cat?post=15143"},{"taxonomy":"product_tag","embeddable":true,"href":"https:\/\/ceoparts.com\/tr\/wp-json\/wp\/v2\/product_tag?post=15143"}],"curies":[{"name":"wp","href":"https:\/\/api.w.org\/{rel}","templated":true}]}}