{"id":15148,"date":"2025-02-19T15:13:50","date_gmt":"2025-02-19T12:13:50","guid":{"rendered":"https:\/\/ceoparts.com\/?post_type=product&#038;p=15148"},"modified":"2026-05-16T17:17:48","modified_gmt":"2026-05-16T14:17:48","slug":"bt-lwe-sensor-karsiligi-7500317","status":"publish","type":"product","link":"https:\/\/ceoparts.com\/tr\/urun\/bt-lwe-sensor-karsiligi-7500317\/","title":{"rendered":"BT LWE Sens\u00f6r Kar\u015f\u0131l\u0131\u011f\u0131 &#8211; 7500317"},"content":{"rendered":"<p>BT LWE Sens\u00f6r Kar\u015f\u0131l\u0131\u011f\u0131 &#8211; 7500317<\/p>","protected":false},"excerpt":{"rendered":"<p data-start=\"0\" data-end=\"320\"><br data-start=\"5\" data-end=\"8\" \/>Forklift uygulamalar\u0131nda kullan\u0131lan <strong data-start=\"44\" data-end=\"71\">BT LWE Sens\u00f6r Kar\u015f\u0131l\u0131\u011f\u0131<\/strong>, forklift \u00fczerindeki sens\u00f6rlerin do\u011fru ve g\u00fcvenilir \u015fekilde \u00e7al\u0131\u015fmas\u0131n\u0131 sa\u011flayan dayan\u0131kl\u0131 bir par\u00e7a olup, sens\u00f6rlerin alg\u0131lama do\u011frulu\u011funu art\u0131r\u0131r. Y\u00fcksek kaliteli malzemeden \u00fcretilmi\u015f olup uzun \u00f6m\u00fcrl\u00fcd\u00fcr ve zorlu \u00e7al\u0131\u015fma ko\u015fullar\u0131na dayan\u0131kl\u0131d\u0131r.<\/p>\n<p data-start=\"322\" data-end=\"563\"><strong data-start=\"322\" data-end=\"337\">\u00d6zellikler:<\/strong><br data-start=\"337\" data-end=\"340\" \/><strong data-start=\"340\" data-end=\"353\">\u00dcr\u00fcn Ad\u0131:<\/strong> BT LWE Sens\u00f6r Kar\u015f\u0131l\u0131\u011f\u0131<br data-start=\"377\" data-end=\"380\" \/><strong data-start=\"380\" data-end=\"395\">Par\u00e7a Kodu:<\/strong> 7500317<br data-start=\"403\" data-end=\"406\" \/><strong data-start=\"406\" data-end=\"418\">Malzeme:<\/strong> Dayan\u0131kl\u0131 plastik\/metal<br data-start=\"442\" data-end=\"445\" \/><strong data-start=\"445\" data-end=\"464\">Kullan\u0131m Alan\u0131:<\/strong> Forklift sens\u00f6r sistemleri<br data-start=\"491\" data-end=\"494\" \/><strong data-start=\"494\" data-end=\"506\">Avantaj:<\/strong> Y\u00fcksek alg\u0131lama hassasiyeti, dayan\u0131kl\u0131 yap\u0131, uzun \u00f6m\u00fcr<\/p>\n<p data-start=\"565\" data-end=\"866\">\n","protected":false},"featured_media":15150,"template":"","meta":[],"product_brand":[],"product_cat":[251,470,518],"product_tag":[],"class_list":{"0":"post-15148","1":"product","2":"type-product","3":"status-publish","4":"has-post-thumbnail","6":"product_cat-bt","7":"product_cat-diger-yedek-parcalar","8":"product_cat-yedek-parca-bt","10":"first","11":"instock","12":"taxable","13":"shipping-taxable","14":"purchasable","15":"product-type-simple"},"_links":{"self":[{"href":"https:\/\/ceoparts.com\/tr\/wp-json\/wp\/v2\/product\/15148","targetHints":{"allow":["GET"]}}],"collection":[{"href":"https:\/\/ceoparts.com\/tr\/wp-json\/wp\/v2\/product"}],"about":[{"href":"https:\/\/ceoparts.com\/tr\/wp-json\/wp\/v2\/types\/product"}],"wp:featuredmedia":[{"embeddable":true,"href":"https:\/\/ceoparts.com\/tr\/wp-json\/wp\/v2\/media\/15150"}],"wp:attachment":[{"href":"https:\/\/ceoparts.com\/tr\/wp-json\/wp\/v2\/media?parent=15148"}],"wp:term":[{"taxonomy":"product_brand","embeddable":true,"href":"https:\/\/ceoparts.com\/tr\/wp-json\/wp\/v2\/product_brand?post=15148"},{"taxonomy":"product_cat","embeddable":true,"href":"https:\/\/ceoparts.com\/tr\/wp-json\/wp\/v2\/product_cat?post=15148"},{"taxonomy":"product_tag","embeddable":true,"href":"https:\/\/ceoparts.com\/tr\/wp-json\/wp\/v2\/product_tag?post=15148"}],"curies":[{"name":"wp","href":"https:\/\/api.w.org\/{rel}","templated":true}]}}