{"id":15167,"date":"2025-02-20T09:15:39","date_gmt":"2025-02-20T06:15:39","guid":{"rendered":"https:\/\/ceoparts.com\/?post_type=product&#038;p=15167"},"modified":"2026-05-16T15:07:55","modified_gmt":"2026-05-16T12:07:55","slug":"still-tilt-sembol-653461","status":"publish","type":"product","link":"https:\/\/ceoparts.com\/tr\/urun\/still-tilt-sembol-653461\/","title":{"rendered":"Still Sembol &#8211; 653461"},"content":{"rendered":"<p>Still Sembol &#8211; 653461<\/p>","protected":false},"excerpt":{"rendered":"<p data-start=\"0\" data-end=\"303\"><br data-start=\"5\" data-end=\"8\" \/>Forklift uygulamalar\u0131nda kullan\u0131lan <strong data-start=\"44\" data-end=\"60\">Still Sembol<\/strong>, forkliftin kontrol panelleri ve g\u00f6stergelerinde yer alan dayan\u0131kl\u0131 ve net i\u015faret sembol\u00fcd\u00fcr. Operat\u00f6rlerin h\u0131zl\u0131 ve do\u011fru bilgi almas\u0131n\u0131 sa\u011flar. Y\u00fcksek kaliteli malzemeden \u00fcretilmi\u015ftir, uzun \u00f6m\u00fcrl\u00fcd\u00fcr ve zor \u00e7al\u0131\u015fma ko\u015fullar\u0131na dayan\u0131kl\u0131d\u0131r.<\/p>\n<p data-start=\"305\" data-end=\"531\"><strong data-start=\"305\" data-end=\"320\">\u00d6zellikler:<\/strong><br data-start=\"320\" data-end=\"323\" \/><strong data-start=\"323\" data-end=\"336\">\u00dcr\u00fcn Ad\u0131:<\/strong> Still Sembol<br data-start=\"349\" data-end=\"352\" \/><strong data-start=\"352\" data-end=\"367\">Par\u00e7a Kodu:<\/strong> 653461<br data-start=\"374\" data-end=\"377\" \/><strong data-start=\"377\" data-end=\"389\">Malzeme:<\/strong> Dayan\u0131kl\u0131 plastik<br data-start=\"407\" data-end=\"410\" \/><strong data-start=\"410\" data-end=\"429\">Kullan\u0131m Alan\u0131:<\/strong> Forklift kontrol panelleri ve g\u00f6stergeleri<br data-start=\"472\" data-end=\"475\" \/><strong data-start=\"475\" data-end=\"487\">Avantaj:<\/strong> Net g\u00f6r\u00fcn\u00fcrl\u00fck, dayan\u0131kl\u0131 yap\u0131, uzun \u00f6m\u00fcr<\/p>\n<p data-start=\"533\" data-end=\"832\">\n","protected":false},"featured_media":15168,"template":"","meta":[],"product_brand":[],"product_cat":[241,454,524],"product_tag":[],"class_list":{"0":"post-15167","1":"product","2":"type-product","3":"status-publish","4":"has-post-thumbnail","6":"product_cat-still","7":"product_cat-switch-ve-buton","8":"product_cat-yedek-parca-still","10":"first","11":"instock","12":"taxable","13":"shipping-taxable","14":"purchasable","15":"product-type-simple"},"_links":{"self":[{"href":"https:\/\/ceoparts.com\/tr\/wp-json\/wp\/v2\/product\/15167","targetHints":{"allow":["GET"]}}],"collection":[{"href":"https:\/\/ceoparts.com\/tr\/wp-json\/wp\/v2\/product"}],"about":[{"href":"https:\/\/ceoparts.com\/tr\/wp-json\/wp\/v2\/types\/product"}],"wp:featuredmedia":[{"embeddable":true,"href":"https:\/\/ceoparts.com\/tr\/wp-json\/wp\/v2\/media\/15168"}],"wp:attachment":[{"href":"https:\/\/ceoparts.com\/tr\/wp-json\/wp\/v2\/media?parent=15167"}],"wp:term":[{"taxonomy":"product_brand","embeddable":true,"href":"https:\/\/ceoparts.com\/tr\/wp-json\/wp\/v2\/product_brand?post=15167"},{"taxonomy":"product_cat","embeddable":true,"href":"https:\/\/ceoparts.com\/tr\/wp-json\/wp\/v2\/product_cat?post=15167"},{"taxonomy":"product_tag","embeddable":true,"href":"https:\/\/ceoparts.com\/tr\/wp-json\/wp\/v2\/product_tag?post=15167"}],"curies":[{"name":"wp","href":"https:\/\/api.w.org\/{rel}","templated":true}]}}