{"id":15170,"date":"2025-02-20T09:20:34","date_gmt":"2025-02-20T06:20:34","guid":{"rendered":"https:\/\/ceoparts.com\/?post_type=product&#038;p=15170"},"modified":"2026-05-06T15:21:12","modified_gmt":"2026-05-06T12:21:12","slug":"still-sembol-653163","status":"publish","type":"product","link":"https:\/\/ceoparts.com\/tr\/urun\/still-sembol-653163\/","title":{"rendered":"Still Sembol &#8211; 653163"},"content":{"rendered":"<p>Still Sembol &#8211; 653163<\/p>","protected":false},"excerpt":{"rendered":"<p data-start=\"0\" data-end=\"310\"><br data-start=\"5\" data-end=\"8\" \/>Forklift uygulamalar\u0131nda kullan\u0131lan <strong data-start=\"44\" data-end=\"60\">Still Sembol<\/strong>, forkliftin \u00e7e\u015fitli kontrol ve g\u00f6sterge panellerinde yer alan dayan\u0131kl\u0131 ve net i\u015faret sembol\u00fcd\u00fcr. Operat\u00f6rlerin h\u0131zl\u0131 ve do\u011fru bilgi almas\u0131n\u0131 sa\u011flar. Y\u00fcksek kaliteli malzemeden \u00fcretilmi\u015f olup uzun \u00f6m\u00fcrl\u00fcd\u00fcr ve zorlu \u00e7al\u0131\u015fma ko\u015fullar\u0131na dayan\u0131kl\u0131d\u0131r.<\/p>\n<p data-start=\"312\" data-end=\"538\"><strong data-start=\"312\" data-end=\"327\">\u00d6zellikler:<\/strong><br data-start=\"327\" data-end=\"330\" \/><strong data-start=\"330\" data-end=\"343\">\u00dcr\u00fcn Ad\u0131:<\/strong> Still Sembol<br data-start=\"356\" data-end=\"359\" \/><strong data-start=\"359\" data-end=\"374\">Par\u00e7a Kodu:<\/strong> 653461<br data-start=\"381\" data-end=\"384\" \/><strong data-start=\"384\" data-end=\"396\">Malzeme:<\/strong> Dayan\u0131kl\u0131 plastik<br data-start=\"414\" data-end=\"417\" \/><strong data-start=\"417\" data-end=\"436\">Kullan\u0131m Alan\u0131:<\/strong> Forklift kontrol panelleri ve g\u00f6stergeleri<br data-start=\"479\" data-end=\"482\" \/><strong data-start=\"482\" data-end=\"494\">Avantaj:<\/strong> Net g\u00f6r\u00fcn\u00fcrl\u00fck, dayan\u0131kl\u0131 yap\u0131, uzun \u00f6m\u00fcr<\/p>\n<p data-start=\"540\" data-end=\"853\">\n","protected":false},"featured_media":15177,"template":"","meta":[],"product_brand":[],"product_cat":[241,454,524],"product_tag":[],"class_list":{"0":"post-15170","1":"product","2":"type-product","3":"status-publish","4":"has-post-thumbnail","6":"product_cat-still","7":"product_cat-switch-ve-buton","8":"product_cat-yedek-parca-still","10":"first","11":"instock","12":"taxable","13":"shipping-taxable","14":"purchasable","15":"product-type-simple"},"_links":{"self":[{"href":"https:\/\/ceoparts.com\/tr\/wp-json\/wp\/v2\/product\/15170","targetHints":{"allow":["GET"]}}],"collection":[{"href":"https:\/\/ceoparts.com\/tr\/wp-json\/wp\/v2\/product"}],"about":[{"href":"https:\/\/ceoparts.com\/tr\/wp-json\/wp\/v2\/types\/product"}],"wp:featuredmedia":[{"embeddable":true,"href":"https:\/\/ceoparts.com\/tr\/wp-json\/wp\/v2\/media\/15177"}],"wp:attachment":[{"href":"https:\/\/ceoparts.com\/tr\/wp-json\/wp\/v2\/media?parent=15170"}],"wp:term":[{"taxonomy":"product_brand","embeddable":true,"href":"https:\/\/ceoparts.com\/tr\/wp-json\/wp\/v2\/product_brand?post=15170"},{"taxonomy":"product_cat","embeddable":true,"href":"https:\/\/ceoparts.com\/tr\/wp-json\/wp\/v2\/product_cat?post=15170"},{"taxonomy":"product_tag","embeddable":true,"href":"https:\/\/ceoparts.com\/tr\/wp-json\/wp\/v2\/product_tag?post=15170"}],"curies":[{"name":"wp","href":"https:\/\/api.w.org\/{rel}","templated":true}]}}