{"id":15185,"date":"2025-02-20T09:31:31","date_gmt":"2025-02-20T06:31:31","guid":{"rendered":"https:\/\/ceoparts.com\/?post_type=product&#038;p=15185"},"modified":"2026-05-16T10:58:44","modified_gmt":"2026-05-16T07:58:44","slug":"still-el-freni-sembolu-711565","status":"publish","type":"product","link":"https:\/\/ceoparts.com\/tr\/urun\/still-el-freni-sembolu-711565\/","title":{"rendered":"Still El Freni Sembol\u00fc &#8211; 711565"},"content":{"rendered":"<p>Still El Freni Sembol\u00fc &#8211; 711565<\/p>","protected":false},"excerpt":{"rendered":"<p data-start=\"0\" data-end=\"330\"><br data-start=\"5\" data-end=\"8\" \/>Forklift uygulamalar\u0131nda kullan\u0131lan <strong data-start=\"44\" data-end=\"70\">Still El Freni Sembol\u00fc<\/strong>, forklift el freninin do\u011fru ve kolay tan\u0131nmas\u0131n\u0131 sa\u011flayan dayan\u0131kl\u0131 ve net i\u015faret sembol\u00fcd\u00fcr. Y\u00fcksek kaliteli malzemeden \u00fcretilmi\u015f olup uzun \u00f6m\u00fcrl\u00fcd\u00fcr ve zorlu \u00e7al\u0131\u015fma ko\u015fullar\u0131na kar\u015f\u0131 diren\u00e7 g\u00f6sterir. Operat\u00f6r g\u00fcvenli\u011fi ve kullan\u0131m kolayl\u0131\u011f\u0131 i\u00e7in \u00f6nemlidir.<\/p>\n<p data-start=\"332\" data-end=\"575\"><strong data-start=\"332\" data-end=\"347\">\u00d6zellikler:<\/strong><br data-start=\"347\" data-end=\"350\" \/><strong data-start=\"350\" data-end=\"363\">\u00dcr\u00fcn Ad\u0131:<\/strong> Still El Freni Sembol\u00fc<br data-start=\"386\" data-end=\"389\" \/><strong data-start=\"389\" data-end=\"404\">Par\u00e7a Kodu:<\/strong> 711565<br data-start=\"411\" data-end=\"414\" \/><strong data-start=\"414\" data-end=\"426\">Malzeme:<\/strong> Dayan\u0131kl\u0131 plastik<br data-start=\"444\" data-end=\"447\" \/><strong data-start=\"447\" data-end=\"466\">Kullan\u0131m Alan\u0131:<\/strong> Forklift el freni kontrol panelleri ve kollar\u0131<br data-start=\"513\" data-end=\"516\" \/><strong data-start=\"516\" data-end=\"528\">Avantaj:<\/strong> Net g\u00f6r\u00fcn\u00fcrl\u00fck, dayan\u0131kl\u0131 yap\u0131, kolay montaj<\/p>\n<p data-start=\"577\" data-end=\"900\">\n","protected":false},"featured_media":15187,"template":"","meta":[],"product_brand":[],"product_cat":[241,454,524],"product_tag":[],"class_list":{"0":"post-15185","1":"product","2":"type-product","3":"status-publish","4":"has-post-thumbnail","6":"product_cat-still","7":"product_cat-switch-ve-buton","8":"product_cat-yedek-parca-still","10":"first","11":"instock","12":"taxable","13":"shipping-taxable","14":"purchasable","15":"product-type-simple"},"_links":{"self":[{"href":"https:\/\/ceoparts.com\/tr\/wp-json\/wp\/v2\/product\/15185","targetHints":{"allow":["GET"]}}],"collection":[{"href":"https:\/\/ceoparts.com\/tr\/wp-json\/wp\/v2\/product"}],"about":[{"href":"https:\/\/ceoparts.com\/tr\/wp-json\/wp\/v2\/types\/product"}],"wp:featuredmedia":[{"embeddable":true,"href":"https:\/\/ceoparts.com\/tr\/wp-json\/wp\/v2\/media\/15187"}],"wp:attachment":[{"href":"https:\/\/ceoparts.com\/tr\/wp-json\/wp\/v2\/media?parent=15185"}],"wp:term":[{"taxonomy":"product_brand","embeddable":true,"href":"https:\/\/ceoparts.com\/tr\/wp-json\/wp\/v2\/product_brand?post=15185"},{"taxonomy":"product_cat","embeddable":true,"href":"https:\/\/ceoparts.com\/tr\/wp-json\/wp\/v2\/product_cat?post=15185"},{"taxonomy":"product_tag","embeddable":true,"href":"https:\/\/ceoparts.com\/tr\/wp-json\/wp\/v2\/product_tag?post=15185"}],"curies":[{"name":"wp","href":"https:\/\/api.w.org\/{rel}","templated":true}]}}