{"id":15188,"date":"2025-02-20T09:36:22","date_gmt":"2025-02-20T06:36:22","guid":{"rendered":"https:\/\/ceoparts.com\/?post_type=product&#038;p=15188"},"modified":"2026-05-16T15:27:16","modified_gmt":"2026-05-16T12:27:16","slug":"still-parca-kolu-709748","status":"publish","type":"product","link":"https:\/\/ceoparts.com\/tr\/urun\/still-parca-kolu-709748\/","title":{"rendered":"Still Par\u00e7a Kolu &#8211; 709748"},"content":{"rendered":"<p>Still Par\u00e7a Kolu &#8211; 709748<\/p>","protected":false},"excerpt":{"rendered":"<p data-start=\"0\" data-end=\"348\"><br data-start=\"5\" data-end=\"8\" \/>Forklift uygulamalar\u0131nda kullan\u0131lan <strong data-start=\"44\" data-end=\"64\">Still Par\u00e7a Kolu<\/strong>, forkliftin \u00e7e\u015fitli mekanik ve kontrol sistemlerinde dayan\u0131kl\u0131 ve ergonomik tutu\u015f sa\u011flamak amac\u0131yla tasarlanm\u0131\u015f kol par\u00e7as\u0131d\u0131r. Sa\u011flam malzemesi sayesinde uzun \u00f6m\u00fcrl\u00fcd\u00fcr ve operat\u00f6r\u00fcn rahat \u00e7al\u0131\u015fmas\u0131na olanak tan\u0131r. Kolay montaj \u00f6zelli\u011fi ile bak\u0131m ve de\u011fi\u015fim s\u00fcre\u00e7lerini h\u0131zland\u0131r\u0131r.<\/p>\n<p data-start=\"350\" data-end=\"588\"><strong data-start=\"350\" data-end=\"365\">\u00d6zellikler:<\/strong><br data-start=\"365\" data-end=\"368\" \/><strong data-start=\"368\" data-end=\"381\">\u00dcr\u00fcn Ad\u0131:<\/strong> Still Par\u00e7a Kolu<br data-start=\"398\" data-end=\"401\" \/><strong data-start=\"401\" data-end=\"416\">Par\u00e7a Kodu:<\/strong> 709748<br data-start=\"423\" data-end=\"426\" \/><strong data-start=\"426\" data-end=\"438\">Malzeme:<\/strong> Dayan\u0131kl\u0131 plastik ve metal<br data-start=\"465\" data-end=\"468\" \/><strong data-start=\"468\" data-end=\"487\">Kullan\u0131m Alan\u0131:<\/strong> Forklift mekanik ve kontrol sistemleri<br data-start=\"526\" data-end=\"529\" \/><strong data-start=\"529\" data-end=\"541\">Avantaj:<\/strong> Sa\u011flam yap\u0131, ergonomik tasar\u0131m, kolay montaj<\/p>\n<p data-start=\"590\" data-end=\"934\">\n","protected":false},"featured_media":15190,"template":"","meta":[],"product_brand":[],"product_cat":[241,472,524],"product_tag":[],"class_list":{"0":"post-15188","1":"product","2":"type-product","3":"status-publish","4":"has-post-thumbnail","6":"product_cat-still","7":"product_cat-kaporta-aksami","8":"product_cat-yedek-parca-still","10":"first","11":"instock","12":"taxable","13":"shipping-taxable","14":"purchasable","15":"product-type-simple"},"_links":{"self":[{"href":"https:\/\/ceoparts.com\/tr\/wp-json\/wp\/v2\/product\/15188","targetHints":{"allow":["GET"]}}],"collection":[{"href":"https:\/\/ceoparts.com\/tr\/wp-json\/wp\/v2\/product"}],"about":[{"href":"https:\/\/ceoparts.com\/tr\/wp-json\/wp\/v2\/types\/product"}],"wp:featuredmedia":[{"embeddable":true,"href":"https:\/\/ceoparts.com\/tr\/wp-json\/wp\/v2\/media\/15190"}],"wp:attachment":[{"href":"https:\/\/ceoparts.com\/tr\/wp-json\/wp\/v2\/media?parent=15188"}],"wp:term":[{"taxonomy":"product_brand","embeddable":true,"href":"https:\/\/ceoparts.com\/tr\/wp-json\/wp\/v2\/product_brand?post=15188"},{"taxonomy":"product_cat","embeddable":true,"href":"https:\/\/ceoparts.com\/tr\/wp-json\/wp\/v2\/product_cat?post=15188"},{"taxonomy":"product_tag","embeddable":true,"href":"https:\/\/ceoparts.com\/tr\/wp-json\/wp\/v2\/product_tag?post=15188"}],"curies":[{"name":"wp","href":"https:\/\/api.w.org\/{rel}","templated":true}]}}