{"id":15195,"date":"2025-02-20T09:48:02","date_gmt":"2025-02-20T06:48:02","guid":{"rendered":"https:\/\/ceoparts.com\/?post_type=product&#038;p=15195"},"modified":"2026-05-16T20:15:25","modified_gmt":"2026-05-16T17:15:25","slug":"still-el-freni-kolu-720121","status":"publish","type":"product","link":"https:\/\/ceoparts.com\/tr\/urun\/still-el-freni-kolu-720121\/","title":{"rendered":"Still El Freni Kolu &#8211; 720121"},"content":{"rendered":"<p>Still El Freni Kolu &#8211; 720121<\/p>","protected":false},"excerpt":{"rendered":"<p data-start=\"0\" data-end=\"339\"><br data-start=\"5\" data-end=\"8\" \/>Forklift uygulamalar\u0131nda kullan\u0131lan <strong data-start=\"44\" data-end=\"67\">Still El Freni Kolu<\/strong>, forkliftin el frenini g\u00fcvenli ve etkili \u015fekilde kontrol etmek amac\u0131yla tasarlanm\u0131\u015f dayan\u0131kl\u0131 bir kol par\u00e7as\u0131d\u0131r. Y\u00fcksek kaliteli malzemeden \u00fcretilmi\u015f olup ergonomik yap\u0131s\u0131yla operat\u00f6r\u00fcn rahat kullan\u0131m\u0131n\u0131 sa\u011flar. Zorlu i\u015f ko\u015fullar\u0131na kar\u015f\u0131 dayan\u0131kl\u0131d\u0131r ve uzun \u00f6m\u00fcrl\u00fcd\u00fcr.<\/p>\n<p data-start=\"341\" data-end=\"569\"><strong data-start=\"341\" data-end=\"356\">\u00d6zellikler:<\/strong><br data-start=\"356\" data-end=\"359\" \/><strong data-start=\"359\" data-end=\"372\">\u00dcr\u00fcn Ad\u0131:<\/strong> Still El Freni Kolu<br data-start=\"392\" data-end=\"395\" \/><strong data-start=\"395\" data-end=\"410\">Par\u00e7a Kodu:<\/strong> 720121<br data-start=\"417\" data-end=\"420\" \/><strong data-start=\"420\" data-end=\"432\">Malzeme:<\/strong> Dayan\u0131kl\u0131 metal ve plastik<br data-start=\"459\" data-end=\"462\" \/><strong data-start=\"462\" data-end=\"481\">Kullan\u0131m Alan\u0131:<\/strong> Forklift el freni sistemleri<br data-start=\"510\" data-end=\"513\" \/><strong data-start=\"513\" data-end=\"525\">Avantaj:<\/strong> Sa\u011flam yap\u0131, ergonomik tasar\u0131m, uzun \u00f6m\u00fcr<\/p>\n<p data-start=\"571\" data-end=\"888\">\n","protected":false},"featured_media":15197,"template":"","meta":[],"product_brand":[],"product_cat":[241,470,524],"product_tag":[],"class_list":{"0":"post-15195","1":"product","2":"type-product","3":"status-publish","4":"has-post-thumbnail","6":"product_cat-still","7":"product_cat-diger-yedek-parcalar","8":"product_cat-yedek-parca-still","10":"first","11":"instock","12":"taxable","13":"shipping-taxable","14":"purchasable","15":"product-type-simple"},"_links":{"self":[{"href":"https:\/\/ceoparts.com\/tr\/wp-json\/wp\/v2\/product\/15195","targetHints":{"allow":["GET"]}}],"collection":[{"href":"https:\/\/ceoparts.com\/tr\/wp-json\/wp\/v2\/product"}],"about":[{"href":"https:\/\/ceoparts.com\/tr\/wp-json\/wp\/v2\/types\/product"}],"wp:featuredmedia":[{"embeddable":true,"href":"https:\/\/ceoparts.com\/tr\/wp-json\/wp\/v2\/media\/15197"}],"wp:attachment":[{"href":"https:\/\/ceoparts.com\/tr\/wp-json\/wp\/v2\/media?parent=15195"}],"wp:term":[{"taxonomy":"product_brand","embeddable":true,"href":"https:\/\/ceoparts.com\/tr\/wp-json\/wp\/v2\/product_brand?post=15195"},{"taxonomy":"product_cat","embeddable":true,"href":"https:\/\/ceoparts.com\/tr\/wp-json\/wp\/v2\/product_cat?post=15195"},{"taxonomy":"product_tag","embeddable":true,"href":"https:\/\/ceoparts.com\/tr\/wp-json\/wp\/v2\/product_tag?post=15195"}],"curies":[{"name":"wp","href":"https:\/\/api.w.org\/{rel}","templated":true}]}}