{"id":15201,"date":"2025-02-20T09:54:34","date_gmt":"2025-02-20T06:54:34","guid":{"rendered":"https:\/\/ceoparts.com\/?post_type=product&#038;p=15201"},"modified":"2026-05-16T17:47:12","modified_gmt":"2026-05-16T14:47:12","slug":"bt-rre160-makara-yayi","status":"publish","type":"product","link":"https:\/\/ceoparts.com\/tr\/urun\/bt-rre160-makara-yayi\/","title":{"rendered":"BT RRE160 Makara Yay\u0131"},"content":{"rendered":"<p>BT RRE160 Makara Yay\u0131<\/p>","protected":false},"excerpt":{"rendered":"<p data-start=\"0\" data-end=\"378\"><br data-start=\"5\" data-end=\"8\" \/>Forklift uygulamalar\u0131nda kullan\u0131lan <strong data-start=\"44\" data-end=\"69\">BT RRE160 Makara Yay\u0131<\/strong>, hortum makaralar\u0131n\u0131n dengeli ve kontroll\u00fc \u015fekilde \u00e7al\u0131\u015fmas\u0131n\u0131 sa\u011flamak i\u00e7in tasarlanm\u0131\u015ft\u0131r. Esnek ve dayan\u0131kl\u0131 yap\u0131s\u0131 sayesinde makara sisteminin d\u00fczg\u00fcn \u00e7al\u0131\u015fmas\u0131na yard\u0131mc\u0131 olur, hortumun sarkmas\u0131n\u0131 ve d\u00fczensiz hareket etmesini \u00f6nler. Zorlu i\u015f ko\u015fullar\u0131na kar\u015f\u0131 uzun \u00f6m\u00fcrl\u00fcd\u00fcr ve kolay montaj imkan\u0131 sunar.<\/p>\n<p data-start=\"380\" data-end=\"628\"><strong data-start=\"380\" data-end=\"395\">\u00d6zellikler:<\/strong><br data-start=\"395\" data-end=\"398\" \/><strong data-start=\"398\" data-end=\"411\">\u00dcr\u00fcn Ad\u0131:<\/strong> BT RRE160 Makara Yay\u0131<br data-start=\"433\" data-end=\"436\" \/><strong data-start=\"436\" data-end=\"451\">Par\u00e7a Kodu:<\/strong> Belirtilmemi\u015f<br data-start=\"465\" data-end=\"468\" \/><strong data-start=\"468\" data-end=\"480\">Malzeme:<\/strong> Y\u00fcksek kaliteli \u00e7elik yay<br data-start=\"506\" data-end=\"509\" \/><strong data-start=\"509\" data-end=\"528\">Kullan\u0131m Alan\u0131:<\/strong> Forklift hortum makara sistemleri<br data-start=\"562\" data-end=\"565\" \/><strong data-start=\"565\" data-end=\"577\">Avantaj:<\/strong> Dengeli \u00e7al\u0131\u015fma, uzun \u00f6m\u00fcr, esnek ve sa\u011flam yap\u0131<\/p>\n<p data-start=\"630\" data-end=\"975\">\n","protected":false},"featured_media":15203,"template":"","meta":[],"product_brand":[],"product_cat":[251,470,518],"product_tag":[],"class_list":{"0":"post-15201","1":"product","2":"type-product","3":"status-publish","4":"has-post-thumbnail","6":"product_cat-bt","7":"product_cat-diger-yedek-parcalar","8":"product_cat-yedek-parca-bt","10":"first","11":"instock","12":"taxable","13":"shipping-taxable","14":"purchasable","15":"product-type-simple"},"_links":{"self":[{"href":"https:\/\/ceoparts.com\/tr\/wp-json\/wp\/v2\/product\/15201","targetHints":{"allow":["GET"]}}],"collection":[{"href":"https:\/\/ceoparts.com\/tr\/wp-json\/wp\/v2\/product"}],"about":[{"href":"https:\/\/ceoparts.com\/tr\/wp-json\/wp\/v2\/types\/product"}],"wp:featuredmedia":[{"embeddable":true,"href":"https:\/\/ceoparts.com\/tr\/wp-json\/wp\/v2\/media\/15203"}],"wp:attachment":[{"href":"https:\/\/ceoparts.com\/tr\/wp-json\/wp\/v2\/media?parent=15201"}],"wp:term":[{"taxonomy":"product_brand","embeddable":true,"href":"https:\/\/ceoparts.com\/tr\/wp-json\/wp\/v2\/product_brand?post=15201"},{"taxonomy":"product_cat","embeddable":true,"href":"https:\/\/ceoparts.com\/tr\/wp-json\/wp\/v2\/product_cat?post=15201"},{"taxonomy":"product_tag","embeddable":true,"href":"https:\/\/ceoparts.com\/tr\/wp-json\/wp\/v2\/product_tag?post=15201"}],"curies":[{"name":"wp","href":"https:\/\/api.w.org\/{rel}","templated":true}]}}