{"id":15205,"date":"2025-02-20T09:58:55","date_gmt":"2025-02-20T06:58:55","guid":{"rendered":"https:\/\/ceoparts.com\/?post_type=product&#038;p=15205"},"modified":"2026-05-16T17:47:18","modified_gmt":"2026-05-16T14:47:18","slug":"bt-rre160-plate-253480","status":"publish","type":"product","link":"https:\/\/ceoparts.com\/tr\/urun\/bt-rre160-plate-253480\/","title":{"rendered":"Bt RRE160 Plate &#8211; 253480"},"content":{"rendered":"<p>Bt RRE160 Plate &#8211; 253480<\/p>\n","protected":false},"excerpt":{"rendered":"<p data-start=\"0\" data-end=\"325\"><br data-start=\"5\" data-end=\"8\" \/>Forklift uygulamalar\u0131nda kullan\u0131lan <strong data-start=\"44\" data-end=\"63\">BT RRE160 Plate<\/strong>, hortum makara sistemlerinde makaran\u0131n sabitlenmesi ve dayan\u0131kl\u0131l\u0131\u011f\u0131n\u0131n art\u0131r\u0131lmas\u0131 i\u00e7in tasarlanm\u0131\u015f sa\u011flam bir metal plakad\u0131r. Y\u00fcksek kaliteli malzemesi sayesinde uzun \u00f6m\u00fcrl\u00fcd\u00fcr ve zorlay\u0131c\u0131 i\u015f ortamlar\u0131nda \u00fcst\u00fcn performans g\u00f6sterir. Kolay montaj imkan\u0131 sunar.<\/p>\n<p data-start=\"327\" data-end=\"550\"><strong data-start=\"327\" data-end=\"342\">\u00d6zellikler:<\/strong><br data-start=\"342\" data-end=\"345\" \/><strong data-start=\"345\" data-end=\"358\">\u00dcr\u00fcn Ad\u0131:<\/strong> BT RRE160 Plate<br data-start=\"374\" data-end=\"377\" \/><strong data-start=\"377\" data-end=\"392\">Par\u00e7a Kodu:<\/strong> 253480<br data-start=\"399\" data-end=\"402\" \/><strong data-start=\"402\" data-end=\"414\">Malzeme:<\/strong> Y\u00fcksek dayan\u0131ml\u0131 metal<br data-start=\"437\" data-end=\"440\" \/><strong data-start=\"440\" data-end=\"459\">Kullan\u0131m Alan\u0131:<\/strong> Forklift hortum makara sistemleri<br data-start=\"493\" data-end=\"496\" \/><strong data-start=\"496\" data-end=\"508\">Avantaj:<\/strong> Dayan\u0131kl\u0131 yap\u0131, kolay montaj, uzun \u00f6m\u00fcr<\/p>\n<p data-start=\"552\" data-end=\"850\">\n","protected":false},"featured_media":15208,"template":"","meta":[],"product_brand":[],"product_cat":[251,470,518],"product_tag":[],"class_list":{"0":"post-15205","1":"product","2":"type-product","3":"status-publish","4":"has-post-thumbnail","6":"product_cat-bt","7":"product_cat-diger-yedek-parcalar","8":"product_cat-yedek-parca-bt","10":"first","11":"instock","12":"taxable","13":"shipping-taxable","14":"purchasable","15":"product-type-simple"},"_links":{"self":[{"href":"https:\/\/ceoparts.com\/tr\/wp-json\/wp\/v2\/product\/15205","targetHints":{"allow":["GET"]}}],"collection":[{"href":"https:\/\/ceoparts.com\/tr\/wp-json\/wp\/v2\/product"}],"about":[{"href":"https:\/\/ceoparts.com\/tr\/wp-json\/wp\/v2\/types\/product"}],"wp:featuredmedia":[{"embeddable":true,"href":"https:\/\/ceoparts.com\/tr\/wp-json\/wp\/v2\/media\/15208"}],"wp:attachment":[{"href":"https:\/\/ceoparts.com\/tr\/wp-json\/wp\/v2\/media?parent=15205"}],"wp:term":[{"taxonomy":"product_brand","embeddable":true,"href":"https:\/\/ceoparts.com\/tr\/wp-json\/wp\/v2\/product_brand?post=15205"},{"taxonomy":"product_cat","embeddable":true,"href":"https:\/\/ceoparts.com\/tr\/wp-json\/wp\/v2\/product_cat?post=15205"},{"taxonomy":"product_tag","embeddable":true,"href":"https:\/\/ceoparts.com\/tr\/wp-json\/wp\/v2\/product_tag?post=15205"}],"curies":[{"name":"wp","href":"https:\/\/api.w.org\/{rel}","templated":true}]}}