{"id":15209,"date":"2025-02-20T10:12:20","date_gmt":"2025-02-20T07:12:20","guid":{"rendered":"https:\/\/ceoparts.com\/?post_type=product&#038;p=15209"},"modified":"2026-05-16T16:34:19","modified_gmt":"2026-05-16T13:34:19","slug":"still-linde-ped-50014338002","status":"publish","type":"product","link":"https:\/\/ceoparts.com\/tr\/urun\/still-linde-ped-50014338002\/","title":{"rendered":"Still \/ Linde Ped &#8211; 50014338002"},"content":{"rendered":"<p>Still \/ Linde Ped &#8211; 50014338002<\/p>","protected":false},"excerpt":{"rendered":"<p data-start=\"0\" data-end=\"358\"><br data-start=\"5\" data-end=\"8\" \/>Forklift uygulamalar\u0131nda kullan\u0131lan <strong data-start=\"44\" data-end=\"65\">Still \/ Linde Ped<\/strong>, operat\u00f6r\u00fcn konforlu ve g\u00fcvenli bir \u015fekilde forklift kullan\u0131m\u0131n\u0131 desteklemek i\u00e7in tasarlanm\u0131\u015f dayan\u0131kl\u0131 bir pedal par\u00e7as\u0131d\u0131r. Y\u00fcksek kaliteli malzemesi sayesinde uzun \u00f6m\u00fcrl\u00fcd\u00fcr ve zorlu \u00e7al\u0131\u015fma ko\u015fullar\u0131na dayan\u0131kl\u0131d\u0131r. Ergonomik yap\u0131s\u0131, s\u00fcr\u00fc\u015f kontrol\u00fcn\u00fc kolayla\u015ft\u0131r\u0131r ve performans\u0131 art\u0131r\u0131r.<\/p>\n<p data-start=\"360\" data-end=\"594\"><strong data-start=\"360\" data-end=\"375\">\u00d6zellikler:<\/strong><br data-start=\"375\" data-end=\"378\" \/><strong data-start=\"378\" data-end=\"391\">\u00dcr\u00fcn Ad\u0131:<\/strong> Still \/ Linde Ped<br data-start=\"409\" data-end=\"412\" \/><strong data-start=\"412\" data-end=\"427\">Par\u00e7a Kodu:<\/strong> 50014338002<br data-start=\"439\" data-end=\"442\" \/><strong data-start=\"442\" data-end=\"454\">Malzeme:<\/strong> Dayan\u0131kl\u0131 metal ve kau\u00e7uk<br data-start=\"480\" data-end=\"483\" \/><strong data-start=\"483\" data-end=\"502\">Kullan\u0131m Alan\u0131:<\/strong> Forklift operat\u00f6r pedallar\u0131<br data-start=\"530\" data-end=\"533\" \/><strong data-start=\"533\" data-end=\"545\">Avantaj:<\/strong> Uzun \u00f6m\u00fcrl\u00fc, ergonomik tasar\u0131m, dayan\u0131kl\u0131 yap\u0131<\/p>\n<p data-start=\"596\" data-end=\"929\">EXU-SF 20<br \/>\nEXD 20<br \/>\nEXV 14-16-20<\/p>\n","protected":false},"featured_media":15212,"template":"","meta":[],"product_brand":[],"product_cat":[241,246,472,523,524],"product_tag":[],"class_list":{"0":"post-15209","1":"product","2":"type-product","3":"status-publish","4":"has-post-thumbnail","6":"product_cat-still","7":"product_cat-linde","8":"product_cat-kaporta-aksami","9":"product_cat-yedek-parca-linde","10":"product_cat-yedek-parca-still","12":"first","13":"instock","14":"taxable","15":"shipping-taxable","16":"purchasable","17":"product-type-simple"},"_links":{"self":[{"href":"https:\/\/ceoparts.com\/tr\/wp-json\/wp\/v2\/product\/15209","targetHints":{"allow":["GET"]}}],"collection":[{"href":"https:\/\/ceoparts.com\/tr\/wp-json\/wp\/v2\/product"}],"about":[{"href":"https:\/\/ceoparts.com\/tr\/wp-json\/wp\/v2\/types\/product"}],"wp:featuredmedia":[{"embeddable":true,"href":"https:\/\/ceoparts.com\/tr\/wp-json\/wp\/v2\/media\/15212"}],"wp:attachment":[{"href":"https:\/\/ceoparts.com\/tr\/wp-json\/wp\/v2\/media?parent=15209"}],"wp:term":[{"taxonomy":"product_brand","embeddable":true,"href":"https:\/\/ceoparts.com\/tr\/wp-json\/wp\/v2\/product_brand?post=15209"},{"taxonomy":"product_cat","embeddable":true,"href":"https:\/\/ceoparts.com\/tr\/wp-json\/wp\/v2\/product_cat?post=15209"},{"taxonomy":"product_tag","embeddable":true,"href":"https:\/\/ceoparts.com\/tr\/wp-json\/wp\/v2\/product_tag?post=15209"}],"curies":[{"name":"wp","href":"https:\/\/api.w.org\/{rel}","templated":true}]}}