{"id":15214,"date":"2025-02-20T10:42:13","date_gmt":"2025-02-20T07:42:13","guid":{"rendered":"https:\/\/ceoparts.com\/?post_type=product&#038;p=15214"},"modified":"2026-05-16T15:35:32","modified_gmt":"2026-05-16T12:35:32","slug":"jungheinrich-aku-kilit-tutamagi-efg-51095569","status":"publish","type":"product","link":"https:\/\/ceoparts.com\/tr\/urun\/jungheinrich-aku-kilit-tutamagi-efg-51095569\/","title":{"rendered":"Jungheinrich Ak\u00fc Kilit Tutama\u011f\u0131 EFG &#8211; 51095569"},"content":{"rendered":"<p>Jungheinrich Ak\u00fc Kilit Tutama\u011f\u0131 EFG &#8211; 51095569<\/p>","protected":false},"excerpt":{"rendered":"<p data-start=\"0\" data-end=\"339\"><br data-start=\"5\" data-end=\"8\" \/>Forklift uygulamalar\u0131nda kullan\u0131lan <strong data-start=\"44\" data-end=\"83\">Jungheinrich Ak\u00fc Kilit Tutama\u011f\u0131 EFG<\/strong>, forklift ak\u00fc b\u00f6lmesinin g\u00fcvenli ve sa\u011flam \u015fekilde kapat\u0131lmas\u0131n\u0131 sa\u011flar. Dayan\u0131kl\u0131 ve ergonomik yap\u0131s\u0131 sayesinde ak\u00fc kapa\u011f\u0131n\u0131n kolayca a\u00e7\u0131l\u0131p kapanmas\u0131na yard\u0131mc\u0131 olur. Zorlu \u00e7al\u0131\u015fma ortamlar\u0131na ve a\u015f\u0131nmalara kar\u015f\u0131 diren\u00e7lidir, uzun \u00f6m\u00fcrl\u00fc kullan\u0131m sunar.<\/p>\n<p data-start=\"341\" data-end=\"607\"><strong data-start=\"341\" data-end=\"356\">\u00d6zellikler:<\/strong><br data-start=\"356\" data-end=\"359\" \/><strong data-start=\"359\" data-end=\"372\">\u00dcr\u00fcn Ad\u0131:<\/strong> Jungheinrich Ak\u00fc Kilit Tutama\u011f\u0131 EFG<br data-start=\"408\" data-end=\"411\" \/><strong data-start=\"411\" data-end=\"426\">Par\u00e7a Kodu:<\/strong> 51095569<br data-start=\"435\" data-end=\"438\" \/><strong data-start=\"438\" data-end=\"450\">Malzeme:<\/strong> Y\u00fcksek mukavemetli plastik ve metal<br data-start=\"486\" data-end=\"489\" \/><strong data-start=\"489\" data-end=\"508\">Kullan\u0131m Alan\u0131:<\/strong> Forklift ak\u00fc b\u00f6lmesi kilit sistemleri<br data-start=\"546\" data-end=\"549\" \/><strong data-start=\"549\" data-end=\"561\">Avantaj:<\/strong> G\u00fcvenli kullan\u0131m, sa\u011flam yap\u0131, kolay montaj<\/p>\n<p data-start=\"609\" data-end=\"938\">\n","protected":false},"featured_media":15216,"template":"","meta":[],"product_brand":[],"product_cat":[236,443,522],"product_tag":[],"class_list":{"0":"post-15214","1":"product","2":"type-product","3":"status-publish","4":"has-post-thumbnail","6":"product_cat-jungheinrich","7":"product_cat-aku-parcalari","8":"product_cat-yedek-parca-jungheinrich","10":"first","11":"instock","12":"taxable","13":"shipping-taxable","14":"purchasable","15":"product-type-simple"},"_links":{"self":[{"href":"https:\/\/ceoparts.com\/tr\/wp-json\/wp\/v2\/product\/15214","targetHints":{"allow":["GET"]}}],"collection":[{"href":"https:\/\/ceoparts.com\/tr\/wp-json\/wp\/v2\/product"}],"about":[{"href":"https:\/\/ceoparts.com\/tr\/wp-json\/wp\/v2\/types\/product"}],"wp:featuredmedia":[{"embeddable":true,"href":"https:\/\/ceoparts.com\/tr\/wp-json\/wp\/v2\/media\/15216"}],"wp:attachment":[{"href":"https:\/\/ceoparts.com\/tr\/wp-json\/wp\/v2\/media?parent=15214"}],"wp:term":[{"taxonomy":"product_brand","embeddable":true,"href":"https:\/\/ceoparts.com\/tr\/wp-json\/wp\/v2\/product_brand?post=15214"},{"taxonomy":"product_cat","embeddable":true,"href":"https:\/\/ceoparts.com\/tr\/wp-json\/wp\/v2\/product_cat?post=15214"},{"taxonomy":"product_tag","embeddable":true,"href":"https:\/\/ceoparts.com\/tr\/wp-json\/wp\/v2\/product_tag?post=15214"}],"curies":[{"name":"wp","href":"https:\/\/api.w.org\/{rel}","templated":true}]}}