{"id":15231,"date":"2025-02-20T11:26:17","date_gmt":"2025-02-20T08:26:17","guid":{"rendered":"https:\/\/ceoparts.com\/?post_type=product&#038;p=15231"},"modified":"2026-05-16T11:47:24","modified_gmt":"2026-05-16T08:47:24","slug":"bt-lpe200-kapak-7530299","status":"publish","type":"product","link":"https:\/\/ceoparts.com\/tr\/urun\/bt-lpe200-kapak-7530299\/","title":{"rendered":"BT LPE200 Kapak &#8211; 7530299"},"content":{"rendered":"<p>BT LPE200 Kapak &#8211; 7530299<\/p>","protected":false},"excerpt":{"rendered":"<p data-start=\"0\" data-end=\"346\"><br data-start=\"5\" data-end=\"8\" \/>Forklift uygulamalar\u0131nda kullan\u0131lan <strong data-start=\"44\" data-end=\"63\">BT LPE200 Kapak<\/strong>, forkliftin i\u00e7 aksamlar\u0131n\u0131 toz, kir ve d\u0131\u015f etkenlerden koruyarak cihaz\u0131n daha uzun \u00f6m\u00fcrl\u00fc ve g\u00fcvenli \u00e7al\u0131\u015fmas\u0131n\u0131 sa\u011flar. Dayan\u0131kl\u0131 malzeme yap\u0131s\u0131 sayesinde darbelere ve zor \u00e7al\u0131\u015fma ko\u015fullar\u0131na kar\u015f\u0131 y\u00fcksek diren\u00e7 g\u00f6sterir. Kolay monte edilebilir ve forklift performans\u0131n\u0131 destekler.<\/p>\n<p data-start=\"348\" data-end=\"597\"><strong data-start=\"348\" data-end=\"363\">\u00d6zellikler:<\/strong><br data-start=\"363\" data-end=\"366\" \/><strong data-start=\"366\" data-end=\"379\">\u00dcr\u00fcn Ad\u0131:<\/strong> BT LPE200 Kapak<br data-start=\"395\" data-end=\"398\" \/><strong data-start=\"398\" data-end=\"413\">Par\u00e7a Kodu:<\/strong> 7530299<br data-start=\"421\" data-end=\"424\" \/><strong data-start=\"424\" data-end=\"436\">Malzeme:<\/strong> Dayan\u0131kl\u0131 plastik ve metal<br data-start=\"463\" data-end=\"466\" \/><strong data-start=\"466\" data-end=\"485\">Kullan\u0131m Alan\u0131:<\/strong> Forklift d\u0131\u015f koruma ve muhafaza sistemleri<br data-start=\"528\" data-end=\"531\" \/><strong data-start=\"531\" data-end=\"543\">Avantaj:<\/strong> Y\u00fcksek darbe direnci, \u00e7evresel koruma, kolay montaj<\/p>\n<p data-start=\"599\" data-end=\"935\">\n","protected":false},"featured_media":15233,"template":"","meta":[],"product_brand":[],"product_cat":[251,472,518],"product_tag":[],"class_list":{"0":"post-15231","1":"product","2":"type-product","3":"status-publish","4":"has-post-thumbnail","6":"product_cat-bt","7":"product_cat-kaporta-aksami","8":"product_cat-yedek-parca-bt","10":"first","11":"instock","12":"taxable","13":"shipping-taxable","14":"purchasable","15":"product-type-simple"},"_links":{"self":[{"href":"https:\/\/ceoparts.com\/tr\/wp-json\/wp\/v2\/product\/15231","targetHints":{"allow":["GET"]}}],"collection":[{"href":"https:\/\/ceoparts.com\/tr\/wp-json\/wp\/v2\/product"}],"about":[{"href":"https:\/\/ceoparts.com\/tr\/wp-json\/wp\/v2\/types\/product"}],"wp:featuredmedia":[{"embeddable":true,"href":"https:\/\/ceoparts.com\/tr\/wp-json\/wp\/v2\/media\/15233"}],"wp:attachment":[{"href":"https:\/\/ceoparts.com\/tr\/wp-json\/wp\/v2\/media?parent=15231"}],"wp:term":[{"taxonomy":"product_brand","embeddable":true,"href":"https:\/\/ceoparts.com\/tr\/wp-json\/wp\/v2\/product_brand?post=15231"},{"taxonomy":"product_cat","embeddable":true,"href":"https:\/\/ceoparts.com\/tr\/wp-json\/wp\/v2\/product_cat?post=15231"},{"taxonomy":"product_tag","embeddable":true,"href":"https:\/\/ceoparts.com\/tr\/wp-json\/wp\/v2\/product_tag?post=15231"}],"curies":[{"name":"wp","href":"https:\/\/api.w.org\/{rel}","templated":true}]}}