{"id":15245,"date":"2025-02-20T11:36:49","date_gmt":"2025-02-20T08:36:49","guid":{"rendered":"https:\/\/ceoparts.com\/?post_type=product&#038;p=15245"},"modified":"2026-05-16T21:09:30","modified_gmt":"2026-05-16T18:09:30","slug":"kontak-anahtari-702-kirmizi-3-adet-28520490","status":"publish","type":"product","link":"https:\/\/ceoparts.com\/tr\/urun\/kontak-anahtari-702-kirmizi-3-adet-28520490\/","title":{"rendered":"Kontak Anahtar\u0131 702 K\u0131rm\u0131z\u0131 3 adet &#8211; 28520490"},"content":{"rendered":"<p>Kontak Anahtar\u0131 702 K\u0131rm\u0131z\u0131 3 adet &#8211; 28520490<\/p>","protected":false},"excerpt":{"rendered":"<div class=\"product-content mb-5 text-center-mobile\">\n<p data-start=\"107\" data-end=\"477\"><br data-start=\"112\" data-end=\"115\" \/>Forklift uygulamalar\u0131nda <strong data-start=\"140\" data-end=\"171\">Kontak Anahtar\u0131 702 K\u0131rm\u0131z\u0131<\/strong>, forkliftin g\u00fcvenli \u015fekilde \u00e7al\u0131\u015ft\u0131r\u0131lmas\u0131n\u0131 ve kontrol edilmesini sa\u011flamak amac\u0131yla tasarlanm\u0131\u015ft\u0131r. Dayan\u0131kl\u0131 yap\u0131s\u0131 ve dikkat \u00e7ekici k\u0131rm\u0131z\u0131 rengi ile operat\u00f6r\u00fcn kolayca fark etmesini sa\u011flar. A\u015f\u0131nmaya ve darbelere kar\u015f\u0131 diren\u00e7lidir. Forkliftin farkl\u0131 marka ve modelleriyle uyumlu \u015fekilde kullan\u0131labilir.<\/p>\n<p data-start=\"479\" data-end=\"752\"><strong data-start=\"479\" data-end=\"494\">\u00d6zellikler:<\/strong><br data-start=\"494\" data-end=\"497\" \/><strong data-start=\"497\" data-end=\"510\">\u00dcr\u00fcn Ad\u0131:<\/strong> Kontak Anahtar\u0131 702 K\u0131rm\u0131z\u0131 3 adet<br data-start=\"545\" data-end=\"548\" \/><strong data-start=\"548\" data-end=\"563\">Par\u00e7a Kodu:<\/strong> 28520490<br data-start=\"572\" data-end=\"575\" \/><strong data-start=\"575\" data-end=\"587\">Malzeme:<\/strong> Dayan\u0131kl\u0131 plastik ve metal ala\u015f\u0131m<br data-start=\"621\" data-end=\"624\" \/><strong data-start=\"624\" data-end=\"643\">Kullan\u0131m Alan\u0131:<\/strong> Forklift kontak ve ate\u015fleme sistemleri<br data-start=\"682\" data-end=\"685\" \/><strong data-start=\"685\" data-end=\"697\">Avantaj:<\/strong> Kolay fark edilir renk, sa\u011flam yap\u0131, geni\u015f uyumluluk<\/p>\n<hr data-start=\"754\" data-end=\"757\" \/>\n<p data-start=\"759\" data-end=\"1067\">\n","protected":false},"featured_media":15246,"template":"","meta":[],"product_brand":[],"product_cat":[469],"product_tag":[],"class_list":{"0":"post-15245","1":"product","2":"type-product","3":"status-publish","4":"has-post-thumbnail","6":"product_cat-elektrik-ve-sistem-parcalari","8":"first","9":"instock","10":"taxable","11":"shipping-taxable","12":"purchasable","13":"product-type-simple"},"_links":{"self":[{"href":"https:\/\/ceoparts.com\/tr\/wp-json\/wp\/v2\/product\/15245","targetHints":{"allow":["GET"]}}],"collection":[{"href":"https:\/\/ceoparts.com\/tr\/wp-json\/wp\/v2\/product"}],"about":[{"href":"https:\/\/ceoparts.com\/tr\/wp-json\/wp\/v2\/types\/product"}],"wp:featuredmedia":[{"embeddable":true,"href":"https:\/\/ceoparts.com\/tr\/wp-json\/wp\/v2\/media\/15246"}],"wp:attachment":[{"href":"https:\/\/ceoparts.com\/tr\/wp-json\/wp\/v2\/media?parent=15245"}],"wp:term":[{"taxonomy":"product_brand","embeddable":true,"href":"https:\/\/ceoparts.com\/tr\/wp-json\/wp\/v2\/product_brand?post=15245"},{"taxonomy":"product_cat","embeddable":true,"href":"https:\/\/ceoparts.com\/tr\/wp-json\/wp\/v2\/product_cat?post=15245"},{"taxonomy":"product_tag","embeddable":true,"href":"https:\/\/ceoparts.com\/tr\/wp-json\/wp\/v2\/product_tag?post=15245"}],"curies":[{"name":"wp","href":"https:\/\/api.w.org\/{rel}","templated":true}]}}