{"id":15248,"date":"2025-02-20T11:54:05","date_gmt":"2025-02-20T08:54:05","guid":{"rendered":"https:\/\/ceoparts.com\/?post_type=product&#038;p=15248"},"modified":"2026-05-16T16:34:23","modified_gmt":"2026-05-16T13:34:23","slug":"bt-rre160-hortum-makarasi-7591889","status":"publish","type":"product","link":"https:\/\/ceoparts.com\/tr\/urun\/bt-rre160-hortum-makarasi-7591889\/","title":{"rendered":"BT RRE160 Hortum Makaras\u0131 &#8211; 7591889"},"content":{"rendered":"<p>BT RRE160 Hortum Makaras\u0131 &#8211; 7591889<\/p>","protected":false},"excerpt":{"rendered":"<p data-start=\"72\" data-end=\"450\"><strong data-start=\"72\" data-end=\"81\"><\/strong><br data-start=\"81\" data-end=\"84\" \/>Forklift uygulamalar\u0131nda <strong data-start=\"109\" data-end=\"138\">BT RRE160 Hortum Makaras\u0131<\/strong>, hidrolik hortumlar\u0131n d\u00fczenli ve g\u00fcvenli \u015fekilde hareket etmesini sa\u011flamak i\u00e7in geli\u015ftirilmi\u015ftir. Y\u00fcksek kaliteli ve sa\u011flam yap\u0131s\u0131 sayesinde hortumlar\u0131n a\u015f\u0131nmas\u0131n\u0131 ve d\u00fczensiz sarkmas\u0131n\u0131 \u00f6nleyerek, forkliftin daha verimli ve g\u00fcvenli \u00e7al\u0131\u015fmas\u0131n\u0131 destekler. Montaj\u0131 kolayd\u0131r ve uzun s\u00fcreli kullan\u0131m i\u00e7in idealdir.<\/p>\n<p data-start=\"452\" data-end=\"709\"><strong data-start=\"452\" data-end=\"467\">\u00d6zellikler:<\/strong><br data-start=\"467\" data-end=\"470\" \/><strong data-start=\"470\" data-end=\"483\">\u00dcr\u00fcn Ad\u0131:<\/strong> BT RRE160 Hortum Makaras\u0131<br data-start=\"509\" data-end=\"512\" \/><strong data-start=\"512\" data-end=\"527\">Par\u00e7a Kodu:<\/strong> 7591889<br data-start=\"535\" data-end=\"538\" \/><strong data-start=\"538\" data-end=\"550\">Malzeme:<\/strong> Y\u00fcksek mukavemetli metal<br data-start=\"575\" data-end=\"578\" \/><strong data-start=\"578\" data-end=\"597\">Kullan\u0131m Alan\u0131:<\/strong> Forklift hidrolik hortum ta\u015f\u0131ma sistemleri<br data-start=\"640\" data-end=\"643\" \/><strong data-start=\"643\" data-end=\"655\">Avantaj:<\/strong> Hortum \u00f6mr\u00fcn\u00fc uzat\u0131r, g\u00fcvenli \u00e7al\u0131\u015fma, kolay montaj<\/p>\n<p data-start=\"711\" data-end=\"1033\"><strong data-start=\"711\" data-end=\"720\"><\/p>\n","protected":false},"featured_media":15250,"template":"","meta":[],"product_brand":[],"product_cat":[251,470,518],"product_tag":[],"class_list":{"0":"post-15248","1":"product","2":"type-product","3":"status-publish","4":"has-post-thumbnail","6":"product_cat-bt","7":"product_cat-diger-yedek-parcalar","8":"product_cat-yedek-parca-bt","10":"first","11":"instock","12":"taxable","13":"shipping-taxable","14":"purchasable","15":"product-type-simple"},"_links":{"self":[{"href":"https:\/\/ceoparts.com\/tr\/wp-json\/wp\/v2\/product\/15248","targetHints":{"allow":["GET"]}}],"collection":[{"href":"https:\/\/ceoparts.com\/tr\/wp-json\/wp\/v2\/product"}],"about":[{"href":"https:\/\/ceoparts.com\/tr\/wp-json\/wp\/v2\/types\/product"}],"wp:featuredmedia":[{"embeddable":true,"href":"https:\/\/ceoparts.com\/tr\/wp-json\/wp\/v2\/media\/15250"}],"wp:attachment":[{"href":"https:\/\/ceoparts.com\/tr\/wp-json\/wp\/v2\/media?parent=15248"}],"wp:term":[{"taxonomy":"product_brand","embeddable":true,"href":"https:\/\/ceoparts.com\/tr\/wp-json\/wp\/v2\/product_brand?post=15248"},{"taxonomy":"product_cat","embeddable":true,"href":"https:\/\/ceoparts.com\/tr\/wp-json\/wp\/v2\/product_cat?post=15248"},{"taxonomy":"product_tag","embeddable":true,"href":"https:\/\/ceoparts.com\/tr\/wp-json\/wp\/v2\/product_tag?post=15248"}],"curies":[{"name":"wp","href":"https:\/\/api.w.org\/{rel}","templated":true}]}}