{"id":15265,"date":"2025-02-20T13:22:51","date_gmt":"2025-02-20T10:22:51","guid":{"rendered":"https:\/\/ceoparts.com\/?post_type=product&#038;p=15265"},"modified":"2026-05-16T20:15:24","modified_gmt":"2026-05-16T17:15:24","slug":"forklift-universal-gomme-kapi-kilidi-sag-0029302400","status":"publish","type":"product","link":"https:\/\/ceoparts.com\/tr\/urun\/forklift-universal-gomme-kapi-kilidi-sag-0029302400\/","title":{"rendered":"Forklift Universal G\u00f6mme Kap\u0131 Kilidi Sa\u011f &#8211; 0029302400"},"content":{"rendered":"<p>Forklift Universal G\u00f6mme Kap\u0131 Kilidi Sa\u011f &#8211; 0029302400<\/p>","protected":false},"excerpt":{"rendered":"<p data-start=\"190\" data-end=\"623\"><br data-start=\"195\" data-end=\"198\" \/><strong data-start=\"198\" data-end=\"255\">Forklift Universal G\u00f6mme Kap\u0131 Kilidi Sa\u011f \u2013 0029302400<\/strong>, forklift ve depo ara\u00e7lar\u0131nda <strong data-start=\"286\" data-end=\"375\">kabini g\u00fcvenli \u015fekilde kilitlemek ve s\u00fcr\u00fc\u015f esnas\u0131nda kap\u0131lar\u0131n a\u00e7\u0131k kalmas\u0131n\u0131 \u00f6nlemek<\/strong> amac\u0131yla kullan\u0131lan dayan\u0131kl\u0131 bir kilit mekanizmas\u0131d\u0131r. Sa\u011f tarafa montaj i\u00e7in uygundur. <strong data-start=\"465\" data-end=\"508\">Uzun \u00f6m\u00fcrl\u00fc ve darbelere kar\u015f\u0131 diren\u00e7li<\/strong> yap\u0131s\u0131 sayesinde yo\u011fun kullan\u0131m \u015fartlar\u0131na uygun \u015fekilde tasarlanm\u0131\u015ft\u0131r. Kolay montaj ve ergonomik kullan\u0131m sunar.<\/p>\n<p data-start=\"625\" data-end=\"836\"><strong data-start=\"625\" data-end=\"640\">\u00d6zellikler:<\/strong><br data-start=\"640\" data-end=\"643\" \/><strong>\u00dcr\u00fcn Ad\u0131:<\/strong> Forklift Universal G\u00f6mme Kap\u0131 Kilidi Sa\u011f<br data-start=\"693\" data-end=\"696\" \/><strong>Par\u00e7a Kodu:<\/strong> 0029302400<br data-start=\"718\" data-end=\"721\" \/><strong>Malzeme:<\/strong> Metal g\u00f6vde<br data-start=\"741\" data-end=\"744\" \/><strong>Kullan\u0131m Alan\u0131:<\/strong> Forklift kabin kap\u0131lar\u0131<br data-start=\"783\" data-end=\"786\" \/><strong>Avantaj:<\/strong> Y\u00fcksek dayan\u0131kl\u0131l\u0131k ve g\u00fcvenli kullan\u0131m<\/p>\n<p data-start=\"838\" data-end=\"1240\">\n","protected":false},"featured_media":15266,"template":"","meta":[],"product_brand":[],"product_cat":[470],"product_tag":[],"class_list":{"0":"post-15265","1":"product","2":"type-product","3":"status-publish","4":"has-post-thumbnail","6":"product_cat-diger-yedek-parcalar","8":"first","9":"instock","10":"taxable","11":"shipping-taxable","12":"purchasable","13":"product-type-simple"},"_links":{"self":[{"href":"https:\/\/ceoparts.com\/tr\/wp-json\/wp\/v2\/product\/15265","targetHints":{"allow":["GET"]}}],"collection":[{"href":"https:\/\/ceoparts.com\/tr\/wp-json\/wp\/v2\/product"}],"about":[{"href":"https:\/\/ceoparts.com\/tr\/wp-json\/wp\/v2\/types\/product"}],"wp:featuredmedia":[{"embeddable":true,"href":"https:\/\/ceoparts.com\/tr\/wp-json\/wp\/v2\/media\/15266"}],"wp:attachment":[{"href":"https:\/\/ceoparts.com\/tr\/wp-json\/wp\/v2\/media?parent=15265"}],"wp:term":[{"taxonomy":"product_brand","embeddable":true,"href":"https:\/\/ceoparts.com\/tr\/wp-json\/wp\/v2\/product_brand?post=15265"},{"taxonomy":"product_cat","embeddable":true,"href":"https:\/\/ceoparts.com\/tr\/wp-json\/wp\/v2\/product_cat?post=15265"},{"taxonomy":"product_tag","embeddable":true,"href":"https:\/\/ceoparts.com\/tr\/wp-json\/wp\/v2\/product_tag?post=15265"}],"curies":[{"name":"wp","href":"https:\/\/api.w.org\/{rel}","templated":true}]}}