{"id":15269,"date":"2025-02-20T13:44:49","date_gmt":"2025-02-20T10:44:49","guid":{"rendered":"https:\/\/ceoparts.com\/?post_type=product&#038;p=15269"},"modified":"2026-05-16T21:25:23","modified_gmt":"2026-05-16T18:25:23","slug":"jungheinrich-kumanda-dugme-paneli-51385595","status":"publish","type":"product","link":"https:\/\/ceoparts.com\/tr\/urun\/jungheinrich-kumanda-dugme-paneli-51385595\/","title":{"rendered":"Jungheinrich Kumanda D\u00fc\u011fme Paneli &#8211; 51385595"},"content":{"rendered":"<p>Jungheinrich Kumanda D\u00fc\u011fme Paneli &#8211; 51385595<\/p>","protected":false},"excerpt":{"rendered":"<p data-start=\"107\" data-end=\"558\"><br data-start=\"112\" data-end=\"115\" \/><strong data-start=\"115\" data-end=\"152\">Jungheinrich Kumanda D\u00fc\u011fme Paneli<\/strong>, forklift ve depo ekipmanlar\u0131nda <strong data-start=\"186\" data-end=\"259\">asans\u00f6r, e\u011fim ve fonksiyonel hareketlerin kolay ve g\u00fcvenli kontrol\u00fcn\u00fc<\/strong> sa\u011flayan \u00f6zel bir kontrol \u00fcnitesidir. Operat\u00f6r\u00fcn makine \u00fczerindeki temel fonksiyonlara h\u0131zl\u0131 \u015fekilde eri\u015fimini sa\u011flar ve <strong data-start=\"381\" data-end=\"429\">darbe, titre\u015fim ve yo\u011fun kullan\u0131ma dayan\u0131kl\u0131<\/strong> yap\u0131s\u0131 sayesinde uzun s\u00fcreli kullan\u0131m imk\u00e2n\u0131 sunar. Ergonomik tasar\u0131m\u0131 ile i\u015f g\u00fcvenli\u011fini art\u0131r\u0131r ve i\u015f s\u00fcre\u00e7lerini h\u0131zland\u0131r\u0131r.<\/p>\n<p data-start=\"560\" data-end=\"835\"><strong data-start=\"560\" data-end=\"575\">\u00d6zellikler:<\/strong><br data-start=\"575\" data-end=\"578\" \/><strong data-start=\"578\" data-end=\"591\">\u00dcr\u00fcn Ad\u0131:<\/strong> Jungheinrich Kumanda D\u00fc\u011fme Paneli<br data-start=\"625\" data-end=\"628\" \/><strong data-start=\"628\" data-end=\"643\">Par\u00e7a Kodu:<\/strong> 51385595<br data-start=\"652\" data-end=\"655\" \/><strong data-start=\"655\" data-end=\"667\">Malzeme:<\/strong> Dayan\u0131kl\u0131 plastik ve elektronik komponent<br data-start=\"709\" data-end=\"712\" \/><strong data-start=\"712\" data-end=\"731\">Kullan\u0131m Alan\u0131:<\/strong> Forklift kontrol sistemleri<br data-start=\"759\" data-end=\"762\" \/><strong data-start=\"762\" data-end=\"774\">Avantaj:<\/strong> Ergonomik tasar\u0131m, y\u00fcksek dayan\u0131kl\u0131l\u0131k ve g\u00fcvenli kullan\u0131m<\/p>\n<p data-start=\"837\" data-end=\"1235\">\n","protected":false},"featured_media":15271,"template":"","meta":[],"product_brand":[],"product_cat":[236,251,470,518,522],"product_tag":[],"class_list":{"0":"post-15269","1":"product","2":"type-product","3":"status-publish","4":"has-post-thumbnail","6":"product_cat-jungheinrich","7":"product_cat-bt","8":"product_cat-diger-yedek-parcalar","9":"product_cat-yedek-parca-bt","10":"product_cat-yedek-parca-jungheinrich","12":"first","13":"instock","14":"taxable","15":"shipping-taxable","16":"purchasable","17":"product-type-simple"},"_links":{"self":[{"href":"https:\/\/ceoparts.com\/tr\/wp-json\/wp\/v2\/product\/15269","targetHints":{"allow":["GET"]}}],"collection":[{"href":"https:\/\/ceoparts.com\/tr\/wp-json\/wp\/v2\/product"}],"about":[{"href":"https:\/\/ceoparts.com\/tr\/wp-json\/wp\/v2\/types\/product"}],"wp:featuredmedia":[{"embeddable":true,"href":"https:\/\/ceoparts.com\/tr\/wp-json\/wp\/v2\/media\/15271"}],"wp:attachment":[{"href":"https:\/\/ceoparts.com\/tr\/wp-json\/wp\/v2\/media?parent=15269"}],"wp:term":[{"taxonomy":"product_brand","embeddable":true,"href":"https:\/\/ceoparts.com\/tr\/wp-json\/wp\/v2\/product_brand?post=15269"},{"taxonomy":"product_cat","embeddable":true,"href":"https:\/\/ceoparts.com\/tr\/wp-json\/wp\/v2\/product_cat?post=15269"},{"taxonomy":"product_tag","embeddable":true,"href":"https:\/\/ceoparts.com\/tr\/wp-json\/wp\/v2\/product_tag?post=15269"}],"curies":[{"name":"wp","href":"https:\/\/api.w.org\/{rel}","templated":true}]}}