{"id":15278,"date":"2025-02-20T14:08:11","date_gmt":"2025-02-20T11:08:11","guid":{"rendered":"https:\/\/ceoparts.com\/?post_type=product&#038;p=15278"},"modified":"2026-05-16T22:38:41","modified_gmt":"2026-05-16T19:38:41","slug":"jungheinrich-amortisor-250n-51727503","status":"publish","type":"product","link":"https:\/\/ceoparts.com\/tr\/urun\/jungheinrich-amortisor-250n-51727503\/","title":{"rendered":"Jungheinrich Amortis\u00f6r 250N &#8211; 51727503"},"content":{"rendered":"<p>Jungheinrich Amortis\u00f6r 250N &#8211; 51727503<\/p>\n<p><\/p>\n<table class=\"table table-bordered\">\n<tbody>\n<tr>\n<td class=\"p-2\">Ba\u015fvuru<\/td>\n<td class=\"p-2\">gaz bas\u0131n\u00e7 yay\u0131<\/td>\n<\/tr>\n<tr>\n<td class=\"p-2\">tip gaz yay\u0131\/gaz amortis\u00f6r\u00fc<\/td>\n<td class=\"p-2\">itme tipi<\/td>\n<\/tr>\n<tr>\n<td class=\"p-2\">Emi\u015f \u00e7ubu\u011fu \u00e7ap\u0131 D1 (mm)<\/td>\n<td class=\"p-2\">10<\/td>\n<\/tr>\n<tr>\n<td class=\"p-2\">Newton (N) cinsinden kuvvet<\/td>\n<td class=\"p-2\">250.0<\/td>\n<\/tr>\n<tr>\n<td class=\"p-2\">Merkez mesafesi C1 (mm)<\/td>\n<td class=\"p-2\">270<\/td>\n<\/tr>\n<tr>\n<td class=\"p-2\">Emi\u015f \u00e7ubu\u011fu uzunlu\u011fu L1 (mm)<\/td>\n<td class=\"p-2\">65<\/td>\n<\/tr>\n<tr>\n<td class=\"p-2\">Montaj Tipi, Yan Emi\u015f \u00c7ubu\u011fu<\/td>\n<td class=\"p-2\">L tipi<\/td>\n<\/tr>\n<tr>\n<td class=\"p-2\">di\u015fli ba\u011flant\u0131 par\u00e7as\u0131 TA1a<\/td>\n<td class=\"p-2\">M10<\/td>\n<\/tr>\n<tr>\n<td class=\"p-2\">ortak top hediyesi<\/td>\n<td class=\"p-2\">HAYIR<\/td>\n<\/tr>\n<tr>\n<td class=\"p-2\">soket (a) mevcut<\/td>\n<td class=\"p-2\">HAYIR<\/td>\n<\/tr>\n<tr>\n<td class=\"p-2\">montaj tipi, silindir taraf\u0131<\/td>\n<td class=\"p-2\">D tipi<\/td>\n<\/tr>\n<tr>\n<td class=\"p-2\">Montaj par\u00e7as\u0131n\u0131n geni\u015fli\u011fi W1b (mm)<\/td>\n<td class=\"p-2\">19<\/td>\n<\/tr>\n<tr>\n<td class=\"p-2\">Montaj halkas\u0131 \u00e7ap\u0131 D3b (mm)<\/td>\n<td class=\"p-2\">8<\/td>\n<\/tr>\n<tr>\n<td class=\"p-2\">Ba\u011flant\u0131 mesafesi L4 b (mm)<\/td>\n<td class=\"p-2\">17<\/td>\n<\/tr>\n<tr>\n<td class=\"p-2\">Ba\u011flant\u0131 g\u00f6z\u00fcn\u00fcn kal\u0131nl\u0131\u011f\u0131 Tb (mm)<\/td>\n<td class=\"p-2\">12<\/td>\n<\/tr>\n<tr>\n<td class=\"p-2\">ortak top hediyesi<\/td>\n<td class=\"p-2\">HAYIR<\/td>\n<\/tr>\n<tr>\n<td class=\"p-2\">soket (b) mevcut<\/td>\n<td class=\"p-2\">HAYIR<\/td>\n<\/tr>\n<\/tbody>\n<\/table>\n<p><\/p>","protected":false},"excerpt":{"rendered":"<p data-start=\"99\" data-end=\"481\"><br data-start=\"104\" data-end=\"107\" \/><strong data-start=\"107\" data-end=\"138\">Jungheinrich Amortis\u00f6r 250N<\/strong>, forklift ve i\u015f makinelerinde <strong data-start=\"169\" data-end=\"257\">kapak, panel ve \u00e7e\u015fitli hareketli par\u00e7alar\u0131n kontroll\u00fc ve dengeli a\u00e7\u0131l\u0131p kapanmas\u0131n\u0131<\/strong> sa\u011flamak amac\u0131yla kullan\u0131l\u0131r. 250N kuvvet de\u011ferine sahip bu amortis\u00f6r, makine par\u00e7alar\u0131n\u0131n zarar g\u00f6rmesini engelleyerek <strong data-start=\"378\" data-end=\"411\">operasyon g\u00fcvenli\u011fini art\u0131r\u0131r<\/strong>. Dayan\u0131kl\u0131 yap\u0131s\u0131 ve uzun \u00f6m\u00fcrl\u00fc tasar\u0131m\u0131yla y\u00fcksek performans sunar.<\/p>\n<p data-start=\"483\" data-end=\"720\"><strong data-start=\"483\" data-end=\"498\">\u00d6zellikler:<\/strong><br data-start=\"498\" data-end=\"501\" \/><strong data-start=\"501\" data-end=\"514\">\u00dcr\u00fcn Ad\u0131:<\/strong> Jungheinrich Amortis\u00f6r 250N<br data-start=\"542\" data-end=\"545\" \/><strong data-start=\"545\" data-end=\"560\">Par\u00e7a Kodu:<\/strong> 51727503<br data-start=\"569\" data-end=\"572\" \/><strong data-start=\"572\" data-end=\"583\">Kuvvet:<\/strong> 250N<br data-start=\"588\" data-end=\"591\" \/><strong data-start=\"591\" data-end=\"610\">Kullan\u0131m Alan\u0131:<\/strong> Forklift kapaklar\u0131, panel destekleri ve hareketli par\u00e7alar<br data-start=\"669\" data-end=\"672\" \/><strong data-start=\"672\" data-end=\"684\">Avantaj:<\/strong> Dayan\u0131kl\u0131, g\u00fcvenli ve uzun \u00f6m\u00fcrl\u00fc<\/p>\n<p data-start=\"722\" data-end=\"1090\">\n","protected":false},"featured_media":15280,"template":"","meta":[],"product_brand":[],"product_cat":[236,246,497,522,523],"product_tag":[],"class_list":{"0":"post-15278","1":"product","2":"type-product","3":"status-publish","4":"has-post-thumbnail","6":"product_cat-jungheinrich","7":"product_cat-linde","8":"product_cat-amortisor-grubu","9":"product_cat-yedek-parca-jungheinrich","10":"product_cat-yedek-parca-linde","12":"first","13":"instock","14":"taxable","15":"shipping-taxable","16":"purchasable","17":"product-type-simple"},"_links":{"self":[{"href":"https:\/\/ceoparts.com\/tr\/wp-json\/wp\/v2\/product\/15278","targetHints":{"allow":["GET"]}}],"collection":[{"href":"https:\/\/ceoparts.com\/tr\/wp-json\/wp\/v2\/product"}],"about":[{"href":"https:\/\/ceoparts.com\/tr\/wp-json\/wp\/v2\/types\/product"}],"wp:featuredmedia":[{"embeddable":true,"href":"https:\/\/ceoparts.com\/tr\/wp-json\/wp\/v2\/media\/15280"}],"wp:attachment":[{"href":"https:\/\/ceoparts.com\/tr\/wp-json\/wp\/v2\/media?parent=15278"}],"wp:term":[{"taxonomy":"product_brand","embeddable":true,"href":"https:\/\/ceoparts.com\/tr\/wp-json\/wp\/v2\/product_brand?post=15278"},{"taxonomy":"product_cat","embeddable":true,"href":"https:\/\/ceoparts.com\/tr\/wp-json\/wp\/v2\/product_cat?post=15278"},{"taxonomy":"product_tag","embeddable":true,"href":"https:\/\/ceoparts.com\/tr\/wp-json\/wp\/v2\/product_tag?post=15278"}],"curies":[{"name":"wp","href":"https:\/\/api.w.org\/{rel}","templated":true}]}}