{"id":15282,"date":"2025-02-20T14:28:35","date_gmt":"2025-02-20T11:28:35","guid":{"rendered":"https:\/\/ceoparts.com\/?post_type=product&#038;p=15282"},"modified":"2026-05-16T23:46:28","modified_gmt":"2026-05-16T20:46:28","slug":"linde-tilt-part-lever-0009301825","status":"publish","type":"product","link":"https:\/\/ceoparts.com\/tr\/urun\/linde-tilt-part-lever-0009301825\/","title":{"rendered":"L\u0131nde T\u0131lt \/ Part Lever &#8211; 0009301825"},"content":{"rendered":"<p>L\u0131nde T\u0131lt \/ Part Lever &#8211; 0009301825<\/p>","protected":false},"excerpt":{"rendered":"<p data-start=\"105\" data-end=\"467\"><br data-start=\"110\" data-end=\"113\" \/><strong data-start=\"113\" data-end=\"140\">Linde Tilt \/ Part Lever<\/strong>, forkliftlerde <strong data-start=\"156\" data-end=\"228\">asans\u00f6r ve e\u011fim kontrol mekanizmas\u0131n\u0131n g\u00fcvenli ve hassas kullan\u0131m\u0131n\u0131<\/strong> sa\u011flayan kaliteli bir kumanda koludur. Operat\u00f6r\u00fcn mast\u0131 istenilen a\u00e7\u0131ya getirmesini ve y\u00fck\u00fc g\u00fcvenli \u015fekilde ta\u015f\u0131rken kontrol\u00fcn\u00fc sa\u011flamas\u0131na yard\u0131mc\u0131 olur. <strong data-start=\"384\" data-end=\"406\">A\u015f\u0131nmaya dayan\u0131kl\u0131<\/strong> yap\u0131s\u0131 ve ergonomik tasar\u0131m\u0131 ile uzun \u00f6m\u00fcrl\u00fc kullan\u0131m sunar.<\/p>\n<p data-start=\"469\" data-end=\"727\"><strong data-start=\"469\" data-end=\"484\">\u00d6zellikler:<\/strong><br data-start=\"484\" data-end=\"487\" \/><strong data-start=\"487\" data-end=\"500\">\u00dcr\u00fcn Ad\u0131:<\/strong> Linde Tilt \/ Part Lever<br data-start=\"524\" data-end=\"527\" \/><strong data-start=\"527\" data-end=\"542\">Par\u00e7a Kodu:<\/strong> 0009301825<br data-start=\"553\" data-end=\"556\" \/><strong data-start=\"556\" data-end=\"568\">Malzeme:<\/strong> Dayan\u0131kl\u0131 metal ve plastik kar\u0131\u015f\u0131m<br data-start=\"603\" data-end=\"606\" \/><strong data-start=\"606\" data-end=\"625\">Kullan\u0131m Alan\u0131:<\/strong> Forklift tilt ve mast kontrol sistemleri<br data-start=\"666\" data-end=\"669\" \/><strong data-start=\"669\" data-end=\"681\">Avantaj:<\/strong> Ergonomik tasar\u0131m, dayan\u0131kl\u0131 ve uzun \u00f6m\u00fcrl\u00fc<\/p>\n<p data-start=\"729\" data-end=\"1068\">\n","protected":false},"featured_media":15284,"template":"","meta":[],"product_brand":[],"product_cat":[246,470,523],"product_tag":[],"class_list":{"0":"post-15282","1":"product","2":"type-product","3":"status-publish","4":"has-post-thumbnail","6":"product_cat-linde","7":"product_cat-diger-yedek-parcalar","8":"product_cat-yedek-parca-linde","10":"first","11":"instock","12":"taxable","13":"shipping-taxable","14":"purchasable","15":"product-type-simple"},"_links":{"self":[{"href":"https:\/\/ceoparts.com\/tr\/wp-json\/wp\/v2\/product\/15282","targetHints":{"allow":["GET"]}}],"collection":[{"href":"https:\/\/ceoparts.com\/tr\/wp-json\/wp\/v2\/product"}],"about":[{"href":"https:\/\/ceoparts.com\/tr\/wp-json\/wp\/v2\/types\/product"}],"wp:featuredmedia":[{"embeddable":true,"href":"https:\/\/ceoparts.com\/tr\/wp-json\/wp\/v2\/media\/15284"}],"wp:attachment":[{"href":"https:\/\/ceoparts.com\/tr\/wp-json\/wp\/v2\/media?parent=15282"}],"wp:term":[{"taxonomy":"product_brand","embeddable":true,"href":"https:\/\/ceoparts.com\/tr\/wp-json\/wp\/v2\/product_brand?post=15282"},{"taxonomy":"product_cat","embeddable":true,"href":"https:\/\/ceoparts.com\/tr\/wp-json\/wp\/v2\/product_cat?post=15282"},{"taxonomy":"product_tag","embeddable":true,"href":"https:\/\/ceoparts.com\/tr\/wp-json\/wp\/v2\/product_tag?post=15282"}],"curies":[{"name":"wp","href":"https:\/\/api.w.org\/{rel}","templated":true}]}}