{"id":15286,"date":"2025-02-20T14:33:38","date_gmt":"2025-02-20T11:33:38","guid":{"rendered":"https:\/\/ceoparts.com\/?post_type=product&#038;p=15286"},"modified":"2026-05-16T22:32:09","modified_gmt":"2026-05-16T19:32:09","slug":"linde-destek-baglanti-parcasi-3875270302","status":"publish","type":"product","link":"https:\/\/ceoparts.com\/tr\/urun\/linde-destek-baglanti-parcasi-3875270302\/","title":{"rendered":"Linde Destek Ba\u011flant\u0131 Par\u00e7as\u0131 &#8211; 3875270302"},"content":{"rendered":"<p>Linde Destek Ba\u011flant\u0131 Par\u00e7as\u0131 &#8211; 3875270302<\/p>","protected":false},"excerpt":{"rendered":"<p data-start=\"206\" data-end=\"634\"><br data-start=\"211\" data-end=\"214\" \/><strong data-start=\"214\" data-end=\"247\">Linde Destek Ba\u011flant\u0131 Par\u00e7as\u0131<\/strong>, forklift ve i\u015f makinelerinde <strong data-start=\"278\" data-end=\"332\">hidrolik sistemlerin g\u00fcvenli ba\u011flant\u0131 noktalar\u0131nda<\/strong> kullan\u0131lan sa\u011flam ve kaliteli bir par\u00e7ad\u0131r. Sistemin stabil \u00e7al\u0131\u015fmas\u0131n\u0131 sa\u011flarken, hidrolik hortum ve borular\u0131n sabitlenmesini ve s\u0131zd\u0131rmaz \u015fekilde ba\u011flanmas\u0131n\u0131 destekler. Y\u00fcksek bas\u0131nca ve zorlu \u00e7al\u0131\u015fma ko\u015fullar\u0131na kar\u015f\u0131 dayan\u0131kl\u0131d\u0131r. <strong data-start=\"569\" data-end=\"634\">Forklift performans\u0131 ve g\u00fcvenli\u011fi i\u00e7in kritik bir bile\u015fendir.<\/strong><\/p>\n<p data-start=\"636\" data-end=\"892\"><strong data-start=\"636\" data-end=\"651\">\u00d6zellikler:<\/strong><br data-start=\"651\" data-end=\"654\" \/><strong data-start=\"654\" data-end=\"667\">\u00dcr\u00fcn Ad\u0131:<\/strong> Linde Destek Ba\u011flant\u0131 Par\u00e7as\u0131<br data-start=\"697\" data-end=\"700\" \/><strong data-start=\"700\" data-end=\"715\">Par\u00e7a Kodu:<\/strong> 3875270302<br data-start=\"726\" data-end=\"729\" \/><strong data-start=\"729\" data-end=\"741\">Malzeme:<\/strong> Y\u00fcksek dayan\u0131ml\u0131 metal ala\u015f\u0131m<br data-start=\"771\" data-end=\"774\" \/><strong data-start=\"774\" data-end=\"793\">Kullan\u0131m Alan\u0131:<\/strong> Forklift ve i\u015f makineleri hidrolik sistemleri<br data-start=\"839\" data-end=\"842\" \/><strong data-start=\"842\" data-end=\"854\">Avantaj:<\/strong> Dayan\u0131kl\u0131, s\u0131zd\u0131rmaz ve uzun \u00f6m\u00fcrl\u00fc<\/p>\n<p data-start=\"894\" data-end=\"1287\">\n","protected":false},"featured_media":15288,"template":"","meta":[],"product_brand":[],"product_cat":[246,470,523],"product_tag":[],"class_list":{"0":"post-15286","1":"product","2":"type-product","3":"status-publish","4":"has-post-thumbnail","6":"product_cat-linde","7":"product_cat-diger-yedek-parcalar","8":"product_cat-yedek-parca-linde","10":"first","11":"instock","12":"taxable","13":"shipping-taxable","14":"purchasable","15":"product-type-simple"},"_links":{"self":[{"href":"https:\/\/ceoparts.com\/tr\/wp-json\/wp\/v2\/product\/15286","targetHints":{"allow":["GET"]}}],"collection":[{"href":"https:\/\/ceoparts.com\/tr\/wp-json\/wp\/v2\/product"}],"about":[{"href":"https:\/\/ceoparts.com\/tr\/wp-json\/wp\/v2\/types\/product"}],"wp:featuredmedia":[{"embeddable":true,"href":"https:\/\/ceoparts.com\/tr\/wp-json\/wp\/v2\/media\/15288"}],"wp:attachment":[{"href":"https:\/\/ceoparts.com\/tr\/wp-json\/wp\/v2\/media?parent=15286"}],"wp:term":[{"taxonomy":"product_brand","embeddable":true,"href":"https:\/\/ceoparts.com\/tr\/wp-json\/wp\/v2\/product_brand?post=15286"},{"taxonomy":"product_cat","embeddable":true,"href":"https:\/\/ceoparts.com\/tr\/wp-json\/wp\/v2\/product_cat?post=15286"},{"taxonomy":"product_tag","embeddable":true,"href":"https:\/\/ceoparts.com\/tr\/wp-json\/wp\/v2\/product_tag?post=15286"}],"curies":[{"name":"wp","href":"https:\/\/api.w.org\/{rel}","templated":true}]}}