{"id":15290,"date":"2025-02-20T14:41:02","date_gmt":"2025-02-20T11:41:02","guid":{"rendered":"https:\/\/ceoparts.com\/?post_type=product&#038;p=15290"},"modified":"2026-05-16T22:38:08","modified_gmt":"2026-05-16T19:38:08","slug":"linde-destek-t-baglanti-parcasi-3925271906","status":"publish","type":"product","link":"https:\/\/ceoparts.com\/tr\/urun\/linde-destek-t-baglanti-parcasi-3925271906\/","title":{"rendered":"Linde Destek T Ba\u011flant\u0131 Par\u00e7as\u0131 &#8211; 3925271906"},"content":{"rendered":"<p>Linde Destek T Ba\u011flant\u0131 Par\u00e7as\u0131 &#8211; 3925271906<\/p>","protected":false},"excerpt":{"rendered":"<p data-start=\"46\" data-end=\"514\"><br data-start=\"51\" data-end=\"54\" \/><strong data-start=\"54\" data-end=\"89\">Linde Destek T Ba\u011flant\u0131 Par\u00e7as\u0131<\/strong>, forklift ve i\u015f makinelerinin hidrolik ve mekanik ba\u011flant\u0131 sistemlerinde kullan\u0131lan dayan\u0131kl\u0131 ve i\u015flevsel bir ba\u011flant\u0131 eleman\u0131d\u0131r. \u00d6zellikle T \u015feklindeki tasar\u0131m\u0131 ile sistem i\u00e7erisindeki hortum ve boru ba\u011flant\u0131lar\u0131n\u0131 sa\u011flam bir \u015fekilde sabitler ve s\u0131zd\u0131rmazl\u0131k sa\u011flar. Forkliftin hidrolik sistem performans\u0131n\u0131 koruyarak, ar\u0131zalar\u0131 \u00f6nlemeye yard\u0131mc\u0131 olur. Y\u00fcksek kaliteli malzemeden \u00fcretilmi\u015f olup uzun \u00f6m\u00fcrl\u00fc kullan\u0131m sunar.<\/p>\n<p data-start=\"516\" data-end=\"770\"><strong data-start=\"516\" data-end=\"531\">\u00d6zellikler:<\/strong><br data-start=\"531\" data-end=\"534\" \/><strong data-start=\"534\" data-end=\"547\">\u00dcr\u00fcn Ad\u0131:<\/strong> Linde Destek T Ba\u011flant\u0131 Par\u00e7as\u0131<br data-start=\"579\" data-end=\"582\" \/><strong data-start=\"582\" data-end=\"597\">Par\u00e7a Kodu:<\/strong> 3925271906<br data-start=\"608\" data-end=\"611\" \/><strong data-start=\"611\" data-end=\"623\">Malzeme:<\/strong> Y\u00fcksek mukavemetli metal ala\u015f\u0131m<br data-start=\"655\" data-end=\"658\" \/><strong data-start=\"658\" data-end=\"677\">Kullan\u0131m Alan\u0131:<\/strong> Hidrolik ve mekanik ba\u011flant\u0131 sistemleri<br data-start=\"717\" data-end=\"720\" \/><strong data-start=\"720\" data-end=\"732\">Avantaj:<\/strong> Dayan\u0131kl\u0131, s\u0131zd\u0131rmaz ve uzun \u00f6m\u00fcrl\u00fc<\/p>\n<p data-start=\"772\" data-end=\"1211\">\n","protected":false},"featured_media":15293,"template":"","meta":[],"product_brand":[],"product_cat":[246,470,523],"product_tag":[],"class_list":{"0":"post-15290","1":"product","2":"type-product","3":"status-publish","4":"has-post-thumbnail","6":"product_cat-linde","7":"product_cat-diger-yedek-parcalar","8":"product_cat-yedek-parca-linde","10":"first","11":"instock","12":"taxable","13":"shipping-taxable","14":"purchasable","15":"product-type-simple"},"_links":{"self":[{"href":"https:\/\/ceoparts.com\/tr\/wp-json\/wp\/v2\/product\/15290","targetHints":{"allow":["GET"]}}],"collection":[{"href":"https:\/\/ceoparts.com\/tr\/wp-json\/wp\/v2\/product"}],"about":[{"href":"https:\/\/ceoparts.com\/tr\/wp-json\/wp\/v2\/types\/product"}],"wp:featuredmedia":[{"embeddable":true,"href":"https:\/\/ceoparts.com\/tr\/wp-json\/wp\/v2\/media\/15293"}],"wp:attachment":[{"href":"https:\/\/ceoparts.com\/tr\/wp-json\/wp\/v2\/media?parent=15290"}],"wp:term":[{"taxonomy":"product_brand","embeddable":true,"href":"https:\/\/ceoparts.com\/tr\/wp-json\/wp\/v2\/product_brand?post=15290"},{"taxonomy":"product_cat","embeddable":true,"href":"https:\/\/ceoparts.com\/tr\/wp-json\/wp\/v2\/product_cat?post=15290"},{"taxonomy":"product_tag","embeddable":true,"href":"https:\/\/ceoparts.com\/tr\/wp-json\/wp\/v2\/product_tag?post=15290"}],"curies":[{"name":"wp","href":"https:\/\/api.w.org\/{rel}","templated":true}]}}