{"id":15308,"date":"2025-02-20T15:16:06","date_gmt":"2025-02-20T12:16:06","guid":{"rendered":"https:\/\/ceoparts.com\/?post_type=product&#038;p=15308"},"modified":"2026-05-16T18:58:25","modified_gmt":"2026-05-16T15:58:25","slug":"still-linde-l16-exvsf-mekanizma-baglanti-ayagi-11734511900","status":"publish","type":"product","link":"https:\/\/ceoparts.com\/tr\/urun\/still-linde-l16-exvsf-mekanizma-baglanti-ayagi-11734511900\/","title":{"rendered":"Still \/ Linde L16\/EXVSF Mekanizma Ba\u011flant\u0131 Aya\u011f\u0131 &#8211; 11734511900"},"content":{"rendered":"<p>Still \/ Linde L16\/EXVSF Mekanizma Ba\u011flant\u0131 Aya\u011f\u0131 &#8211; 11734511900<\/p>","protected":false},"excerpt":{"rendered":"<p data-start=\"64\" data-end=\"496\"><br data-start=\"69\" data-end=\"72\" \/><strong data-start=\"72\" data-end=\"124\">Still \/ Linde L16\/EXVSF Mekanizma Ba\u011flant\u0131 Aya\u011f\u0131<\/strong>, forklift ve i\u015f makinelerinin mekanizma sistemlerinde kritik ba\u011flant\u0131 par\u00e7as\u0131d\u0131r. Y\u00fcksek dayan\u0131kl\u0131l\u0131\u011fa sahip bu par\u00e7a, makinenin hareketli bile\u015fenlerini sa\u011flam \u015fekilde birle\u015ftirir ve titre\u015fimleri minimize ederek operasyon esnas\u0131nda performans ve g\u00fcvenilirlik sa\u011flar. Hassas \u00fcretim teknikleri ile tasarlanm\u0131\u015f olup, kolay montaj imkan\u0131 sunar ve uzun \u00f6m\u00fcrl\u00fc kullan\u0131m sa\u011flar.<\/p>\n<p data-start=\"498\" data-end=\"756\"><strong data-start=\"498\" data-end=\"513\">\u00d6zellikler:<\/strong><br data-start=\"513\" data-end=\"516\" \/><strong data-start=\"516\" data-end=\"530\">Uyumluluk:<\/strong> Still ve Linde L16\/EXVSF modelleri<br data-start=\"565\" data-end=\"568\" \/><strong data-start=\"568\" data-end=\"582\">Fonksiyon:<\/strong> Mekanizma ba\u011flant\u0131 aya\u011f\u0131<br data-start=\"607\" data-end=\"610\" \/><strong data-start=\"610\" data-end=\"627\">Dayan\u0131kl\u0131l\u0131k:<\/strong> Y\u00fcksek dayan\u0131kl\u0131l\u0131k ve titre\u015fim azaltma<br data-start=\"667\" data-end=\"670\" \/><strong data-start=\"670\" data-end=\"681\">Montaj:<\/strong> Kolay montaj imkan\u0131<br data-start=\"701\" data-end=\"704\" \/><strong data-start=\"704\" data-end=\"723\">Kullan\u0131m Alan\u0131:<\/strong> Forklift ve a\u011f\u0131r i\u015f makineleri<\/p>\n<p data-start=\"758\" data-end=\"1172\">\n","protected":false},"featured_media":15310,"template":"","meta":[],"product_brand":[],"product_cat":[241,246,470,523,524],"product_tag":[],"class_list":{"0":"post-15308","1":"product","2":"type-product","3":"status-publish","4":"has-post-thumbnail","6":"product_cat-still","7":"product_cat-linde","8":"product_cat-diger-yedek-parcalar","9":"product_cat-yedek-parca-linde","10":"product_cat-yedek-parca-still","12":"first","13":"instock","14":"taxable","15":"shipping-taxable","16":"purchasable","17":"product-type-simple"},"_links":{"self":[{"href":"https:\/\/ceoparts.com\/tr\/wp-json\/wp\/v2\/product\/15308","targetHints":{"allow":["GET"]}}],"collection":[{"href":"https:\/\/ceoparts.com\/tr\/wp-json\/wp\/v2\/product"}],"about":[{"href":"https:\/\/ceoparts.com\/tr\/wp-json\/wp\/v2\/types\/product"}],"wp:featuredmedia":[{"embeddable":true,"href":"https:\/\/ceoparts.com\/tr\/wp-json\/wp\/v2\/media\/15310"}],"wp:attachment":[{"href":"https:\/\/ceoparts.com\/tr\/wp-json\/wp\/v2\/media?parent=15308"}],"wp:term":[{"taxonomy":"product_brand","embeddable":true,"href":"https:\/\/ceoparts.com\/tr\/wp-json\/wp\/v2\/product_brand?post=15308"},{"taxonomy":"product_cat","embeddable":true,"href":"https:\/\/ceoparts.com\/tr\/wp-json\/wp\/v2\/product_cat?post=15308"},{"taxonomy":"product_tag","embeddable":true,"href":"https:\/\/ceoparts.com\/tr\/wp-json\/wp\/v2\/product_tag?post=15308"}],"curies":[{"name":"wp","href":"https:\/\/api.w.org\/{rel}","templated":true}]}}