{"id":15313,"date":"2025-02-20T15:28:51","date_gmt":"2025-02-20T12:28:51","guid":{"rendered":"https:\/\/ceoparts.com\/?post_type=product&#038;p=15313"},"modified":"2026-05-16T17:47:18","modified_gmt":"2026-05-16T14:47:18","slug":"linde-fan-48v-7918911710","status":"publish","type":"product","link":"https:\/\/ceoparts.com\/tr\/urun\/linde-fan-48v-7918911710\/","title":{"rendered":"Linde Fan 48V &#8211; 7918911710"},"content":{"rendered":"<p>Linde Fan 48V &#8211; 7918911710<\/p>\n<p><\/p>\n<table class=\"table table-bordered\">\n<tbody>\n<tr>\n<td class=\"p-2\">fan tipi<\/td>\n<td class=\"p-2\">eksenel fan<\/td>\n<\/tr>\n<tr>\n<td class=\"p-2\">fan\u0131n \u015fekli<\/td>\n<td class=\"p-2\">kare<\/td>\n<\/tr>\n<tr>\n<td class=\"p-2\">Uzunluk L1 (mm)<\/td>\n<td class=\"p-2\">92<\/td>\n<\/tr>\n<tr>\n<td class=\"p-2\">Y\u00fckseklik H1 (mm)<\/td>\n<td class=\"p-2\">92<\/td>\n<\/tr>\n<tr>\n<td class=\"p-2\">Geni\u015flik W1 (mm)<\/td>\n<td class=\"p-2\">38<\/td>\n<\/tr>\n<tr>\n<td class=\"p-2\">ak\u0131m t\u00fcr\u00fc<\/td>\n<td class=\"p-2\">do\u011fru ak\u0131m<\/td>\n<\/tr>\n<tr>\n<td class=\"p-2\">Nominal gerilim U1 (V)<\/td>\n<td class=\"p-2\">48<\/td>\n<\/tr>\n<tr>\n<td class=\"p-2\">En d\u00fc\u015f\u00fck voltaj U2 (V)<\/td>\n<td class=\"p-2\">33<\/td>\n<\/tr>\n<tr>\n<td class=\"p-2\">En y\u00fcksek voltaj U3 (V)<\/td>\n<td class=\"p-2\">60<\/td>\n<\/tr>\n<tr>\n<td class=\"p-2\">ak\u0131m (A)<\/td>\n<td class=\"p-2\">0,15<\/td>\n<\/tr>\n<tr>\n<td class=\"p-2\">g\u00fc\u00e7 P1 (W)<\/td>\n<td class=\"p-2\">50<\/td>\n<\/tr>\n<tr>\n<td class=\"p-2\">dakikadaki devir say\u0131s\u0131 (tr\/dak)<\/td>\n<td class=\"p-2\">6000<\/td>\n<\/tr>\n<tr>\n<td class=\"p-2\">hava y\u00f6n\u00fc<\/td>\n<td class=\"p-2\">Saat y\u00f6n\u00fcnde<\/td>\n<\/tr>\n<tr>\n<td class=\"p-2\">hava ak\u0131\u015f\u0131 (Cfm)<\/td>\n<td class=\"p-2\">76.57<\/td>\n<\/tr>\n<tr>\n<td class=\"p-2\">hava ak\u0131\u015f\u0131 (m\u00b3\/h)<\/td>\n<td class=\"p-2\">130<\/td>\n<\/tr>\n<tr>\n<td class=\"p-2\">Kablo uzunlu\u011fu L2 (mm)<\/td>\n<td class=\"p-2\">240<\/td>\n<\/tr>\n<tr>\n<td class=\"p-2\">fi\u015f mevcut<\/td>\n<td class=\"p-2\">EVET<\/td>\n<\/tr>\n<tr>\n<td class=\"p-2\">fi\u015f say\u0131s\u0131<\/td>\n<td class=\"p-2\">1<\/td>\n<\/tr>\n<tr>\n<td class=\"p-2\">temas say\u0131s\u0131<\/td>\n<td class=\"p-2\">3<\/td>\n<\/tr>\n<tr>\n<td class=\"p-2\">kablo sinyali<\/td>\n<td class=\"p-2\">darbe geni\u015flik mod\u00fclasyonu<\/td>\n<\/tr>\n<tr>\n<td class=\"p-2\">montaj deli\u011fi say\u0131s\u0131<\/td>\n<td class=\"p-2\">4<\/td>\n<\/tr>\n<tr>\n<td class=\"p-2\">Montaj deliklerinin minimum merkez mesafesi (mm)<\/td>\n<td class=\"p-2\">82.5<\/td>\n<\/tr>\n<tr>\n<td class=\"p-2\">Montaj deliklerinin maksimum merkez mesafesi (mm)<\/td>\n<td class=\"p-2\">82.5<\/td>\n<\/tr>\n<tr>\n<td class=\"p-2\">malzeme<\/td>\n<td class=\"p-2\">plastik<\/td>\n<\/tr>\n<tr>\n<td class=\"p-2\">yatak tipi<\/td>\n<td class=\"p-2\">kamp<\/td>\n<\/tr>\n<tr>\n<td class=\"p-2\">fan \u0131zgaras\u0131<\/td>\n<td class=\"p-2\">HAYIR<\/td>\n<\/tr>\n<tr>\n<td class=\"p-2\">vites say\u0131s\u0131<\/td>\n<td class=\"p-2\">1<\/td>\n<\/tr>\n<\/tbody>\n<\/table>\n<p><\/p>","protected":false},"excerpt":{"rendered":"<p data-start=\"28\" data-end=\"473\"><br data-start=\"33\" data-end=\"36\" \/><strong data-start=\"36\" data-end=\"53\">Linde Fan 48V<\/strong>, forklift ve i\u015f makinelerinde kullan\u0131lan y\u00fcksek performansl\u0131 ve dayan\u0131kl\u0131 bir so\u011futma fan\u0131d\u0131r. 48 voltluk \u00e7al\u0131\u015fma gerilimi ile motor ve elektronik bile\u015fenlerin a\u015f\u0131r\u0131 \u0131s\u0131nmas\u0131n\u0131 \u00f6nleyerek makinenin uzun \u00f6m\u00fcrl\u00fc ve verimli \u00e7al\u0131\u015fmas\u0131n\u0131 sa\u011flar. Sessiz \u00e7al\u0131\u015fma \u00f6zelli\u011fi ile operat\u00f6r konforunu art\u0131r\u0131rken, sa\u011flam yap\u0131s\u0131 zorlu \u00e7al\u0131\u015fma ko\u015fullar\u0131na kar\u015f\u0131 dayan\u0131kl\u0131l\u0131k sunar. Kolay montaj imkan\u0131 ile bak\u0131m s\u00fcre\u00e7lerini h\u0131zland\u0131r\u0131r.<\/p>\n<p data-start=\"475\" data-end=\"710\"><strong data-start=\"475\" data-end=\"490\">\u00d6zellikler:<\/strong><br data-start=\"490\" data-end=\"493\" \/><strong data-start=\"493\" data-end=\"513\">\u00c7al\u0131\u015fma Voltaj\u0131:<\/strong> 48V<br data-start=\"517\" data-end=\"520\" \/><strong data-start=\"520\" data-end=\"533\">Uygulama:<\/strong> Forklift ve i\u015f makineleri so\u011futma sistemi<br data-start=\"575\" data-end=\"578\" \/><strong data-start=\"578\" data-end=\"595\">Dayan\u0131kl\u0131l\u0131k:<\/strong> Y\u00fcksek dayan\u0131kl\u0131l\u0131k, zorlu ko\u015fullara uygun<br data-start=\"638\" data-end=\"641\" \/><strong data-start=\"641\" data-end=\"656\">Performans:<\/strong> Sessiz ve etkili so\u011futma<br data-start=\"681\" data-end=\"684\" \/><strong data-start=\"684\" data-end=\"695\">Montaj:<\/strong> Kolay montaj<\/p>\n<p>386 E12\/14\/15\/16\/18\/20<\/p>\n","protected":false},"featured_media":15315,"template":"","meta":[],"product_brand":[],"product_cat":[246,470,523],"product_tag":[],"class_list":{"0":"post-15313","1":"product","2":"type-product","3":"status-publish","4":"has-post-thumbnail","6":"product_cat-linde","7":"product_cat-diger-yedek-parcalar","8":"product_cat-yedek-parca-linde","10":"first","11":"instock","12":"taxable","13":"shipping-taxable","14":"purchasable","15":"product-type-simple"},"_links":{"self":[{"href":"https:\/\/ceoparts.com\/tr\/wp-json\/wp\/v2\/product\/15313","targetHints":{"allow":["GET"]}}],"collection":[{"href":"https:\/\/ceoparts.com\/tr\/wp-json\/wp\/v2\/product"}],"about":[{"href":"https:\/\/ceoparts.com\/tr\/wp-json\/wp\/v2\/types\/product"}],"wp:featuredmedia":[{"embeddable":true,"href":"https:\/\/ceoparts.com\/tr\/wp-json\/wp\/v2\/media\/15315"}],"wp:attachment":[{"href":"https:\/\/ceoparts.com\/tr\/wp-json\/wp\/v2\/media?parent=15313"}],"wp:term":[{"taxonomy":"product_brand","embeddable":true,"href":"https:\/\/ceoparts.com\/tr\/wp-json\/wp\/v2\/product_brand?post=15313"},{"taxonomy":"product_cat","embeddable":true,"href":"https:\/\/ceoparts.com\/tr\/wp-json\/wp\/v2\/product_cat?post=15313"},{"taxonomy":"product_tag","embeddable":true,"href":"https:\/\/ceoparts.com\/tr\/wp-json\/wp\/v2\/product_tag?post=15313"}],"curies":[{"name":"wp","href":"https:\/\/api.w.org\/{rel}","templated":true}]}}